{"id":533,"date":"2010-05-11T11:29:57","date_gmt":"2010-05-11T10:29:57","guid":{"rendered":"http:\/\/www.grupohipnosiscopcv.es\/wordpress\/?page_id=533"},"modified":"2013-08-20T23:02:03","modified_gmt":"2013-08-20T22:02:03","slug":"menarguez-rubio-encarnacion","status":"publish","type":"page","link":"https:\/\/www.grupohipnosiscopcv.es\/wordpress\/informacion-para-usuarios\/profesionales-cualificados\/menarguez-rubio-encarnacion\/","title":{"rendered":"Men\u00e1rguez Rubio, Encarnaci\u00f3n"},"content":{"rendered":"<p><strong>Titulaci\u00f3n universitaria:<\/strong><\/p>\n<p>Licenciada en Psicolog\u00eda.<\/p>\n<p><strong>Colegiado:<\/strong><\/p>\n<p>CV-08906\u00a0 Colegio Oficial de Psic\u00f3logos de la Comunidad Valenciana.<\/p>\n<p><strong>Titulaci\u00f3n o estudios de hipnosis:<\/strong><\/p>\n<p>Especialista Universitario en Hipnosis Cl\u00ednica (UNED).<\/p>\n<p><strong>Temas que trata:<\/strong><\/p>\n<p>Trastornos del \u00e1nimo, trastornos alimentarios, trastornos conductuales,\u00a0 ansiedad y miedos irracionales, problemas familiares y algunos problemas escolares.<\/p>\n<p><strong>Datos de contacto:<\/strong><\/p>\n<p>C\/ San Agantangelo n\u00ba 11. 2\u00ba . 3<\/p>\n<p>Elche &#8211; Alicante (Espa\u00f1a)<\/p>\n<p>Tel\u00e9fono\u00a0 96 663 28 69<\/p>\n<p>E-mail: <a href=\"mailto:e_menarguez@hotmail.com\">e_menarguez@hotmail.com<\/a><\/p>\n","protected":false},"excerpt":{"rendered":"<p>Titulaci\u00f3n universitaria: Licenciada en Psicolog\u00eda. Colegiado: CV-08906\u00a0 Colegio Oficial de Psic\u00f3logos de la Comunidad Valenciana. Titulaci\u00f3n o estudios de hipnosis: Especialista Universitario en Hipnosis Cl\u00ednica (UNED). Temas que trata: Trastornos del \u00e1nimo, trastornos alimentarios, trastornos conductuales,\u00a0 ansiedad y miedos irracionales, problemas familiares y algunos problemas escolares. Datos de contacto: C\/ San Agantangelo n\u00ba 11. 2\u00ba &hellip;<\/p>\n","protected":false},"author":12,"featured_media":0,"parent":38,"menu_order":82,"comment_status":"closed","ping_status":"closed","template":"","meta":{"footnotes":""},"categories":[10],"tags":[],"class_list":["post-533","page","type-page","status-publish","hentry","category-noticias"],"_links":{"self":[{"href":"https:\/\/www.grupohipnosiscopcv.es\/wordpress\/wp-json\/wp\/v2\/pages\/533","targetHints":{"allow":["GET"]}}],"collection":[{"href":"https:\/\/www.grupohipnosiscopcv.es\/wordpress\/wp-json\/wp\/v2\/pages"}],"about":[{"href":"https:\/\/www.grupohipnosiscopcv.es\/wordpress\/wp-json\/wp\/v2\/types\/page"}],"author":[{"embeddable":true,"href":"https:\/\/www.grupohipnosiscopcv.es\/wordpress\/wp-json\/wp\/v2\/users\/12"}],"replies":[{"embeddable":true,"href":"https:\/\/www.grupohipnosiscopcv.es\/wordpress\/wp-json\/wp\/v2\/comments?post=533"}],"version-history":[{"count":4,"href":"https:\/\/www.grupohipnosiscopcv.es\/wordpress\/wp-json\/wp\/v2\/pages\/533\/revisions"}],"predecessor-version":[{"id":2039,"href":"https:\/\/www.grupohipnosiscopcv.es\/wordpress\/wp-json\/wp\/v2\/pages\/533\/revisions\/2039"}],"up":[{"embeddable":true,"href":"https:\/\/www.grupohipnosiscopcv.es\/wordpress\/wp-json\/wp\/v2\/pages\/38"}],"wp:attachment":[{"href":"https:\/\/www.grupohipnosiscopcv.es\/wordpress\/wp-json\/wp\/v2\/media?parent=533"}],"wp:term":[{"taxonomy":"category","embeddable":true,"href":"https:\/\/www.grupohipnosiscopcv.es\/wordpress\/wp-json\/wp\/v2\/categories?post=533"},{"taxonomy":"post_tag","embeddable":true,"href":"https:\/\/www.grupohipnosiscopcv.es\/wordpress\/wp-json\/wp\/v2\/tags?post=533"}],"curies":[{"name":"wp","href":"https:\/\/api.w.org\/{rel}","templated":true}]}}