{"id":529,"date":"2010-05-11T10:56:52","date_gmt":"2010-05-11T09:56:52","guid":{"rendered":"http:\/\/www.grupohipnosiscopcv.es\/wordpress\/?page_id=529"},"modified":"2013-08-20T23:02:03","modified_gmt":"2013-08-20T22:02:03","slug":"echavarri-alfonso","status":"publish","type":"page","link":"https:\/\/www.grupohipnosiscopcv.es\/wordpress\/informacion-para-usuarios\/profesionales-cualificados\/echavarri-alfonso\/","title":{"rendered":"Ech\u00e1varri, Alfonso"},"content":{"rendered":"<p><strong>Titulaci\u00f3n universitaria:<\/strong><\/p>\n<p>Licenciado en Psicolog\u00eda. Licenciado en Biolog\u00eda.<\/p>\n<p><strong>Colegiado:<\/strong><\/p>\n<p>N-0960 Colegio Oficial de Psic\u00f3logos de Navarra.<\/p>\n<p><strong>Titulaci\u00f3n o estudios de hipnosis:<\/strong><\/p>\n<p>Especialista Universitario en Hipnosis Cl\u00ednica<\/p>\n<p><strong>Temas que trata:<\/strong><\/p>\n<p>Intervenci\u00f3n en crisis<\/p>\n<p><strong>Datos de contacto:<\/strong><\/p>\n<p>Calle Comunidad Canaria, 3 &#8211; 3\u00baB<\/p>\n<p>Bara\u00f1ain<\/p>\n<p>Navarra (Espa\u00f1a)<\/p>\n<p><strong>Otros datos:<\/strong><\/p>\n<p>aechavarri92@telefonica.net<\/p>\n","protected":false},"excerpt":{"rendered":"<p>Titulaci\u00f3n universitaria: Licenciado en Psicolog\u00eda. Licenciado en Biolog\u00eda. Colegiado: N-0960 Colegio Oficial de Psic\u00f3logos de Navarra. Titulaci\u00f3n o estudios de hipnosis: Especialista Universitario en Hipnosis Cl\u00ednica Temas que trata: Intervenci\u00f3n en crisis Datos de contacto: Calle Comunidad Canaria, 3 &#8211; 3\u00baB Bara\u00f1ain Navarra (Espa\u00f1a) Otros datos: aechavarri92@telefonica.net<\/p>\n","protected":false},"author":12,"featured_media":0,"parent":38,"menu_order":78,"comment_status":"closed","ping_status":"closed","template":"","meta":{"footnotes":""},"categories":[10],"tags":[],"class_list":["post-529","page","type-page","status-publish","hentry","category-noticias"],"_links":{"self":[{"href":"https:\/\/www.grupohipnosiscopcv.es\/wordpress\/wp-json\/wp\/v2\/pages\/529","targetHints":{"allow":["GET"]}}],"collection":[{"href":"https:\/\/www.grupohipnosiscopcv.es\/wordpress\/wp-json\/wp\/v2\/pages"}],"about":[{"href":"https:\/\/www.grupohipnosiscopcv.es\/wordpress\/wp-json\/wp\/v2\/types\/page"}],"author":[{"embeddable":true,"href":"https:\/\/www.grupohipnosiscopcv.es\/wordpress\/wp-json\/wp\/v2\/users\/12"}],"replies":[{"embeddable":true,"href":"https:\/\/www.grupohipnosiscopcv.es\/wordpress\/wp-json\/wp\/v2\/comments?post=529"}],"version-history":[{"count":4,"href":"https:\/\/www.grupohipnosiscopcv.es\/wordpress\/wp-json\/wp\/v2\/pages\/529\/revisions"}],"predecessor-version":[{"id":2037,"href":"https:\/\/www.grupohipnosiscopcv.es\/wordpress\/wp-json\/wp\/v2\/pages\/529\/revisions\/2037"}],"up":[{"embeddable":true,"href":"https:\/\/www.grupohipnosiscopcv.es\/wordpress\/wp-json\/wp\/v2\/pages\/38"}],"wp:attachment":[{"href":"https:\/\/www.grupohipnosiscopcv.es\/wordpress\/wp-json\/wp\/v2\/media?parent=529"}],"wp:term":[{"taxonomy":"category","embeddable":true,"href":"https:\/\/www.grupohipnosiscopcv.es\/wordpress\/wp-json\/wp\/v2\/categories?post=529"},{"taxonomy":"post_tag","embeddable":true,"href":"https:\/\/www.grupohipnosiscopcv.es\/wordpress\/wp-json\/wp\/v2\/tags?post=529"}],"curies":[{"name":"wp","href":"https:\/\/api.w.org\/{rel}","templated":true}]}}