{"id":527,"date":"2010-05-11T10:55:04","date_gmt":"2010-05-11T09:55:04","guid":{"rendered":"http:\/\/www.grupohipnosiscopcv.es\/wordpress\/?page_id=527"},"modified":"2013-08-20T23:02:02","modified_gmt":"2013-08-20T22:02:02","slug":"dominguez-martin-angel-luis","status":"publish","type":"page","link":"https:\/\/www.grupohipnosiscopcv.es\/wordpress\/informacion-para-usuarios\/profesionales-cualificados\/dominguez-martin-angel-luis\/","title":{"rendered":"Dom\u00ednguez Mart\u00edn, \u00c1ngel Luis"},"content":{"rendered":"<p><strong>Titulaci\u00f3n universitaria:<\/strong><\/p>\n<p>Licenciado en Psicolog\u00eda, Especialidad Cl\u00ednica, por la UNED.<\/p>\n<p>Master en Terapia de Conducta, programa de post-grado de la UNED.<\/p>\n<p><strong>Colegiado:<\/strong><\/p>\n<p>M-20772 Colegio Oficial de Psic\u00f3logos de Madrid.<\/p>\n<p><strong>Titulaci\u00f3n o estudios de hipnosis:<\/strong><\/p>\n<p>Curso-Seminario Pr\u00e1ctico de Hipnosis con Antonio Capafons en CEU-Madrid, 2008<\/p>\n<p>Experto en Hipnosis Cl\u00ednica por la  Sociedad Espa\u00f1ola de Medicina Psicosom\u00e1tica y Psicolog\u00eda M\u00e9dica, 2009<\/p>\n<p><strong>Temas que trata:<\/strong><\/p>\n<p>Acoso Psicol\u00f3gico en el Trabajo, Dolor cr\u00f3nico, Depresi\u00f3n, Ansiedad, Fobias, Adicciones.<\/p>\n<p><strong>Datos de contacto:<\/strong><\/p>\n<p>San Lorenzo de El Escorial &#8211; Madrid (Espa\u00f1a)<\/p>\n<p>E-mail: <a href=\"mailto:a.l.doming@cop.es\">a.l.doming@cop.es<\/a><\/p>\n<p><strong>Otros datos:<\/strong><\/p>\n<p><a href=\"http:\/\/www.aldomar.es\/\">http:\/\/www.aldomar.es<\/a><\/p>\n","protected":false},"excerpt":{"rendered":"<p>Titulaci\u00f3n universitaria: Licenciado en Psicolog\u00eda, Especialidad Cl\u00ednica, por la UNED. Master en Terapia de Conducta, programa de post-grado de la UNED. Colegiado: M-20772 Colegio Oficial de Psic\u00f3logos de Madrid. Titulaci\u00f3n o estudios de hipnosis: Curso-Seminario Pr\u00e1ctico de Hipnosis con Antonio Capafons en CEU-Madrid, 2008 Experto en Hipnosis Cl\u00ednica por la Sociedad Espa\u00f1ola de Medicina Psicosom\u00e1tica &hellip;<\/p>\n","protected":false},"author":12,"featured_media":0,"parent":38,"menu_order":75,"comment_status":"closed","ping_status":"closed","template":"","meta":{"footnotes":""},"categories":[10],"tags":[],"class_list":["post-527","page","type-page","status-publish","hentry","category-noticias"],"_links":{"self":[{"href":"https:\/\/www.grupohipnosiscopcv.es\/wordpress\/wp-json\/wp\/v2\/pages\/527","targetHints":{"allow":["GET"]}}],"collection":[{"href":"https:\/\/www.grupohipnosiscopcv.es\/wordpress\/wp-json\/wp\/v2\/pages"}],"about":[{"href":"https:\/\/www.grupohipnosiscopcv.es\/wordpress\/wp-json\/wp\/v2\/types\/page"}],"author":[{"embeddable":true,"href":"https:\/\/www.grupohipnosiscopcv.es\/wordpress\/wp-json\/wp\/v2\/users\/12"}],"replies":[{"embeddable":true,"href":"https:\/\/www.grupohipnosiscopcv.es\/wordpress\/wp-json\/wp\/v2\/comments?post=527"}],"version-history":[{"count":4,"href":"https:\/\/www.grupohipnosiscopcv.es\/wordpress\/wp-json\/wp\/v2\/pages\/527\/revisions"}],"predecessor-version":[{"id":2035,"href":"https:\/\/www.grupohipnosiscopcv.es\/wordpress\/wp-json\/wp\/v2\/pages\/527\/revisions\/2035"}],"up":[{"embeddable":true,"href":"https:\/\/www.grupohipnosiscopcv.es\/wordpress\/wp-json\/wp\/v2\/pages\/38"}],"wp:attachment":[{"href":"https:\/\/www.grupohipnosiscopcv.es\/wordpress\/wp-json\/wp\/v2\/media?parent=527"}],"wp:term":[{"taxonomy":"category","embeddable":true,"href":"https:\/\/www.grupohipnosiscopcv.es\/wordpress\/wp-json\/wp\/v2\/categories?post=527"},{"taxonomy":"post_tag","embeddable":true,"href":"https:\/\/www.grupohipnosiscopcv.es\/wordpress\/wp-json\/wp\/v2\/tags?post=527"}],"curies":[{"name":"wp","href":"https:\/\/api.w.org\/{rel}","templated":true}]}}