{"id":517,"date":"2010-05-11T10:44:48","date_gmt":"2010-05-11T09:44:48","guid":{"rendered":"http:\/\/www.grupohipnosiscopcv.es\/wordpress\/?page_id=517"},"modified":"2016-07-10T15:30:17","modified_gmt":"2016-07-10T14:30:17","slug":"capafons-bonet-antonio-vicente","status":"publish","type":"page","link":"https:\/\/www.grupohipnosiscopcv.es\/wordpress\/informacion-para-usuarios\/profesionales-cualificados\/capafons-bonet-antonio-vicente\/","title":{"rendered":"Capafons Bonet, Antonio Vicente"},"content":{"rendered":"<p><strong>Titulaci\u00f3n universitaria: <\/strong><\/p>\n<p>Licenciado en Filosof\u00eda y CC de la Educaci\u00f3n (Secci\u00f3n Psicolog\u00eda).<\/p>\n<p>Doctor en Psicolog\u00eda.<\/p>\n<p>Psic\u00f3logo Especialista en Psicolog\u00eda Cl\u00ednica.<\/p>\n<p>Catedr\u00e1tico de Universidad, Facultat de Psicologia, Universitat de Val\u00e8ncia (Espa\u00f1a).<\/p>\n<p><strong>Colegiado:<\/strong><\/p>\n<p>CV-0129\u00a0 Colegio Oficial de Psic\u00f3logos de la Comunidad Valenciana.<\/p>\n<p><strong>Titulaci\u00f3n o estudios de hipnosis: <\/strong><\/p>\n<p>Formaci\u00f3n en hipnosis en University of Connecticut (EE.UU.), estancia de un mes como profesor invitado, tutorizado por Irving Kirsch., asistencia a talleres sobre\u00a0 hipnosis Alerta (David Wark, a\u00f1o 2000), y otra estancias en Sunderland University con el Dr. Peter Hawkings, la Universidad Pan Am (Texas, EEUU) con el Dr. Etzel Carde\u00f1a, en\u00a0 la Universidad de la Habana, con la Dra. Marta Mart\u00edn, etc.<\/p>\n<p>Fellow de la Society of Clinical and Experimental Hypnosis (Fellowship\u00a0 es estatus\u00a0 que se reserva a miembros de la sociedad que han realizado contribuciones destacables a la hipnosis cl\u00ednica y\/o experimental).<\/p>\n<p>Miembro de la British Society Clinical and Academic Hypnosis, y de la <em>Society of Psychological Hypnosis <\/em>(<em>American Psychological Association<\/em>, Divisi\u00f3n 30).<\/p>\n<p>Presidente y socio fundador de la Asociaci\u00f3n para el Avance de la Hipnosis Experimental y Plicado (asociaci\u00f3n constituyente de las International Society of Hypnosis)<\/p>\n<p>Antiguo responsable y fundador del Grupo de Trabajo de Hipnosis Psicol\u00f3gica del COP-CV.<\/p>\n<p>&nbsp;<\/p>\n<p><strong>Temas que trata:<\/strong><\/p>\n<p>Investigaci\u00f3n b\u00e1sica experimental y cl\u00ednica sobre hipnosis, especialmente desde una perspectiva socio-cognitiva.<\/p>\n<p>Evaluaci\u00f3n y modificaci\u00f3n de actitudes y creencias inadecuadas hacia la hipnosis. Investigaci\u00f3n sobre la eficacia y eficiencia del Modelo de Valencia de Hipnosis Despierta.<\/p>\n<p><strong>Datos de contacto:<\/strong><\/p>\n<p>Departamento de Personalitat, Avaluaci\u00f3 i Tractaments Psicol\u00f2gics.<\/p>\n<p>Facultat de Psicolog\u00eda.<\/p>\n<p>Universitat de Val\u00e8ncia.<\/p>\n<p>Direcci\u00f3n del centro: Avgda. Blasco Ib\u00e1\u00f1ez n\u00ba 21.<\/p>\n<p>Ciudad: Valencia<\/p>\n<p>Distrito postal: 46010.\u00a0 (Espa\u00f1a)<\/p>\n<p>E-mail:\u00a0<a href=\"mailto:antonio.capafons@uv.es\"><strong> capafons@copes<\/strong><\/a><\/p>\n<p>P\u00e1gina web: http:\/\/www.uv.es\/capafons\/<\/p>\n<p>&nbsp;<\/p>\n<p>&nbsp;<\/p>\n<p><strong>Otros datos:<\/strong><\/p>\n<p>Creador del Modelo de Valencia de Hipnosis Despierta, as\u00ed como de las Escalas de Valencia de Actitudes y Creencias Hacia la hipnosis, versiones Cliente y Terapeuta.<\/p>\n","protected":false},"excerpt":{"rendered":"<p>Titulaci\u00f3n universitaria: Licenciado en Filosof\u00eda y CC de la Educaci\u00f3n (Secci\u00f3n Psicolog\u00eda). Doctor en Psicolog\u00eda. Psic\u00f3logo Especialista en Psicolog\u00eda Cl\u00ednica. Catedr\u00e1tico de Universidad, Facultat de Psicologia, Universitat de Val\u00e8ncia (Espa\u00f1a). Colegiado: CV-0129\u00a0 Colegio Oficial de Psic\u00f3logos de la Comunidad Valenciana. Titulaci\u00f3n o estudios de hipnosis: Formaci\u00f3n en hipnosis en University of Connecticut (EE.UU.), estancia de &hellip;<\/p>\n","protected":false},"author":12,"featured_media":0,"parent":38,"menu_order":61,"comment_status":"closed","ping_status":"closed","template":"","meta":{"footnotes":""},"categories":[10],"tags":[],"class_list":["post-517","page","type-page","status-publish","hentry","category-noticias"],"_links":{"self":[{"href":"https:\/\/www.grupohipnosiscopcv.es\/wordpress\/wp-json\/wp\/v2\/pages\/517","targetHints":{"allow":["GET"]}}],"collection":[{"href":"https:\/\/www.grupohipnosiscopcv.es\/wordpress\/wp-json\/wp\/v2\/pages"}],"about":[{"href":"https:\/\/www.grupohipnosiscopcv.es\/wordpress\/wp-json\/wp\/v2\/types\/page"}],"author":[{"embeddable":true,"href":"https:\/\/www.grupohipnosiscopcv.es\/wordpress\/wp-json\/wp\/v2\/users\/12"}],"replies":[{"embeddable":true,"href":"https:\/\/www.grupohipnosiscopcv.es\/wordpress\/wp-json\/wp\/v2\/comments?post=517"}],"version-history":[{"count":6,"href":"https:\/\/www.grupohipnosiscopcv.es\/wordpress\/wp-json\/wp\/v2\/pages\/517\/revisions"}],"predecessor-version":[{"id":2416,"href":"https:\/\/www.grupohipnosiscopcv.es\/wordpress\/wp-json\/wp\/v2\/pages\/517\/revisions\/2416"}],"up":[{"embeddable":true,"href":"https:\/\/www.grupohipnosiscopcv.es\/wordpress\/wp-json\/wp\/v2\/pages\/38"}],"wp:attachment":[{"href":"https:\/\/www.grupohipnosiscopcv.es\/wordpress\/wp-json\/wp\/v2\/media?parent=517"}],"wp:term":[{"taxonomy":"category","embeddable":true,"href":"https:\/\/www.grupohipnosiscopcv.es\/wordpress\/wp-json\/wp\/v2\/categories?post=517"},{"taxonomy":"post_tag","embeddable":true,"href":"https:\/\/www.grupohipnosiscopcv.es\/wordpress\/wp-json\/wp\/v2\/tags?post=517"}],"curies":[{"name":"wp","href":"https:\/\/api.w.org\/{rel}","templated":true}]}}