{"id":515,"date":"2010-05-11T10:42:28","date_gmt":"2010-05-11T09:42:28","guid":{"rendered":"http:\/\/www.grupohipnosiscopcv.es\/wordpress\/?page_id=515"},"modified":"2012-12-09T23:47:12","modified_gmt":"2012-12-09T22:47:12","slug":"cangas-diaz-adolfo-j","status":"publish","type":"page","link":"https:\/\/www.grupohipnosiscopcv.es\/wordpress\/informacion-para-usuarios\/profesionales-cualificados\/cangas-diaz-adolfo-j\/","title":{"rendered":"Cangas D\u00edaz, Adolfo J."},"content":{"rendered":"<p><strong>Titulaci\u00f3n universitaria:<\/strong><\/p>\n<p>Licenciado en Filosof\u00eda y Ciencias de la  Educaci\u00f3n (secci\u00f3n Psicolog\u00eda), 1991<\/p>\n<p>Doctor en Psicolog\u00eda (Universidad de Almer\u00eda), 1995<\/p>\n<p><strong>Colegiado:<\/strong><\/p>\n<p>AO-02423\u00a0 Colegio Oficial de Psic\u00f3logos de Andaluc\u00eda Oriental<\/p>\n<p><strong>Titulaci\u00f3n o estudios de hipnosis:<\/strong><\/p>\n<p>Universidad de Liverpool, estancia de un mes como profesor invitado, colaboraci\u00f3n con el prof. Graham Wagstaff.<\/p>\n<p><strong>Temas que trata:<\/strong><\/p>\n<p>Investigaci\u00f3n sobre caracter\u00edsticas y aplicaciones de la hipnosis y sugestionabilidad.<\/p>\n<p><strong>Datos de contacto:<\/strong><\/p>\n<p>Dpto. Personalidad, Evaluaci\u00f3n y Tratamiento Psicol\u00f3gico<\/p>\n<p>Facultad de Humanidades y CC.EE.<\/p>\n<p>04210 Almer\u00eda (Espa\u00f1a)<\/p>\n<p>Tel\u00e9fono: 950015160<\/p>\n<p>E-mail: <a href=\"mailto:ajcangas@ual.es\">ajcangas@ual.es<\/a><\/p>\n","protected":false},"excerpt":{"rendered":"<p>Titulaci\u00f3n universitaria: Licenciado en Filosof\u00eda y Ciencias de la Educaci\u00f3n (secci\u00f3n Psicolog\u00eda), 1991 Doctor en Psicolog\u00eda (Universidad de Almer\u00eda), 1995 Colegiado: AO-02423\u00a0 Colegio Oficial de Psic\u00f3logos de Andaluc\u00eda Oriental Titulaci\u00f3n o estudios de hipnosis: Universidad de Liverpool, estancia de un mes como profesor invitado, colaboraci\u00f3n con el prof. Graham Wagstaff. Temas que trata: Investigaci\u00f3n sobre &hellip;<\/p>\n","protected":false},"author":12,"featured_media":0,"parent":38,"menu_order":60,"comment_status":"closed","ping_status":"closed","template":"","meta":{"footnotes":""},"categories":[10],"tags":[],"class_list":["post-515","page","type-page","status-publish","hentry","category-noticias"],"_links":{"self":[{"href":"https:\/\/www.grupohipnosiscopcv.es\/wordpress\/wp-json\/wp\/v2\/pages\/515","targetHints":{"allow":["GET"]}}],"collection":[{"href":"https:\/\/www.grupohipnosiscopcv.es\/wordpress\/wp-json\/wp\/v2\/pages"}],"about":[{"href":"https:\/\/www.grupohipnosiscopcv.es\/wordpress\/wp-json\/wp\/v2\/types\/page"}],"author":[{"embeddable":true,"href":"https:\/\/www.grupohipnosiscopcv.es\/wordpress\/wp-json\/wp\/v2\/users\/12"}],"replies":[{"embeddable":true,"href":"https:\/\/www.grupohipnosiscopcv.es\/wordpress\/wp-json\/wp\/v2\/comments?post=515"}],"version-history":[{"count":4,"href":"https:\/\/www.grupohipnosiscopcv.es\/wordpress\/wp-json\/wp\/v2\/pages\/515\/revisions"}],"predecessor-version":[{"id":2027,"href":"https:\/\/www.grupohipnosiscopcv.es\/wordpress\/wp-json\/wp\/v2\/pages\/515\/revisions\/2027"}],"up":[{"embeddable":true,"href":"https:\/\/www.grupohipnosiscopcv.es\/wordpress\/wp-json\/wp\/v2\/pages\/38"}],"wp:attachment":[{"href":"https:\/\/www.grupohipnosiscopcv.es\/wordpress\/wp-json\/wp\/v2\/media?parent=515"}],"wp:term":[{"taxonomy":"category","embeddable":true,"href":"https:\/\/www.grupohipnosiscopcv.es\/wordpress\/wp-json\/wp\/v2\/categories?post=515"},{"taxonomy":"post_tag","embeddable":true,"href":"https:\/\/www.grupohipnosiscopcv.es\/wordpress\/wp-json\/wp\/v2\/tags?post=515"}],"curies":[{"name":"wp","href":"https:\/\/api.w.org\/{rel}","templated":true}]}}