{"id":513,"date":"2010-05-11T10:39:39","date_gmt":"2010-05-11T09:39:39","guid":{"rendered":"http:\/\/www.grupohipnosiscopcv.es\/wordpress\/?page_id=513"},"modified":"2012-12-09T23:47:12","modified_gmt":"2012-12-09T22:47:12","slug":"borraz-estruch-gemma","status":"publish","type":"page","link":"https:\/\/www.grupohipnosiscopcv.es\/wordpress\/informacion-para-usuarios\/profesionales-cualificados\/borraz-estruch-gemma\/","title":{"rendered":"Borraz Estruch, Gemma"},"content":{"rendered":"<p><strong>Titulaci\u00f3n universitaria:<\/strong><\/p>\n<p>Licenciada en Psicolog\u00eda por la  Universidad de Barcelona.<\/p>\n<p><strong>Colegiado:<\/strong><\/p>\n<p>13.666\u00a0 Colegio Oficial de Psic\u00f3logos de Catalunya<\/p>\n<p><strong>Titulaci\u00f3n o estudios de hipnosis:<\/strong><\/p>\n<p>Postgrado en Hipnosis Cl\u00ednica por la  Universidad de Barcelona.<\/p>\n<p>Cursando el \u00faltimo a\u00f1o del Master en Terapia Cognitivo-Social.<\/p>\n<p>Miembro de la Sociedad Espa\u00f1ola de Hipnosis Cl\u00ednica y Psicoterapia, asociada a la European Society of Hypnosis.<\/p>\n<p>Miembro fundador de la  Societat Catalana d&#8217;Hipnosi Cl\u00ednica i Psicoter\u00e0pia.<\/p>\n<p><strong>Datos de contacto:<\/strong><\/p>\n<p>Barcelona (Espa\u00f1a)<\/p>\n<p>Tel\u00e9fono\u00a0 619 846 555<\/p>\n<p>T\u00e0ndem Serveis Psicol\u00f2gics. Psicoterapia<\/p>\n<p>E-mail: <a href=\"mailto:gemmaborraz@tandempsicoterapia.com\">gemmaborraz@tandempsicoterapia.com<\/a><\/p>\n<p><strong>Otros datos:<\/strong><\/p>\n<p><a href=\"http:\/\/www.tandempsicoterapia.com\/\">www.tandempsicoterapia.com<\/a><\/p>\n","protected":false},"excerpt":{"rendered":"<p>Titulaci\u00f3n universitaria: Licenciada en Psicolog\u00eda por la Universidad de Barcelona. Colegiado: 13.666\u00a0 Colegio Oficial de Psic\u00f3logos de Catalunya Titulaci\u00f3n o estudios de hipnosis: Postgrado en Hipnosis Cl\u00ednica por la Universidad de Barcelona. Cursando el \u00faltimo a\u00f1o del Master en Terapia Cognitivo-Social. Miembro de la Sociedad Espa\u00f1ola de Hipnosis Cl\u00ednica y Psicoterapia, asociada a la European &hellip;<\/p>\n","protected":false},"author":12,"featured_media":0,"parent":38,"menu_order":57,"comment_status":"closed","ping_status":"closed","template":"","meta":{"footnotes":""},"categories":[10],"tags":[],"class_list":["post-513","page","type-page","status-publish","hentry","category-noticias"],"_links":{"self":[{"href":"https:\/\/www.grupohipnosiscopcv.es\/wordpress\/wp-json\/wp\/v2\/pages\/513","targetHints":{"allow":["GET"]}}],"collection":[{"href":"https:\/\/www.grupohipnosiscopcv.es\/wordpress\/wp-json\/wp\/v2\/pages"}],"about":[{"href":"https:\/\/www.grupohipnosiscopcv.es\/wordpress\/wp-json\/wp\/v2\/types\/page"}],"author":[{"embeddable":true,"href":"https:\/\/www.grupohipnosiscopcv.es\/wordpress\/wp-json\/wp\/v2\/users\/12"}],"replies":[{"embeddable":true,"href":"https:\/\/www.grupohipnosiscopcv.es\/wordpress\/wp-json\/wp\/v2\/comments?post=513"}],"version-history":[{"count":4,"href":"https:\/\/www.grupohipnosiscopcv.es\/wordpress\/wp-json\/wp\/v2\/pages\/513\/revisions"}],"predecessor-version":[{"id":2025,"href":"https:\/\/www.grupohipnosiscopcv.es\/wordpress\/wp-json\/wp\/v2\/pages\/513\/revisions\/2025"}],"up":[{"embeddable":true,"href":"https:\/\/www.grupohipnosiscopcv.es\/wordpress\/wp-json\/wp\/v2\/pages\/38"}],"wp:attachment":[{"href":"https:\/\/www.grupohipnosiscopcv.es\/wordpress\/wp-json\/wp\/v2\/media?parent=513"}],"wp:term":[{"taxonomy":"category","embeddable":true,"href":"https:\/\/www.grupohipnosiscopcv.es\/wordpress\/wp-json\/wp\/v2\/categories?post=513"},{"taxonomy":"post_tag","embeddable":true,"href":"https:\/\/www.grupohipnosiscopcv.es\/wordpress\/wp-json\/wp\/v2\/tags?post=513"}],"curies":[{"name":"wp","href":"https:\/\/api.w.org\/{rel}","templated":true}]}}