{"id":511,"date":"2010-05-11T10:36:26","date_gmt":"2010-05-11T09:36:26","guid":{"rendered":"http:\/\/www.grupohipnosiscopcv.es\/wordpress\/?page_id=511"},"modified":"2012-12-09T23:47:12","modified_gmt":"2012-12-09T22:47:12","slug":"alonso-cabrero-gema","status":"publish","type":"page","link":"https:\/\/www.grupohipnosiscopcv.es\/wordpress\/informacion-para-usuarios\/profesionales-cualificados\/alonso-cabrero-gema\/","title":{"rendered":"Alonso Cabrero, Gema"},"content":{"rendered":"<p><strong>Titulaci\u00f3n universitaria:<\/strong><\/p>\n<p>Psic\u00f3loga<\/p>\n<p><strong>Colegiado:<\/strong><\/p>\n<p>CM- 01364<\/p>\n<p><strong>Titulaci\u00f3n o estudios de hipnosis:<\/strong><\/p>\n<p>Especialista universitario en Hipnosis cl\u00ednica (UNED)<\/p>\n<p><strong>Temas que trata:<\/strong><\/p>\n<p>Adultos<\/p>\n<p><strong>Datos de contacto:<\/strong><\/p>\n<p>Datos de contacto: C\/Cipr\u00e9s i 11 \u2013 19187 Uceda \u2013 Guadalajara<\/p>\n<p>Tel\u00e9fono: 61 88 66 526 (consulta privada)<\/p>\n<p>E-mail: gemaalonsocabrero@hotmail.com<\/p>\n<p><strong>Otros datos:<\/strong><\/p>\n<p>Grupo Luria C\/Zurbaran, 14 \u2013 28010 Madrid<\/p>\n","protected":false},"excerpt":{"rendered":"<p>Titulaci\u00f3n universitaria: Psic\u00f3loga Colegiado: CM- 01364 Titulaci\u00f3n o estudios de hipnosis: Especialista universitario en Hipnosis cl\u00ednica (UNED) Temas que trata: Adultos Datos de contacto: Datos de contacto: C\/Cipr\u00e9s i 11 \u2013 19187 Uceda \u2013 Guadalajara Tel\u00e9fono: 61 88 66 526 (consulta privada) E-mail: gemaalonsocabrero@hotmail.com Otros datos: Grupo Luria C\/Zurbaran, 14 \u2013 28010 Madrid<\/p>\n","protected":false},"author":12,"featured_media":0,"parent":38,"menu_order":58,"comment_status":"closed","ping_status":"closed","template":"","meta":{"footnotes":""},"categories":[10],"tags":[],"class_list":["post-511","page","type-page","status-publish","hentry","category-noticias"],"_links":{"self":[{"href":"https:\/\/www.grupohipnosiscopcv.es\/wordpress\/wp-json\/wp\/v2\/pages\/511","targetHints":{"allow":["GET"]}}],"collection":[{"href":"https:\/\/www.grupohipnosiscopcv.es\/wordpress\/wp-json\/wp\/v2\/pages"}],"about":[{"href":"https:\/\/www.grupohipnosiscopcv.es\/wordpress\/wp-json\/wp\/v2\/types\/page"}],"author":[{"embeddable":true,"href":"https:\/\/www.grupohipnosiscopcv.es\/wordpress\/wp-json\/wp\/v2\/users\/12"}],"replies":[{"embeddable":true,"href":"https:\/\/www.grupohipnosiscopcv.es\/wordpress\/wp-json\/wp\/v2\/comments?post=511"}],"version-history":[{"count":4,"href":"https:\/\/www.grupohipnosiscopcv.es\/wordpress\/wp-json\/wp\/v2\/pages\/511\/revisions"}],"predecessor-version":[{"id":2026,"href":"https:\/\/www.grupohipnosiscopcv.es\/wordpress\/wp-json\/wp\/v2\/pages\/511\/revisions\/2026"}],"up":[{"embeddable":true,"href":"https:\/\/www.grupohipnosiscopcv.es\/wordpress\/wp-json\/wp\/v2\/pages\/38"}],"wp:attachment":[{"href":"https:\/\/www.grupohipnosiscopcv.es\/wordpress\/wp-json\/wp\/v2\/media?parent=511"}],"wp:term":[{"taxonomy":"category","embeddable":true,"href":"https:\/\/www.grupohipnosiscopcv.es\/wordpress\/wp-json\/wp\/v2\/categories?post=511"},{"taxonomy":"post_tag","embeddable":true,"href":"https:\/\/www.grupohipnosiscopcv.es\/wordpress\/wp-json\/wp\/v2\/tags?post=511"}],"curies":[{"name":"wp","href":"https:\/\/api.w.org\/{rel}","templated":true}]}}