{"id":496,"date":"2010-05-05T11:19:42","date_gmt":"2010-05-05T10:19:42","guid":{"rendered":"http:\/\/www.grupohipnosiscopcv.es\/wordpress\/?page_id=496"},"modified":"2012-12-09T23:47:11","modified_gmt":"2012-12-09T22:47:11","slug":"arcos-escribano-reyes","status":"publish","type":"page","link":"https:\/\/www.grupohipnosiscopcv.es\/wordpress\/informacion-para-usuarios\/profesionales-cualificados\/arcos-escribano-reyes\/","title":{"rendered":"Arcos Escribano, Reyes"},"content":{"rendered":"<p><strong>Titulaci\u00f3n universitaria: <\/strong><\/p>\n<p>Licenciado en Psicolog\u00eda Cl\u00ednica por la Universitat de Barcelona.<\/p>\n<p><strong>Colegiado: <\/strong><\/p>\n<p>6420 COP Catalu\u00f1a.<\/p>\n<p><strong>Titulaci\u00f3n o estudios de hipnosis: <\/strong><\/p>\n<p>Curso de Hipnosis Cl\u00ednica en el COPC, Postgrado en Hipnosis Cl\u00ednica por la Universitat de Barcelona.<\/p>\n<p><strong>Temas que trata: <\/strong><\/p>\n<p>Psicoterapia integral dirigida a adultos: trastornos afectivos y del estado de \u00e1nimo, estr\u00e9s postraum\u00e1tico, trastornos de personalidad, autoestima, crecimiento personal. Especialista en tabaquismo \u00a0con Hipnosis y Emdr.<\/p>\n<p><strong>Datos de contacto: <\/strong><\/p>\n<p>Cl\u00ednica Corach\u00e1n III e Institut Self. Tel.: 679198070.<\/p>\n<p><a href=\"http:\/\/www.institutself.com\/\" target=\"_blank\">www.institutself.com<\/a><\/p>\n<p><strong>Otros datos: <\/strong><\/p>\n<p>M\u00e1ster en Psicopatolog\u00eda Cl\u00ednica del Adulto (Universitat Aut\u00f2noma de Barcelona), EMDR Practitionner of EMDR Institute of USA, Formador en Hipnosis y Tabaquismo, e Hipnosis y Ansiedad.<\/p>\n","protected":false},"excerpt":{"rendered":"<p>Titulaci\u00f3n universitaria: Licenciado en Psicolog\u00eda Cl\u00ednica por la Universitat de Barcelona. Colegiado: 6420 COP Catalu\u00f1a. Titulaci\u00f3n o estudios de hipnosis: Curso de Hipnosis Cl\u00ednica en el COPC, Postgrado en Hipnosis Cl\u00ednica por la Universitat de Barcelona. Temas que trata: Psicoterapia integral dirigida a adultos: trastornos afectivos y del estado de \u00e1nimo, estr\u00e9s postraum\u00e1tico, trastornos de &hellip;<\/p>\n","protected":false},"author":12,"featured_media":0,"parent":38,"menu_order":48,"comment_status":"closed","ping_status":"closed","template":"","meta":{"footnotes":""},"categories":[10],"tags":[],"class_list":["post-496","page","type-page","status-publish","hentry","category-noticias"],"_links":{"self":[{"href":"https:\/\/www.grupohipnosiscopcv.es\/wordpress\/wp-json\/wp\/v2\/pages\/496","targetHints":{"allow":["GET"]}}],"collection":[{"href":"https:\/\/www.grupohipnosiscopcv.es\/wordpress\/wp-json\/wp\/v2\/pages"}],"about":[{"href":"https:\/\/www.grupohipnosiscopcv.es\/wordpress\/wp-json\/wp\/v2\/types\/page"}],"author":[{"embeddable":true,"href":"https:\/\/www.grupohipnosiscopcv.es\/wordpress\/wp-json\/wp\/v2\/users\/12"}],"replies":[{"embeddable":true,"href":"https:\/\/www.grupohipnosiscopcv.es\/wordpress\/wp-json\/wp\/v2\/comments?post=496"}],"version-history":[{"count":5,"href":"https:\/\/www.grupohipnosiscopcv.es\/wordpress\/wp-json\/wp\/v2\/pages\/496\/revisions"}],"predecessor-version":[{"id":2020,"href":"https:\/\/www.grupohipnosiscopcv.es\/wordpress\/wp-json\/wp\/v2\/pages\/496\/revisions\/2020"}],"up":[{"embeddable":true,"href":"https:\/\/www.grupohipnosiscopcv.es\/wordpress\/wp-json\/wp\/v2\/pages\/38"}],"wp:attachment":[{"href":"https:\/\/www.grupohipnosiscopcv.es\/wordpress\/wp-json\/wp\/v2\/media?parent=496"}],"wp:term":[{"taxonomy":"category","embeddable":true,"href":"https:\/\/www.grupohipnosiscopcv.es\/wordpress\/wp-json\/wp\/v2\/categories?post=496"},{"taxonomy":"post_tag","embeddable":true,"href":"https:\/\/www.grupohipnosiscopcv.es\/wordpress\/wp-json\/wp\/v2\/tags?post=496"}],"curies":[{"name":"wp","href":"https:\/\/api.w.org\/{rel}","templated":true}]}}