{"id":494,"date":"2010-05-05T11:14:23","date_gmt":"2010-05-05T10:14:23","guid":{"rendered":"http:\/\/www.grupohipnosiscopcv.es\/wordpress\/?page_id=494"},"modified":"2012-12-09T23:47:10","modified_gmt":"2012-12-09T22:47:10","slug":"alvarez-prado-arturo","status":"publish","type":"page","link":"https:\/\/www.grupohipnosiscopcv.es\/wordpress\/informacion-para-usuarios\/profesionales-cualificados\/alvarez-prado-arturo\/","title":{"rendered":"\u00c1lvarez Prado, Arturo"},"content":{"rendered":"<p><strong>Titulaci\u00f3n universitaria:<\/strong><\/p>\n<p>Licenciado en Psicolog\u00eda por la U.A.B.<\/p>\n<p>Master en Psicolog\u00eda Cl\u00ednica y Medicina Conductual por la U.A.B.<\/p>\n<p><strong>Colegiado:<\/strong><\/p>\n<p>12800\u00a0 Colegio Oficial de Psic\u00f3logos de Catalu\u00f1a<\/p>\n<p><strong>Titulaci\u00f3n o estudios de hipnosis:<\/strong><\/p>\n<p>Postgraduado en Hipnosis Cl\u00ednica por U.B.<\/p>\n<p><strong>Temas que trata:<\/strong><\/p>\n<p>Psicolog\u00eda en adultos: trastornos del estado de \u00e1nimo, trastornos sexuales.<\/p>\n<p>Terapia de pareja, bajo el modelo te\u00f3rico cognitivo-conductual.<\/p>\n<p><strong>Datos de contacto:<\/strong><\/p>\n<p>C\/ Montblanc, 6 &#8211; 8\u00ba &#8211; 3\u00aa<\/p>\n<p>08223 Terrassa &#8211; Barcelona (Espa\u00f1a)<\/p>\n<p><strong>Otros datos:<\/strong><\/p>\n<p>Tel\u00e9fono: 649 500 061<\/p>\n<p>Email: <a href=\"mailto:arturo_alvarez_prado@hotmail.com\">arturo_alvarez_prado@hotmail.com<\/a><\/p>\n","protected":false},"excerpt":{"rendered":"<p>Titulaci\u00f3n universitaria: Licenciado en Psicolog\u00eda por la U.A.B. Master en Psicolog\u00eda Cl\u00ednica y Medicina Conductual por la U.A.B. Colegiado: 12800\u00a0 Colegio Oficial de Psic\u00f3logos de Catalu\u00f1a Titulaci\u00f3n o estudios de hipnosis: Postgraduado en Hipnosis Cl\u00ednica por U.B. Temas que trata: Psicolog\u00eda en adultos: trastornos del estado de \u00e1nimo, trastornos sexuales. Terapia de pareja, bajo el &hellip;<\/p>\n","protected":false},"author":12,"featured_media":0,"parent":38,"menu_order":45,"comment_status":"closed","ping_status":"closed","template":"","meta":{"footnotes":""},"categories":[10],"tags":[],"class_list":["post-494","page","type-page","status-publish","hentry","category-noticias"],"_links":{"self":[{"href":"https:\/\/www.grupohipnosiscopcv.es\/wordpress\/wp-json\/wp\/v2\/pages\/494","targetHints":{"allow":["GET"]}}],"collection":[{"href":"https:\/\/www.grupohipnosiscopcv.es\/wordpress\/wp-json\/wp\/v2\/pages"}],"about":[{"href":"https:\/\/www.grupohipnosiscopcv.es\/wordpress\/wp-json\/wp\/v2\/types\/page"}],"author":[{"embeddable":true,"href":"https:\/\/www.grupohipnosiscopcv.es\/wordpress\/wp-json\/wp\/v2\/users\/12"}],"replies":[{"embeddable":true,"href":"https:\/\/www.grupohipnosiscopcv.es\/wordpress\/wp-json\/wp\/v2\/comments?post=494"}],"version-history":[{"count":4,"href":"https:\/\/www.grupohipnosiscopcv.es\/wordpress\/wp-json\/wp\/v2\/pages\/494\/revisions"}],"predecessor-version":[{"id":2018,"href":"https:\/\/www.grupohipnosiscopcv.es\/wordpress\/wp-json\/wp\/v2\/pages\/494\/revisions\/2018"}],"up":[{"embeddable":true,"href":"https:\/\/www.grupohipnosiscopcv.es\/wordpress\/wp-json\/wp\/v2\/pages\/38"}],"wp:attachment":[{"href":"https:\/\/www.grupohipnosiscopcv.es\/wordpress\/wp-json\/wp\/v2\/media?parent=494"}],"wp:term":[{"taxonomy":"category","embeddable":true,"href":"https:\/\/www.grupohipnosiscopcv.es\/wordpress\/wp-json\/wp\/v2\/categories?post=494"},{"taxonomy":"post_tag","embeddable":true,"href":"https:\/\/www.grupohipnosiscopcv.es\/wordpress\/wp-json\/wp\/v2\/tags?post=494"}],"curies":[{"name":"wp","href":"https:\/\/api.w.org\/{rel}","templated":true}]}}