{"id":489,"date":"2010-05-04T20:23:48","date_gmt":"2010-05-04T19:23:48","guid":{"rendered":"http:\/\/www.grupohipnosiscopcv.es\/wordpress\/?page_id=489"},"modified":"2013-08-20T23:02:04","modified_gmt":"2013-08-20T22:02:04","slug":"alarcon-aguilar-ana","status":"publish","type":"page","link":"https:\/\/www.grupohipnosiscopcv.es\/wordpress\/informacion-para-usuarios\/profesionales-cualificados\/alarcon-aguilar-ana\/","title":{"rendered":"Alarc\u00f3n Aguilar, Ana"},"content":{"rendered":"<p><strong>Titulaci\u00f3n universitaria: <\/strong><\/p>\n<p>Doctora en psicolog\u00eda por la  Universidad de Valencia<\/p>\n<p><strong>Colegiado: <\/strong><\/p>\n<p>CV-06505 Colegio Oficial de Psic\u00f3logos de la Comunidad Valenciana<\/p>\n<p><strong>Titulaci\u00f3n o estudios de hipnosis: <\/strong><\/p>\n<p>Tesis Doctoral dirigida por el Dr. Antonio Capafons \u201cAspectos cualitativos de dos m\u00e9todos activo-alerta de inducci\u00f3n hipn\u00f3tica\u201d (1998).<\/p>\n<p><strong>Temas que trata: <\/strong><\/p>\n<p>Ansiedad generalizada, trastorno obsesivo compulsivo, ataques de p\u00e1nico, fobias espec\u00edficas, fobia social, asertividad y habilidades sociales, autoestima, depresi\u00f3n, tabaquismo, obesidad, control de la ira, hiperactividad, enuresis, miedos, etc.<\/p>\n<p><strong>Datos de contacto: <\/strong><\/p>\n<p>C\/Bartolom\u00e9 Reus, n\u00ba 10, 3\u00ba izquierda<\/p>\n<p>12002 Castell\u00f3n (Espa\u00f1a)<\/p>\n<p>Tel\u00e9fono: 655 441 437<\/p>\n<p><strong>Otros datos: <\/strong><\/p>\n<p>Profesora Asociada de la Universidad Jaume I de Castell\u00f3n.<\/p>\n<p>Diversas publicaciones en revistas cient\u00edficas: International Journal of Clinical and Experimental Hypnosis;\u00a0 Psicothema; American Journal of Clinical Hypnosis; Informaci\u00f3 Psicol\u00f3gica; International Journal of Psychology and Psychological Therapy; Contemporary Hypnosis; Papeles del psic\u00f3logo.<\/p>\n<p>Coordinadora del \u201cGrupo de hipnosis psicol\u00f3gica\u201d del Colegio Oficial de Psic\u00f3logos de la Comunidad Valenciana durante el 2001.<\/p>\n<p>Miembro del equipo de investigaci\u00f3n dirigido por el Dr. Antonio Capafons. Investigaci\u00f3n subvencionada por el Ministerio de Ciencia y Tecnolog\u00eda (I+D).<\/p>\n","protected":false},"excerpt":{"rendered":"<p>Titulaci\u00f3n universitaria: Doctora en psicolog\u00eda por la Universidad de Valencia Colegiado: CV-06505 Colegio Oficial de Psic\u00f3logos de la Comunidad Valenciana Titulaci\u00f3n o estudios de hipnosis: Tesis Doctoral dirigida por el Dr. Antonio Capafons \u201cAspectos cualitativos de dos m\u00e9todos activo-alerta de inducci\u00f3n hipn\u00f3tica\u201d (1998). Temas que trata: Ansiedad generalizada, trastorno obsesivo compulsivo, ataques de p\u00e1nico, fobias &hellip;<\/p>\n","protected":false},"author":12,"featured_media":0,"parent":38,"menu_order":164,"comment_status":"closed","ping_status":"closed","template":"","meta":{"footnotes":""},"categories":[10],"tags":[],"class_list":["post-489","page","type-page","status-publish","hentry","category-noticias"],"_links":{"self":[{"href":"https:\/\/www.grupohipnosiscopcv.es\/wordpress\/wp-json\/wp\/v2\/pages\/489","targetHints":{"allow":["GET"]}}],"collection":[{"href":"https:\/\/www.grupohipnosiscopcv.es\/wordpress\/wp-json\/wp\/v2\/pages"}],"about":[{"href":"https:\/\/www.grupohipnosiscopcv.es\/wordpress\/wp-json\/wp\/v2\/types\/page"}],"author":[{"embeddable":true,"href":"https:\/\/www.grupohipnosiscopcv.es\/wordpress\/wp-json\/wp\/v2\/users\/12"}],"replies":[{"embeddable":true,"href":"https:\/\/www.grupohipnosiscopcv.es\/wordpress\/wp-json\/wp\/v2\/comments?post=489"}],"version-history":[{"count":6,"href":"https:\/\/www.grupohipnosiscopcv.es\/wordpress\/wp-json\/wp\/v2\/pages\/489\/revisions"}],"predecessor-version":[{"id":2088,"href":"https:\/\/www.grupohipnosiscopcv.es\/wordpress\/wp-json\/wp\/v2\/pages\/489\/revisions\/2088"}],"up":[{"embeddable":true,"href":"https:\/\/www.grupohipnosiscopcv.es\/wordpress\/wp-json\/wp\/v2\/pages\/38"}],"wp:attachment":[{"href":"https:\/\/www.grupohipnosiscopcv.es\/wordpress\/wp-json\/wp\/v2\/media?parent=489"}],"wp:term":[{"taxonomy":"category","embeddable":true,"href":"https:\/\/www.grupohipnosiscopcv.es\/wordpress\/wp-json\/wp\/v2\/categories?post=489"},{"taxonomy":"post_tag","embeddable":true,"href":"https:\/\/www.grupohipnosiscopcv.es\/wordpress\/wp-json\/wp\/v2\/tags?post=489"}],"curies":[{"name":"wp","href":"https:\/\/api.w.org\/{rel}","templated":true}]}}