{"id":44,"date":"2009-12-29T13:00:26","date_gmt":"2009-12-29T12:00:26","guid":{"rendered":"http:\/\/www.grupohipnosiscopcv.es\/wordpress\/?page_id=44"},"modified":"2012-01-28T20:56:45","modified_gmt":"2012-01-28T19:56:45","slug":"em-portugues","status":"publish","type":"page","link":"https:\/\/www.grupohipnosiscopcv.es\/wordpress\/em-portugues\/","title":{"rendered":"Portugu\u00eas"},"content":{"rendered":"<ul><font size=2><\/p>\n<li><a href=\"http:\/\/www.grupohipnosiscopcv.es\/wordpress\/em-portugues\/definicoes\/\" target=\"_blank\">Defini\u00e7\u00f5es de Hipnose<\/a><\/li>\n<li><a href=\"http:\/\/www.grupohipnosiscopcv.es\/wordpress\/em-portugues\/terminologia\/\" target=\"_blank\">Terminologia<\/a><\/li>\n<li><a href=\"http:\/\/www.grupohipnosiscopcv.es\/wordpress\/em-portugues\/mitos\/\" target=\"_blank\">Mitos sobre a hipnose<\/a><\/li>\n<li><a href=\"http:\/\/www.grupohipnosiscopcv.es\/wordpress\/em-portugues\/areas-de-eficacia\/\" target=\"_blank\">\u00c1reas de efic\u00e1cia da hipnose<\/a><\/li>\n<li>Profesionales cualificados<\/li>\n<li><a href=\"http:\/\/www.grupohipnosiscopcv.es\/wordpress\/em-portugues\/bibliografia\/\" target=\"_blank\">Bibliograf\u00eda<\/a><\/li>\n<li><a href=\"http:\/\/www.grupohipnosiscopcv.es\/wordpress\/em-portugues\/associacoes\/\" target=\"_blank\">Associa\u00e7\u00f5es cient\u00edficas-profissionais de hipnose<\/a><\/li>\n<li><a href=\"http:\/\/www.grupohipnosiscopcv.es\/wordpress\/em-portugues\/objetivos\/\" target=\"_blank\">Objectivos do Grupo de Trabalho de Hipnose Psicol\u00f3gica<\/a><\/li>\n<\/ul>\n<p><\/font><\/p>\n","protected":false},"excerpt":{"rendered":"<p>Defini\u00e7\u00f5es de Hipnose Terminologia Mitos sobre a hipnose \u00c1reas de efic\u00e1cia da hipnose Profesionales cualificados Bibliograf\u00eda Associa\u00e7\u00f5es cient\u00edficas-profissionais de hipnose Objectivos do Grupo de Trabalho de Hipnose Psicol\u00f3gica<\/p>\n","protected":false},"author":12,"featured_media":0,"parent":0,"menu_order":16,"comment_status":"closed","ping_status":"closed","template":"","meta":{"footnotes":""},"categories":[10],"tags":[],"class_list":["post-44","page","type-page","status-publish","hentry","category-noticias"],"_links":{"self":[{"href":"https:\/\/www.grupohipnosiscopcv.es\/wordpress\/wp-json\/wp\/v2\/pages\/44","targetHints":{"allow":["GET"]}}],"collection":[{"href":"https:\/\/www.grupohipnosiscopcv.es\/wordpress\/wp-json\/wp\/v2\/pages"}],"about":[{"href":"https:\/\/www.grupohipnosiscopcv.es\/wordpress\/wp-json\/wp\/v2\/types\/page"}],"author":[{"embeddable":true,"href":"https:\/\/www.grupohipnosiscopcv.es\/wordpress\/wp-json\/wp\/v2\/users\/12"}],"replies":[{"embeddable":true,"href":"https:\/\/www.grupohipnosiscopcv.es\/wordpress\/wp-json\/wp\/v2\/comments?post=44"}],"version-history":[{"count":6,"href":"https:\/\/www.grupohipnosiscopcv.es\/wordpress\/wp-json\/wp\/v2\/pages\/44\/revisions"}],"predecessor-version":[{"id":1516,"href":"https:\/\/www.grupohipnosiscopcv.es\/wordpress\/wp-json\/wp\/v2\/pages\/44\/revisions\/1516"}],"wp:attachment":[{"href":"https:\/\/www.grupohipnosiscopcv.es\/wordpress\/wp-json\/wp\/v2\/media?parent=44"}],"wp:term":[{"taxonomy":"category","embeddable":true,"href":"https:\/\/www.grupohipnosiscopcv.es\/wordpress\/wp-json\/wp\/v2\/categories?post=44"},{"taxonomy":"post_tag","embeddable":true,"href":"https:\/\/www.grupohipnosiscopcv.es\/wordpress\/wp-json\/wp\/v2\/tags?post=44"}],"curies":[{"name":"wp","href":"https:\/\/api.w.org\/{rel}","templated":true}]}}