{"id":41,"date":"2009-12-24T16:33:02","date_gmt":"2009-12-24T15:33:02","guid":{"rendered":"http:\/\/www.grupohipnosiscopcv.es\/wordpress\/?page_id=41"},"modified":"2013-02-19T15:55:45","modified_gmt":"2013-02-19T14:55:45","slug":"enlaces","status":"publish","type":"page","link":"https:\/\/www.grupohipnosiscopcv.es\/wordpress\/enlaces\/","title":{"rendered":"Enlaces"},"content":{"rendered":"<p>Si conoce alguna p\u00e1gina web que trate la hipnosis con seriedad, puede enviarnos el enlace (<a href=\"mailto:grupohipnosis@cop.es\">grupohipnosis@cop.es<\/a>), para incluirlo en este apartado.<\/p>\n<ul>\n<li><a href=\"http:\/\/www.aahea.net\/\" target=\"_blank\">Asociaci\u00f3n para el Avance de la Hipnosis Experimental y Aplicada<\/a><\/li>\n<li><a href=\"http:\/\/hypnos-cat.blogspot.com\/\" target=\"_blank\">Hypnos &#8211; Grup de Treball d&#8217;Hipnosi cl\u00ednica de Catalunya.<\/a><\/li>\n<li><a href=\"http:\/\/www.mentalhealthwatch.org\/\">Mental Health Watch<\/a> Informaci\u00f3n sobre terapias a evitar por la evidencia emp\u00edrica que refuta su eficacia.<\/li>\n<li><a href=\"http:\/\/www.ijceh.com\/\">International Journal of Clinical and Experimental Hypnosis<\/a> Los abstracts est\u00e1n disponibles tambi\u00e9n en castellano.<\/li>\n<li><a href=\"http:\/\/www.stopbadtherapy.com\/\">Asociaci\u00f3n S\u00edndrome de Falsos Recuerdos<\/a><\/li>\n<li><a href=\"http:\/\/groups.yahoo.com\/group\/DentalHypnosis\">Lista de hipnosis dental<\/a><\/li>\n<li><a href=\"http:\/\/kspope.com\/index.php\">Abuse, Memory, Science, Therapy, Ethics, Malpractice <\/a><\/li>\n<li><a href=\"http:\/\/www.asch.net\/\">American Society of Clinical Hypnosis<\/a><\/li>\n<li><a href=\"http:\/\/www.hipnosislaspalmas.com\/\">Grupo de Hipnosis Psicologica del COP las Palmas<\/a><\/li>\n<li><a href=\"http:\/\/www.apa.org\/divisions\/div30\/homepage.html\">Society of Psychological Hypnosis<\/a><\/li>\n<li><a href=\"http:\/\/www.bscah.com\/\">British Society of Clinical and Academic Hypnosis<\/a><\/li>\n<li><a href=\"http:\/\/www.esh-hypnosis.org\/\">European Society of Hypnosis<\/a><\/li>\n<li><a href=\"http:\/\/www.ish-hypnosis.org\/\" target=\"_blank\">International Society of Hypnosis<\/a><\/li>\n<li><a href=\"http:\/\/www.ozhypnosis.com.au\" target=\"_blank\">Australian Society of Hypnosis<\/a>.Editan el Australian Journal of Clinical and Experimental Hypnosis<\/li>\n<li><a href=\"http:\/\/www.institute-shot.com\/\">Institute for the Study of Healthcare Organizations &amp; Transactions (con p\u00e1ginas sobre hypnosis)<\/a><\/li>\n<li><a href=\"http:\/\/www.cop.es\/\">Colegio Oficial de Psic\u00f3logos<\/a><\/li>\n<li><a href=\"http:\/\/www.apa.org\/about\/division\/div30.aspx\" target=\"_blank\">American Psychological Association<\/a><\/li>\n<li><a href=\"http:\/\/www.who.int\/home-page\">World Health Organization<\/a><\/li>\n<li><a href=\"http:\/\/www.healthpsych.com\/\">Health &amp; Rehabilitation<\/a><\/li>\n<li><a href=\"http:\/\/www.uv.es\/capafons\/\">Antonio Capafons (Facultad de Psicolog\u00eda &#8211; Universidad de Valencia)<\/a><\/li>\n<li><a href=\"http:\/\/www.sociedadhipnosis.com\/\">Sociedad Catalana de Hipnosis Cl\u00ednica y Psicoterapia<\/a><\/li>\n<li><a href=\"http:\/\/nccam.nih.gov\/espanol\/internet\/\" target=\"_blank\">Diez aspectos que debe conocer al evaluar los recursos m\u00e9dicos en Internet<\/a><\/li>\n<li><a href=\"http:\/\/www.nueva.sepcys.org\/index.php?page=documentos\">La eficacia de los tratamientos psicol\u00f3gicos<\/a> Documento de la Sociedad Espa\u00f1ola para el avance de la  Psicolog\u00eda Cl\u00ednica y de la Salud. Siglo XXI.<\/li>\n<li><a href=\"http:\/\/www.hypno.co.il\/english.asp\">Israeli Society of Hypnosis<\/a><\/li>\n<li>V\u00eddeos acerca de la hipnosis y procedimientos relacionados (blog del Dr. Ra\u00fal Espert) <a href=\"http:\/\/www.dailymotion.com\/raulespert\">http:\/\/www.dailymotion.com\/raulespert<\/a><\/li>\n<li><a href=\"http:\/\/www.ibshypnosis.com\/\">IBShypnosis.com<\/a> Informaci\u00f3n y \u00faltimas investigaciones sobre la utilizaci\u00f3n de la hipnosis en el S\u00edndrome de Intestino Irritable.<\/li>\n<li><a href=\"http:\/\/www1.psychology.lu.se\/Personal\/e_cardena\/\">Etzel Carde\u00f1a (Lund University)<\/a><\/li>\n<li><a href=\"http:\/\/www.sceh.us\/\" target=\"_blank\">Society of Clinical and Experimental Hypnosis<\/a><\/li>\n<\/ul>\n","protected":false},"excerpt":{"rendered":"<p>Si conoce alguna p\u00e1gina web que trate la hipnosis con seriedad, puede enviarnos el enlace (grupohipnosis@cop.es), para incluirlo en este apartado. Asociaci\u00f3n para el Avance de la Hipnosis Experimental y Aplicada Hypnos &#8211; Grup de Treball d&#8217;Hipnosi cl\u00ednica de Catalunya. Mental Health Watch Informaci\u00f3n sobre terapias a evitar por la evidencia emp\u00edrica que refuta su &hellip;<\/p>\n","protected":false},"author":12,"featured_media":0,"parent":0,"menu_order":15,"comment_status":"closed","ping_status":"closed","template":"","meta":{"footnotes":""},"categories":[10],"tags":[],"class_list":["post-41","page","type-page","status-publish","hentry","category-noticias"],"_links":{"self":[{"href":"https:\/\/www.grupohipnosiscopcv.es\/wordpress\/wp-json\/wp\/v2\/pages\/41","targetHints":{"allow":["GET"]}}],"collection":[{"href":"https:\/\/www.grupohipnosiscopcv.es\/wordpress\/wp-json\/wp\/v2\/pages"}],"about":[{"href":"https:\/\/www.grupohipnosiscopcv.es\/wordpress\/wp-json\/wp\/v2\/types\/page"}],"author":[{"embeddable":true,"href":"https:\/\/www.grupohipnosiscopcv.es\/wordpress\/wp-json\/wp\/v2\/users\/12"}],"replies":[{"embeddable":true,"href":"https:\/\/www.grupohipnosiscopcv.es\/wordpress\/wp-json\/wp\/v2\/comments?post=41"}],"version-history":[{"count":17,"href":"https:\/\/www.grupohipnosiscopcv.es\/wordpress\/wp-json\/wp\/v2\/pages\/41\/revisions"}],"predecessor-version":[{"id":624,"href":"https:\/\/www.grupohipnosiscopcv.es\/wordpress\/wp-json\/wp\/v2\/pages\/41\/revisions\/624"}],"wp:attachment":[{"href":"https:\/\/www.grupohipnosiscopcv.es\/wordpress\/wp-json\/wp\/v2\/media?parent=41"}],"wp:term":[{"taxonomy":"category","embeddable":true,"href":"https:\/\/www.grupohipnosiscopcv.es\/wordpress\/wp-json\/wp\/v2\/categories?post=41"},{"taxonomy":"post_tag","embeddable":true,"href":"https:\/\/www.grupohipnosiscopcv.es\/wordpress\/wp-json\/wp\/v2\/tags?post=41"}],"curies":[{"name":"wp","href":"https:\/\/api.w.org\/{rel}","templated":true}]}}