{"id":40,"date":"2009-12-24T16:32:17","date_gmt":"2009-12-24T15:32:17","guid":{"rendered":"http:\/\/www.grupohipnosiscopcv.es\/wordpress\/lista-de-correo\/"},"modified":"2013-06-09T13:28:41","modified_gmt":"2013-06-09T12:28:41","slug":"lista-de-correo","status":"publish","type":"page","link":"https:\/\/www.grupohipnosiscopcv.es\/wordpress\/recursos-para-profesionales\/lista-de-correo\/","title":{"rendered":"Lista de correo"},"content":{"rendered":"<p>Desde 2011, la lista del correo del Grupo de Trabajo de Hipnosis Psicol\u00f3gica del COP-CV fue transferida a un foro alojado en los servidores de la <a href=\"http:\/\/www.aahea.net\" target=\"_blank\">Asociaci\u00f3n para el Avance de la Hipnosis Experimental y Aplicada<\/a>.&nbsp; <span><span style=\"font-family: trebuchet ms,Arial,Helvetica;\">Para mantener un nivel cient\u00edfico y profesional en ella, y para evitar el intrusismo que suele darse en la hipnosis, el grupo de trabajo de Hipnosis Psicol\u00f3gica del Colegio Oficial de Psic\u00f3logos de la Comunidad Valenciana, lleg\u00f3 a un acuerdo, seg\u00fan el cual, para poder ser admitido en la lista de hipnosis experimental y aplicada, deben reunirse los siguientes requisitos:<\/span><\/span><\/p>\n<ul>\n<li><span><span style=\"font-family: trebuchet ms,Arial,Helvetica;\"> Titulaci\u00f3n universitaria en humanidades, ciencias sociales, jur\u00eddicas o de la salud, o estar cursando el \u00faltimo a\u00f1o de tales carreras (en este caso quedar\u00e1 al juicio del moderador la admisi\u00f3n a la lista de la persona solicitante.<br \/>\n<\/span><\/span><\/li>\n<li><span><span style=\"font-family: trebuchet ms,Arial,Helvetica;\">Es aconsejable indicar un n\u00famero de colegiado o la pertenencia a alguna asociaci\u00f3n cient\u00edfico-profesional de relevancia.<\/span><\/span><\/li>\n<li><span><span style=\"font-family: trebuchet ms,Arial,Helvetica;\">Aceptar los <a href=\"http:\/\/www.grupohipnosiscopcv.es\/wordpress\/acerca-de\/objetivos\/\" target=\"_blank\">objetivos del Grupo de Trabajo<\/a>.<br \/>\n<\/span><\/span><\/li>\n<\/ul>\n<p><span><span style=\"font-family: trebuchet ms,Arial,Helvetica;\">Para solicitar formar parte de la lista, debe enviar una solicitud por correo electr\u00f3nico, postal o fax al moderador, el Dr. Antonio Capafons. Encontrar\u00e1 las instrucciones para solicitar la admisi\u00f3n en este enlace: <a href=\"http:\/\/www.aahea.net\/forum-de-hipnosis\/\" target=\"_blank\">AAHEA &#8211; Forum de Hipnosis<\/a> <\/span><\/span><\/p>\n","protected":false},"excerpt":{"rendered":"<p>Desde 2011, la lista del correo del Grupo de Trabajo de Hipnosis Psicol\u00f3gica del COP-CV fue transferida a un foro alojado en los servidores de la Asociaci\u00f3n para el Avance de la Hipnosis Experimental y Aplicada.&nbsp; Para mantener un nivel cient\u00edfico y profesional en ella, y para evitar el intrusismo que suele darse en la &hellip;<\/p>\n","protected":false},"author":12,"featured_media":0,"parent":29,"menu_order":8,"comment_status":"closed","ping_status":"closed","template":"","meta":{"footnotes":""},"categories":[10],"tags":[],"class_list":["post-40","page","type-page","status-publish","hentry","category-noticias"],"_links":{"self":[{"href":"https:\/\/www.grupohipnosiscopcv.es\/wordpress\/wp-json\/wp\/v2\/pages\/40","targetHints":{"allow":["GET"]}}],"collection":[{"href":"https:\/\/www.grupohipnosiscopcv.es\/wordpress\/wp-json\/wp\/v2\/pages"}],"about":[{"href":"https:\/\/www.grupohipnosiscopcv.es\/wordpress\/wp-json\/wp\/v2\/types\/page"}],"author":[{"embeddable":true,"href":"https:\/\/www.grupohipnosiscopcv.es\/wordpress\/wp-json\/wp\/v2\/users\/12"}],"replies":[{"embeddable":true,"href":"https:\/\/www.grupohipnosiscopcv.es\/wordpress\/wp-json\/wp\/v2\/comments?post=40"}],"version-history":[{"count":17,"href":"https:\/\/www.grupohipnosiscopcv.es\/wordpress\/wp-json\/wp\/v2\/pages\/40\/revisions"}],"predecessor-version":[{"id":118,"href":"https:\/\/www.grupohipnosiscopcv.es\/wordpress\/wp-json\/wp\/v2\/pages\/40\/revisions\/118"}],"up":[{"embeddable":true,"href":"https:\/\/www.grupohipnosiscopcv.es\/wordpress\/wp-json\/wp\/v2\/pages\/29"}],"wp:attachment":[{"href":"https:\/\/www.grupohipnosiscopcv.es\/wordpress\/wp-json\/wp\/v2\/media?parent=40"}],"wp:term":[{"taxonomy":"category","embeddable":true,"href":"https:\/\/www.grupohipnosiscopcv.es\/wordpress\/wp-json\/wp\/v2\/categories?post=40"},{"taxonomy":"post_tag","embeddable":true,"href":"https:\/\/www.grupohipnosiscopcv.es\/wordpress\/wp-json\/wp\/v2\/tags?post=40"}],"curies":[{"name":"wp","href":"https:\/\/api.w.org\/{rel}","templated":true}]}}