{"id":38,"date":"2009-12-24T16:31:10","date_gmt":"2009-12-24T15:31:10","guid":{"rendered":"http:\/\/www.grupohipnosiscopcv.es\/wordpress\/profesionales-cualificados\/"},"modified":"2016-01-26T00:27:52","modified_gmt":"2016-01-25T23:27:52","slug":"profesionales-cualificados","status":"publish","type":"page","link":"https:\/\/www.grupohipnosiscopcv.es\/wordpress\/informacion-para-usuarios\/profesionales-cualificados\/","title":{"rendered":"Profesionales cualificados"},"content":{"rendered":"<p>En este apartado se recogen los datos de los profesionales que, seg\u00fan el Grupo de Trabajo de Hipnosis Psicol\u00f3gica del Colegio Oficial de Psic\u00f3logos de la Comunidad Valenciana, est\u00e1n cualificados, por su titulaci\u00f3n, para poder aplicar la hipnosis en su \u00e1mbito profesional y que han solicitado su inclusi\u00f3n en esta relaci\u00f3n.\u00a0El hecho de que un profesional no aparezca relacionado en esta lista no implica que no est\u00e9 cualificado.<\/p>\n<p>La \u00fanica pretensi\u00f3n de esta secci\u00f3n es facilitar a quien tenga inter\u00e9s en localizar un profesional que utilice la hipnosis, en una ciudad o provincia determinada, los datos de contacto e informaci\u00f3n respecto a su cualificaci\u00f3n, teniendo en cuenta que puede haber profesionales suficientemente cualificados que no est\u00e9n incluidos en esta relaci\u00f3n por no haberlo solicitado.<\/p>\n<p><strong>El Grupo de Trabajo de Hipnosis Psicol\u00f3gica del COP-CV comprueba todos los datos de los profesionales aqu\u00ed incluidos pero NO se responsabiliza de los cambios no comunicados.<\/strong> <\/p>\n<p>Si lo desea puede <a href=\"http:\/\/www.grupohipnosiscopcv.es\/wordpress\/recursos-para-profesionales\/solicitar-inclusion\/\" target=\"_blank\">solicitar su inclusi\u00f3n en la lista<\/a>.<\/p>\n<ul>\n<li><a href=\"http:\/\/www.grupohipnosiscopcv.es\/wordpress\/?page_id=1118&amp;preview=true\" target=\"_blank\">B\u00fasqueda por provincias y ciudad<\/a><\/li>\n<li><a href=\"http:\/\/www.grupohipnosiscopcv.es\/wordpress\/?page_id=1121&amp;preview=true\" target=\"_blank\">B\u00fasqueda por especialidad<\/a><\/li>\n<li><a href=\"http:\/\/www.grupohipnosiscopcv.es\/wordpress\/?page_id=1123&amp;preview=true\" target=\"_blank\">B\u00fasqueda por nombre<\/a><\/li>\n<\/ul>\n","protected":false},"excerpt":{"rendered":"<p>En este apartado se recogen los datos de los profesionales que, seg\u00fan el Grupo de Trabajo de Hipnosis Psicol\u00f3gica del Colegio Oficial de Psic\u00f3logos de la Comunidad Valenciana, est\u00e1n cualificados, por su titulaci\u00f3n, para poder aplicar la hipnosis en su \u00e1mbito profesional y que han solicitado su inclusi\u00f3n en esta relaci\u00f3n.\u00a0El hecho de que un &hellip;<\/p>\n","protected":false},"author":12,"featured_media":0,"parent":27,"menu_order":6,"comment_status":"closed","ping_status":"closed","template":"","meta":{"footnotes":""},"categories":[10],"tags":[],"class_list":["post-38","page","type-page","status-publish","hentry","category-noticias"],"_links":{"self":[{"href":"https:\/\/www.grupohipnosiscopcv.es\/wordpress\/wp-json\/wp\/v2\/pages\/38","targetHints":{"allow":["GET"]}}],"collection":[{"href":"https:\/\/www.grupohipnosiscopcv.es\/wordpress\/wp-json\/wp\/v2\/pages"}],"about":[{"href":"https:\/\/www.grupohipnosiscopcv.es\/wordpress\/wp-json\/wp\/v2\/types\/page"}],"author":[{"embeddable":true,"href":"https:\/\/www.grupohipnosiscopcv.es\/wordpress\/wp-json\/wp\/v2\/users\/12"}],"replies":[{"embeddable":true,"href":"https:\/\/www.grupohipnosiscopcv.es\/wordpress\/wp-json\/wp\/v2\/comments?post=38"}],"version-history":[{"count":14,"href":"https:\/\/www.grupohipnosiscopcv.es\/wordpress\/wp-json\/wp\/v2\/pages\/38\/revisions"}],"predecessor-version":[{"id":2359,"href":"https:\/\/www.grupohipnosiscopcv.es\/wordpress\/wp-json\/wp\/v2\/pages\/38\/revisions\/2359"}],"up":[{"embeddable":true,"href":"https:\/\/www.grupohipnosiscopcv.es\/wordpress\/wp-json\/wp\/v2\/pages\/27"}],"wp:attachment":[{"href":"https:\/\/www.grupohipnosiscopcv.es\/wordpress\/wp-json\/wp\/v2\/media?parent=38"}],"wp:term":[{"taxonomy":"category","embeddable":true,"href":"https:\/\/www.grupohipnosiscopcv.es\/wordpress\/wp-json\/wp\/v2\/categories?post=38"},{"taxonomy":"post_tag","embeddable":true,"href":"https:\/\/www.grupohipnosiscopcv.es\/wordpress\/wp-json\/wp\/v2\/tags?post=38"}],"curies":[{"name":"wp","href":"https:\/\/api.w.org\/{rel}","templated":true}]}}