{"id":33,"date":"2009-12-23T23:22:10","date_gmt":"2009-12-23T22:22:10","guid":{"rendered":"http:\/\/www.grupohipnosiscopcv.es\/wordpress\/?page_id=33"},"modified":"2012-01-28T20:56:43","modified_gmt":"2012-01-28T19:56:43","slug":"informes","status":"publish","type":"page","link":"https:\/\/www.grupohipnosiscopcv.es\/wordpress\/actividades-del-grupo-de-trabajo-de-hipnosis-psicologica\/informes\/","title":{"rendered":"Informes"},"content":{"rendered":"<p>Este Grupo de Trabajo elabora documentos en los que expone la postura cient\u00edfica sobre asuntos pol\u00e9micos o de especial inter\u00e9s. Los Informes est\u00e1n basados siempre en la evidencia cient\u00edfica disponible, y son elaborados en equipo y aprobados por consenso de todos los miembros del Grupo de Trabajo.<\/p>\n<p>Desde aqu\u00ed puede descargar los Informes publicados hasta la fecha<\/p>\n<ul>\n<li><a href=\"http:\/\/www.grupohipnosiscopcv.es\/wordpress\/actividades-del-grupo-de-trabajo-de-hipnosis-psicologica\/informes\/informe-sobre-la-regresion-hipnotica\/\">Informe sobre la Regresi\u00f3n Hipn\u00f3tica.<\/a><\/li>\n<li><a href=\"informe-sobre-el-programa-de-television-flashback\">Informe sobre el programa de televisi\u00f3n \u00abFlashback\u00bb.<\/a><\/li>\n<\/ul>\n","protected":false},"excerpt":{"rendered":"<p>Este Grupo de Trabajo elabora documentos en los que expone la postura cient\u00edfica sobre asuntos pol\u00e9micos o de especial inter\u00e9s. Los Informes est\u00e1n basados siempre en la evidencia cient\u00edfica disponible, y son elaborados en equipo y aprobados por consenso de todos los miembros del Grupo de Trabajo. Desde aqu\u00ed puede descargar los Informes publicados hasta &hellip;<\/p>\n","protected":false},"author":12,"featured_media":0,"parent":89,"menu_order":3,"comment_status":"closed","ping_status":"closed","template":"","meta":{"footnotes":""},"categories":[10],"tags":[],"class_list":["post-33","page","type-page","status-publish","hentry","category-noticias"],"_links":{"self":[{"href":"https:\/\/www.grupohipnosiscopcv.es\/wordpress\/wp-json\/wp\/v2\/pages\/33","targetHints":{"allow":["GET"]}}],"collection":[{"href":"https:\/\/www.grupohipnosiscopcv.es\/wordpress\/wp-json\/wp\/v2\/pages"}],"about":[{"href":"https:\/\/www.grupohipnosiscopcv.es\/wordpress\/wp-json\/wp\/v2\/types\/page"}],"author":[{"embeddable":true,"href":"https:\/\/www.grupohipnosiscopcv.es\/wordpress\/wp-json\/wp\/v2\/users\/12"}],"replies":[{"embeddable":true,"href":"https:\/\/www.grupohipnosiscopcv.es\/wordpress\/wp-json\/wp\/v2\/comments?post=33"}],"version-history":[{"count":6,"href":"https:\/\/www.grupohipnosiscopcv.es\/wordpress\/wp-json\/wp\/v2\/pages\/33\/revisions"}],"predecessor-version":[{"id":1511,"href":"https:\/\/www.grupohipnosiscopcv.es\/wordpress\/wp-json\/wp\/v2\/pages\/33\/revisions\/1511"}],"up":[{"embeddable":true,"href":"https:\/\/www.grupohipnosiscopcv.es\/wordpress\/wp-json\/wp\/v2\/pages\/89"}],"wp:attachment":[{"href":"https:\/\/www.grupohipnosiscopcv.es\/wordpress\/wp-json\/wp\/v2\/media?parent=33"}],"wp:term":[{"taxonomy":"category","embeddable":true,"href":"https:\/\/www.grupohipnosiscopcv.es\/wordpress\/wp-json\/wp\/v2\/categories?post=33"},{"taxonomy":"post_tag","embeddable":true,"href":"https:\/\/www.grupohipnosiscopcv.es\/wordpress\/wp-json\/wp\/v2\/tags?post=33"}],"curies":[{"name":"wp","href":"https:\/\/api.w.org\/{rel}","templated":true}]}}