{"id":29,"date":"2009-12-23T23:18:15","date_gmt":"2009-12-23T22:18:15","guid":{"rendered":"http:\/\/www.grupohipnosiscopcv.es\/wordpress\/?page_id=29"},"modified":"2012-01-28T20:56:42","modified_gmt":"2012-01-28T19:56:42","slug":"recursos-para-profesionales","status":"publish","type":"page","link":"https:\/\/www.grupohipnosiscopcv.es\/wordpress\/recursos-para-profesionales\/","title":{"rendered":"Profesionales"},"content":{"rendered":"<p>En estas p\u00e1ginas encontrar\u00e1 recursos e informaci\u00f3n \u00fatil para profesionales.<\/p>\n<ul>\n<li><a href=\"http:\/\/www.grupohipnosiscopcv.es\/wordpress\/recursos-para-profesionales\/actividades-formativas\/\">Actividades formativas<\/a>. Calendario de actividades del COP y de centros acreditados.<\/li>\n<li><a href=\"http:\/\/www.grupohipnosiscopcv.es\/wordpress\/recursos-para-profesionales\/definiciones-de-hipnosis\/\">Definiciones de hipnosis<\/a>, de acuerdo con las distintas asociaciones cient\u00edficas.<\/li>\n<li><a href=\"http:\/\/www.grupohipnosiscopcv.es\/wordpress\/recursos-para-profesionales\/terminologia\/\">Terminolog\u00eda<\/a> empleada habitualmente.<\/li>\n<li><a href=\"http:\/\/www.grupohipnosiscopcv.es\/wordpress\/recursos-para-profesionales\/areas-de-eficacia-de-la-hipnosis\/\">\u00c1reas de eficacia<\/a> de la hipnosis.<\/li>\n<li><a href=\"http:\/\/www.grupohipnosiscopcv.es\/wordpress\/recursos-para-profesionales\/bibliografia\/\">Bibliograf\u00eda<\/a> recomendada.<\/li>\n<li><a href=\"http:\/\/www.grupohipnosiscopcv.es\/wordpress\/recursos-para-profesionales\/lista-de-correo\/\">Lista de correo<\/a> de hipnosis para profesionales, moderada por el Dr. A. Capafons, de la Universidad de Valencia.<\/li>\n<li><a href=\"http:\/\/www.grupohipnosiscopcv.es\/wordpress\/recursos-para-profesionales\/videos\/\">V\u00eddeos<\/a> de conferencias u otros eventos relacionados con la hipnosis cient\u00edfica.<\/li>\n<li><a href=\"http:\/\/www.grupohipnosiscopcv.es\/wordpress\/recursos-para-profesionales\/documentos\/\">Documentos <\/a>de inter\u00e9s.<\/li>\n<li><a href=\"http:\/\/www.grupohipnosiscopcv.es\/wordpress\/recursos-para-profesionales\/asociaciones\/\">Asociaciones<\/a> cient\u00edficas que trabajan en el \u00e1mbito de la hipnosis.<\/li>\n<\/ul>\n","protected":false},"excerpt":{"rendered":"<p>En estas p\u00e1ginas encontrar\u00e1 recursos e informaci\u00f3n \u00fatil para profesionales. Actividades formativas. Calendario de actividades del COP y de centros acreditados. Definiciones de hipnosis, de acuerdo con las distintas asociaciones cient\u00edficas. Terminolog\u00eda empleada habitualmente. \u00c1reas de eficacia de la hipnosis. Bibliograf\u00eda recomendada. Lista de correo de hipnosis para profesionales, moderada por el Dr. A. Capafons, &hellip;<\/p>\n","protected":false},"author":12,"featured_media":0,"parent":0,"menu_order":14,"comment_status":"closed","ping_status":"closed","template":"","meta":{"footnotes":""},"categories":[10],"tags":[],"class_list":["post-29","page","type-page","status-publish","hentry","category-noticias"],"_links":{"self":[{"href":"https:\/\/www.grupohipnosiscopcv.es\/wordpress\/wp-json\/wp\/v2\/pages\/29","targetHints":{"allow":["GET"]}}],"collection":[{"href":"https:\/\/www.grupohipnosiscopcv.es\/wordpress\/wp-json\/wp\/v2\/pages"}],"about":[{"href":"https:\/\/www.grupohipnosiscopcv.es\/wordpress\/wp-json\/wp\/v2\/types\/page"}],"author":[{"embeddable":true,"href":"https:\/\/www.grupohipnosiscopcv.es\/wordpress\/wp-json\/wp\/v2\/users\/12"}],"replies":[{"embeddable":true,"href":"https:\/\/www.grupohipnosiscopcv.es\/wordpress\/wp-json\/wp\/v2\/comments?post=29"}],"version-history":[{"count":7,"href":"https:\/\/www.grupohipnosiscopcv.es\/wordpress\/wp-json\/wp\/v2\/pages\/29\/revisions"}],"predecessor-version":[{"id":777,"href":"https:\/\/www.grupohipnosiscopcv.es\/wordpress\/wp-json\/wp\/v2\/pages\/29\/revisions\/777"}],"wp:attachment":[{"href":"https:\/\/www.grupohipnosiscopcv.es\/wordpress\/wp-json\/wp\/v2\/media?parent=29"}],"wp:term":[{"taxonomy":"category","embeddable":true,"href":"https:\/\/www.grupohipnosiscopcv.es\/wordpress\/wp-json\/wp\/v2\/categories?post=29"},{"taxonomy":"post_tag","embeddable":true,"href":"https:\/\/www.grupohipnosiscopcv.es\/wordpress\/wp-json\/wp\/v2\/tags?post=29"}],"curies":[{"name":"wp","href":"https:\/\/api.w.org\/{rel}","templated":true}]}}