{"id":27,"date":"2009-12-23T23:15:04","date_gmt":"2009-12-23T22:15:04","guid":{"rendered":"http:\/\/www.grupohipnosiscopcv.es\/wordpress\/?page_id=27"},"modified":"2012-04-07T11:34:30","modified_gmt":"2012-04-07T10:34:30","slug":"informacion-para-usuarios","status":"publish","type":"page","link":"https:\/\/www.grupohipnosiscopcv.es\/wordpress\/informacion-para-usuarios\/","title":{"rendered":"Informaci\u00f3n para usuarios"},"content":{"rendered":"<p>En este apartado  encontrar\u00e1 informaci\u00f3n que le puede ayudar a buscar un profesional que utilice  la hipnosis cl\u00ednica, bien porque alg\u00fan profesional de la salud le haya  recomendado el uso de esta t\u00e9cnica para tratar su problema, bien porque usted  tenga un inter\u00e9s particular en ella.<\/p>\n<p>Lo primero es  comprobar las credenciales del profesional, y lo segundo, contrastar la  informaci\u00f3n que ofrece el supuesto profesional con informaci\u00f3n cient\u00edfica y  fiable de la hipnosis, como\u00a0 la que le ofrecemos en las siguientes p\u00e1ginas.<\/p>\n<ul>\n<li><a href=\"\/wordpress\/informacion-para-usuarios\/faq\/\" target=\"_self\">Preguntas M\u00e1s Frecuentes (FAQ).<\/a><\/li>\n<li><a href=\"\/wordpress\/informacion-para-usuarios\/legalidad\/\" target=\"_self\">Legalidad.<\/a><\/li>\n<li><a href=\"\/wordpress\/informacion-para-usuarios\/mitos-sobre-la-hipnosis\/\" target=\"_self\">Mitos sobre la hipnosis.<\/a><\/li>\n<li><a href=\"\/wordpress\/informacion-para-usuarios\/profesionales-cualificados\/\" target=\"_self\">Profesionales Cualificados.<\/a><\/li>\n<li><a href=\"\/wordpress\/informacion-para-usuarios\/profesionales-no-cualificados\/\" target=\"_self\">Profesionales NO Cualificados.<\/a><\/li>\n<li><a href=\"\/wordpress\/informacion-para-usuarios\/fabricas-de-diplomas\/\" target=\"_self\">F\u00e1bricas de diplomas.<\/a><\/li>\n<li><a href=\"\/wordpress\/informacion-para-usuarios\/consultas\/\" target=\"_self\">Consultas.<\/a><\/li>\n<li><a href=\"\/wordpress\/informacion-para-usuarios\/anecdotas\/\" target=\"_self\">An\u00e9cdotas.<\/a><\/li>\n<li><a href=\"\/wordpress\/informacion-para-usuarios\/frases\/\" target=\"_self\">Frases.<\/a><\/li>\n<li><a href=\"\/wordpress\/informacion-para-usuarios\/hipnosis-en-la-ficcion\/\" target=\"_self\">Hipnosis en la ficci\u00f3n.<\/a><\/li>\n<li><a href=\"\/wordpress\/informacion-para-usuarios\/medios-de-comunicacion\/\" target=\"_self\">Hipnosis en los medios.<\/a><\/li>\n<li><a href=\"http:\/\/www.grupohipnosiscopcv.es\/wordpress\/wp-content\/uploads\/2010\/02\/zoe.jpg\"><img loading=\"lazy\" decoding=\"async\" class=\"aligncenter size-full wp-image-724\" title=\"zoe\" src=\"http:\/\/www.grupohipnosiscopcv.es\/wordpress\/wp-content\/uploads\/2010\/02\/zoe.jpg\" alt=\"Doctor Zoe\" width=\"198\" height=\"283\" \/><\/a><a href=\"\/wordpress\/informacion-para-usuarios\/el-doctor-zoe\/\" target=\"_self\">El caso del doctor Zoe, un gato que es hipnoterapeuta acreditado.<\/a><\/li>\n<\/ul>\n<p><span style=\"color: #800000;\"><span style=\"color: #000000;\">Si quiere profundizar m\u00e1s en la hipnosis, puede consultar la informaci\u00f3n de los otros apartados de esta p\u00e1gina web. Por ejemplo, en el apartado <\/span><a href=\"http:\/\/www.grupohipnosiscopcv.es\/wordpress\/recursos-para-profesionales\/areas-de-eficacia-de-la-hipnosis\/\"><span style=\"color: #000000;\">\u00c1reas de eficacia<\/span><\/a><span style=\"color: #000000;\">, puede hacerse una idea m\u00e1s amplia de los problemas que suelen tratarse con la hipnosis y cu\u00e1l es su eficacia.<\/span><\/span><\/p>\n","protected":false},"excerpt":{"rendered":"<p>En este apartado encontrar\u00e1 informaci\u00f3n que le puede ayudar a buscar un profesional que utilice la hipnosis cl\u00ednica, bien porque alg\u00fan profesional de la salud le haya recomendado el uso de esta t\u00e9cnica para tratar su problema, bien porque usted tenga un inter\u00e9s particular en ella. Lo primero es comprobar las credenciales del profesional, y &hellip;<\/p>\n","protected":false},"author":12,"featured_media":0,"parent":0,"menu_order":12,"comment_status":"closed","ping_status":"closed","template":"","meta":{"footnotes":""},"categories":[10],"tags":[],"class_list":["post-27","page","type-page","status-publish","hentry","category-noticias"],"_links":{"self":[{"href":"https:\/\/www.grupohipnosiscopcv.es\/wordpress\/wp-json\/wp\/v2\/pages\/27","targetHints":{"allow":["GET"]}}],"collection":[{"href":"https:\/\/www.grupohipnosiscopcv.es\/wordpress\/wp-json\/wp\/v2\/pages"}],"about":[{"href":"https:\/\/www.grupohipnosiscopcv.es\/wordpress\/wp-json\/wp\/v2\/types\/page"}],"author":[{"embeddable":true,"href":"https:\/\/www.grupohipnosiscopcv.es\/wordpress\/wp-json\/wp\/v2\/users\/12"}],"replies":[{"embeddable":true,"href":"https:\/\/www.grupohipnosiscopcv.es\/wordpress\/wp-json\/wp\/v2\/comments?post=27"}],"version-history":[{"count":15,"href":"https:\/\/www.grupohipnosiscopcv.es\/wordpress\/wp-json\/wp\/v2\/pages\/27\/revisions"}],"predecessor-version":[{"id":47,"href":"https:\/\/www.grupohipnosiscopcv.es\/wordpress\/wp-json\/wp\/v2\/pages\/27\/revisions\/47"}],"wp:attachment":[{"href":"https:\/\/www.grupohipnosiscopcv.es\/wordpress\/wp-json\/wp\/v2\/media?parent=27"}],"wp:term":[{"taxonomy":"category","embeddable":true,"href":"https:\/\/www.grupohipnosiscopcv.es\/wordpress\/wp-json\/wp\/v2\/categories?post=27"},{"taxonomy":"post_tag","embeddable":true,"href":"https:\/\/www.grupohipnosiscopcv.es\/wordpress\/wp-json\/wp\/v2\/tags?post=27"}],"curies":[{"name":"wp","href":"https:\/\/api.w.org\/{rel}","templated":true}]}}