{"id":2640,"date":"2020-11-04T20:44:02","date_gmt":"2020-11-04T19:44:02","guid":{"rendered":"https:\/\/www.grupohipnosiscopcv.es\/wordpress\/?page_id=2640"},"modified":"2020-11-04T20:44:51","modified_gmt":"2020-11-04T19:44:51","slug":"parrado-chocano-virginia","status":"publish","type":"page","link":"https:\/\/www.grupohipnosiscopcv.es\/wordpress\/informacion-para-usuarios\/profesionales-cualificados\/parrado-chocano-virginia\/","title":{"rendered":"Parrado Chocano, Virginia"},"content":{"rendered":"\n<p><strong>Titulaci\u00f3n universitaria:<\/strong><\/p>\n\n\n\n<p>Licenciada en Psicolog\u00eda por la Universidad de Granada.<\/p>\n\n\n\n<ul class=\"wp-block-list\"><li>M\u00e1ster en Psicolog\u00eda General Sanitaria por la Universidad Internacional de Valencia.<\/li><\/ul>\n\n\n\n<p><strong>Colegiado:<\/strong><\/p>\n\n\n\n<p>CM01932<\/p>\n\n\n\n<p><strong>Titulaci\u00f3n o estudios de hipnosis:<\/strong><\/p>\n\n\n\n<p>Curso de Experto en Hipnosis Cl\u00ednica por el Colegio Oficial de Psicolog\u00eda de<br \/>Madrid, Dr. H\u00e9ctor Gonz\u00e1lez Ordi y Dra. Pilar Capilla Ram\u00edrez.<\/p>\n\n\n\n<p>Jornada \u201cHipnosis y dolor (fibromialgia)\u201d, Dr. Jos\u00e9 Sala, Madrid.<\/p>\n\n\n\n<p>Sesiones cl\u00ednicas: \u201cAplicaciones de la hipnosis cl\u00ednica sobre el dolor\u201d. Dr. Jos\u00e9 Sala, Madrid.<\/p>\n\n\n\n<p>VIII Jornadas AAHEA \u201cHipnosis: Avances en Investigaci\u00f3n y Aplicaciones<br \/>Cl\u00ednicas\u201d<\/p>\n\n\n\n<p><strong>Temas que trata:<\/strong><\/p>\n\n\n\n<p>Dolor cr\u00f3nico: fibromialgia, dolor lumbar, cefaleas tensionales, lesi\u00f3n de<br \/>cart\u00edlago labrum.<\/p>\n\n\n\n<ul class=\"wp-block-list\"><li>Fobias: fobia social, ligirofobia, miedo a ingerir alimentos concretos en paciente<br \/>con TOC.<\/li><li>Alimentaci\u00f3n: estilo saludable de vida.<\/li><li>Crecimiento personal: autoestima, toma de decisiones.<\/li><\/ul>\n\n\n\n<p><strong>Datos de contacto:<\/strong><\/p>\n\n\n\n<p>Virginia Parrado Chocano<br \/>Vereda del Vicario, 1C 5\u00baD, CIUDAD REAL, 13005<br \/>M\u00f3vil: 653389988<br \/>virginiapch@gmail.com<\/p>\n\n\n\n<p><strong>Otros datos:<\/strong><\/p>\n\n\n\n<p>Psic\u00f3loga de la \u201cAsociaci\u00f3n Punto XIX de Fibromialgia y S\u00edndrome de Fatiga<br \/>Cr\u00f3nica\u201d.<\/p>\n","protected":false},"excerpt":{"rendered":"<p>Titulaci\u00f3n universitaria: Licenciada en Psicolog\u00eda por la Universidad de Granada. M\u00e1ster en Psicolog\u00eda General Sanitaria por la Universidad Internacional de Valencia. Colegiado: CM01932 Titulaci\u00f3n o estudios de hipnosis: Curso de Experto en Hipnosis Cl\u00ednica por el Colegio Oficial de Psicolog\u00eda deMadrid, Dr. H\u00e9ctor Gonz\u00e1lez Ordi y Dra. Pilar Capilla Ram\u00edrez. Jornada \u201cHipnosis y dolor (fibromialgia)\u201d, &hellip;<\/p>\n","protected":false},"author":10,"featured_media":0,"parent":38,"menu_order":0,"comment_status":"closed","ping_status":"closed","template":"","meta":{"footnotes":""},"categories":[],"tags":[],"class_list":["post-2640","page","type-page","status-publish","hentry"],"_links":{"self":[{"href":"https:\/\/www.grupohipnosiscopcv.es\/wordpress\/wp-json\/wp\/v2\/pages\/2640","targetHints":{"allow":["GET"]}}],"collection":[{"href":"https:\/\/www.grupohipnosiscopcv.es\/wordpress\/wp-json\/wp\/v2\/pages"}],"about":[{"href":"https:\/\/www.grupohipnosiscopcv.es\/wordpress\/wp-json\/wp\/v2\/types\/page"}],"author":[{"embeddable":true,"href":"https:\/\/www.grupohipnosiscopcv.es\/wordpress\/wp-json\/wp\/v2\/users\/10"}],"replies":[{"embeddable":true,"href":"https:\/\/www.grupohipnosiscopcv.es\/wordpress\/wp-json\/wp\/v2\/comments?post=2640"}],"version-history":[{"count":1,"href":"https:\/\/www.grupohipnosiscopcv.es\/wordpress\/wp-json\/wp\/v2\/pages\/2640\/revisions"}],"predecessor-version":[{"id":2641,"href":"https:\/\/www.grupohipnosiscopcv.es\/wordpress\/wp-json\/wp\/v2\/pages\/2640\/revisions\/2641"}],"up":[{"embeddable":true,"href":"https:\/\/www.grupohipnosiscopcv.es\/wordpress\/wp-json\/wp\/v2\/pages\/38"}],"wp:attachment":[{"href":"https:\/\/www.grupohipnosiscopcv.es\/wordpress\/wp-json\/wp\/v2\/media?parent=2640"}],"wp:term":[{"taxonomy":"category","embeddable":true,"href":"https:\/\/www.grupohipnosiscopcv.es\/wordpress\/wp-json\/wp\/v2\/categories?post=2640"},{"taxonomy":"post_tag","embeddable":true,"href":"https:\/\/www.grupohipnosiscopcv.es\/wordpress\/wp-json\/wp\/v2\/tags?post=2640"}],"curies":[{"name":"wp","href":"https:\/\/api.w.org\/{rel}","templated":true}]}}