{"id":2627,"date":"2020-08-26T19:51:38","date_gmt":"2020-08-26T18:51:38","guid":{"rendered":"https:\/\/www.grupohipnosiscopcv.es\/wordpress\/?page_id=2627"},"modified":"2020-08-26T19:51:38","modified_gmt":"2020-08-26T18:51:38","slug":"moreno-pellicer-raquel","status":"publish","type":"page","link":"https:\/\/www.grupohipnosiscopcv.es\/wordpress\/informacion-para-usuarios\/profesionales-cualificados\/moreno-pellicer-raquel\/","title":{"rendered":"Moreno Pellicer, Raquel"},"content":{"rendered":"<p><strong>Titulaci\u00f3n universitaria:<\/strong><br \/>\nLicenciada en Psicolog\u00eda<br \/>\nM\u00e1ster en Psicolog\u00eda General Sanitaria<br \/>\nDoctora en Psicolog\u00eda de la Salud<\/p>\n<p><strong>Colegiado:<\/strong> CV13887<\/p>\n<p><strong>Titulaci\u00f3n o estudios de hipnosis:<\/strong> \u201cIntroducci\u00f3n a la hipnosis cl\u00ednica des de una<br \/>\nperspectiva cognitivo-comportamental\u201d (del COP) y Pr\u00e1cticas en el Hospital Joan XXIII<\/p>\n<p><strong>Temas que trata:<\/strong> Dolor asociado al proceso oncol\u00f3gico, percepci\u00f3n del tiempo de<br \/>\nduraci\u00f3n de los tratamientos, alivio del malestar f\u00edsico asociado al proceso oncol\u00f3gico,<br \/>\nefectos secundarios derivados de los tratamientos oncol\u00f3gicos (n\u00e1useas y v\u00f3mitos), etc.<\/p>\n<p><strong>Datos de contacto:<\/strong> Pla\u00e7a Metge Abili Orts, n\u00ba2; Bellreguard (C.P.:46713); Val\u00e8ncia.<br \/>\nTel\u00e9fono 654662365; correo electr\u00f3nico: raquelmoreno_pellicer@hotmail.com<\/p>\n","protected":false},"excerpt":{"rendered":"<p>Titulaci\u00f3n universitaria: Licenciada en Psicolog\u00eda M\u00e1ster en Psicolog\u00eda General Sanitaria Doctora en Psicolog\u00eda de la Salud Colegiado: CV13887 Titulaci\u00f3n o estudios de hipnosis: \u201cIntroducci\u00f3n a la hipnosis cl\u00ednica des de una perspectiva cognitivo-comportamental\u201d (del COP) y Pr\u00e1cticas en el Hospital Joan XXIII Temas que trata: Dolor asociado al proceso oncol\u00f3gico, percepci\u00f3n del tiempo de duraci\u00f3n &hellip;<\/p>\n","protected":false},"author":10,"featured_media":0,"parent":38,"menu_order":0,"comment_status":"closed","ping_status":"closed","template":"","meta":{"footnotes":""},"categories":[4],"tags":[],"class_list":["post-2627","page","type-page","status-publish","hentry","category-informacion-para-usuarios"],"_links":{"self":[{"href":"https:\/\/www.grupohipnosiscopcv.es\/wordpress\/wp-json\/wp\/v2\/pages\/2627","targetHints":{"allow":["GET"]}}],"collection":[{"href":"https:\/\/www.grupohipnosiscopcv.es\/wordpress\/wp-json\/wp\/v2\/pages"}],"about":[{"href":"https:\/\/www.grupohipnosiscopcv.es\/wordpress\/wp-json\/wp\/v2\/types\/page"}],"author":[{"embeddable":true,"href":"https:\/\/www.grupohipnosiscopcv.es\/wordpress\/wp-json\/wp\/v2\/users\/10"}],"replies":[{"embeddable":true,"href":"https:\/\/www.grupohipnosiscopcv.es\/wordpress\/wp-json\/wp\/v2\/comments?post=2627"}],"version-history":[{"count":1,"href":"https:\/\/www.grupohipnosiscopcv.es\/wordpress\/wp-json\/wp\/v2\/pages\/2627\/revisions"}],"predecessor-version":[{"id":2628,"href":"https:\/\/www.grupohipnosiscopcv.es\/wordpress\/wp-json\/wp\/v2\/pages\/2627\/revisions\/2628"}],"up":[{"embeddable":true,"href":"https:\/\/www.grupohipnosiscopcv.es\/wordpress\/wp-json\/wp\/v2\/pages\/38"}],"wp:attachment":[{"href":"https:\/\/www.grupohipnosiscopcv.es\/wordpress\/wp-json\/wp\/v2\/media?parent=2627"}],"wp:term":[{"taxonomy":"category","embeddable":true,"href":"https:\/\/www.grupohipnosiscopcv.es\/wordpress\/wp-json\/wp\/v2\/categories?post=2627"},{"taxonomy":"post_tag","embeddable":true,"href":"https:\/\/www.grupohipnosiscopcv.es\/wordpress\/wp-json\/wp\/v2\/tags?post=2627"}],"curies":[{"name":"wp","href":"https:\/\/api.w.org\/{rel}","templated":true}]}}