{"id":2555,"date":"2017-12-10T19:13:25","date_gmt":"2017-12-10T18:13:25","guid":{"rendered":"http:\/\/www.grupohipnosiscopcv.es\/wordpress\/?page_id=2555"},"modified":"2017-12-10T19:14:31","modified_gmt":"2017-12-10T18:14:31","slug":"ruiz-carcavilla-julio","status":"publish","type":"page","link":"https:\/\/www.grupohipnosiscopcv.es\/wordpress\/informacion-para-usuarios\/profesionales-cualificados\/ruiz-carcavilla-julio\/","title":{"rendered":"Ruiz Carcavilla, Julio"},"content":{"rendered":"<section id=\"builder-section-text_11\" class=\"builder-section-first builder-section builder-section-text builder-section-last builder-text-columns-1\" style=\"background-size: cover; background-repeat: no-repeat;background-position: center center;\">\n<div class=\"builder-section-content\">\n<div class=\"builder-text-row\">\n<div class=\"builder-text-column builder-text-column-1\" id=\"builder-section-text_11-column-1\">\n<div class=\"builder-text-content\">\n<p><strong>Titulaci\u00f3n universitaria:<\/strong><\/p>\n<p>Licenciado en Psicolog\u00eda UNED<\/p>\n<p><strong>Colegiado:<\/strong><\/p>\n<p>N-01543 Colegio Oficial de Psic\u00f3logos de Navarra<\/p>\n<p><strong>Titulaci\u00f3n o estudios de hipnosis:<\/strong><\/p>\n<p>Especialista Universitario en Hipnosis Cl\u00ednica (UNED 2017).<\/p>\n<p><strong>Temas que trata:<\/strong><\/p>\n<p>Orientado fundamentalmente a la poblaci\u00f3n infanto-juvenil. Ansiedad, Depresi\u00f3n, Fobias y Miedos. Trastornos del sue\u00f1o. Trastornos de la conducta alimentaria. Trastornos del desarrollo. Adicciones. Trastornos del control de impulsos. Problemas de conducta. Orientaci\u00f3n Cognitivo-Conductual y Sist\u00e9mica. Terapia Cognitiva con base en Mindfullness.<\/p>\n<p><strong>Datos de contacto:<\/strong><\/p>\n<p>Julio Ruiz Carcavilla<\/p>\n<p>C\/ Jer\u00f3nima de la Ascensi\u00f3n, 5-5\u00ba<br \/>31500 Tudela (Navarra)<\/p>\n<p>Tel. 627 87 47 51<br \/>jrucar@yahoo.es<\/p>\n<p><strong>Otros datos:<\/strong><\/p>\n<p>\u00a0<\/p>\n<\/p><\/div>\n<\/p><\/div>\n<\/p><\/div>\n<div class=\"builder-text-row\">\n<div class=\"builder-text-column builder-text-column-2\" id=\"builder-section-text_11-column-1\">\n<div class=\"builder-text-content\">\n\t\t\t\t\t\t\t\t\t\t\t<\/div>\n<\/p><\/div>\n<\/p><\/div>\n<div class=\"builder-text-row\">\n<div class=\"builder-text-column builder-text-column-3\" id=\"builder-section-text_11-column-1\">\n<div class=\"builder-text-content\">\n\t\t\t\t\t\t\t\t\t\t\t<\/div>\n<\/p><\/div>\n<\/p><\/div>\n<\/p><\/div>\n<\/section>\n","protected":false},"excerpt":{"rendered":"<p>Titulaci\u00f3n universitaria: Licenciado en Psicolog\u00eda UNED Colegiado: N-01543 Colegio Oficial de Psic\u00f3logos de Navarra Titulaci\u00f3n o estudios de hipnosis: Especialista Universitario en Hipnosis Cl\u00ednica (UNED 2017). Temas que trata: Orientado fundamentalmente a la poblaci\u00f3n infanto-juvenil. Ansiedad, Depresi\u00f3n, Fobias y Miedos. Trastornos del sue\u00f1o. Trastornos de la conducta alimentaria. Trastornos del desarrollo. Adicciones. Trastornos del control &hellip;<\/p>\n","protected":false},"author":10,"featured_media":0,"parent":38,"menu_order":0,"comment_status":"closed","ping_status":"closed","template":"template-builder.php","meta":{"footnotes":""},"categories":[4],"tags":[],"class_list":["post-2555","page","type-page","status-publish","hentry","category-informacion-para-usuarios"],"_links":{"self":[{"href":"https:\/\/www.grupohipnosiscopcv.es\/wordpress\/wp-json\/wp\/v2\/pages\/2555","targetHints":{"allow":["GET"]}}],"collection":[{"href":"https:\/\/www.grupohipnosiscopcv.es\/wordpress\/wp-json\/wp\/v2\/pages"}],"about":[{"href":"https:\/\/www.grupohipnosiscopcv.es\/wordpress\/wp-json\/wp\/v2\/types\/page"}],"author":[{"embeddable":true,"href":"https:\/\/www.grupohipnosiscopcv.es\/wordpress\/wp-json\/wp\/v2\/users\/10"}],"replies":[{"embeddable":true,"href":"https:\/\/www.grupohipnosiscopcv.es\/wordpress\/wp-json\/wp\/v2\/comments?post=2555"}],"version-history":[{"count":1,"href":"https:\/\/www.grupohipnosiscopcv.es\/wordpress\/wp-json\/wp\/v2\/pages\/2555\/revisions"}],"predecessor-version":[{"id":2556,"href":"https:\/\/www.grupohipnosiscopcv.es\/wordpress\/wp-json\/wp\/v2\/pages\/2555\/revisions\/2556"}],"up":[{"embeddable":true,"href":"https:\/\/www.grupohipnosiscopcv.es\/wordpress\/wp-json\/wp\/v2\/pages\/38"}],"wp:attachment":[{"href":"https:\/\/www.grupohipnosiscopcv.es\/wordpress\/wp-json\/wp\/v2\/media?parent=2555"}],"wp:term":[{"taxonomy":"category","embeddable":true,"href":"https:\/\/www.grupohipnosiscopcv.es\/wordpress\/wp-json\/wp\/v2\/categories?post=2555"},{"taxonomy":"post_tag","embeddable":true,"href":"https:\/\/www.grupohipnosiscopcv.es\/wordpress\/wp-json\/wp\/v2\/tags?post=2555"}],"curies":[{"name":"wp","href":"https:\/\/api.w.org\/{rel}","templated":true}]}}