{"id":2331,"date":"2015-10-16T18:27:37","date_gmt":"2015-10-16T17:27:37","guid":{"rendered":"http:\/\/www.grupohipnosiscopcv.es\/wordpress\/?page_id=2331"},"modified":"2016-08-02T16:08:50","modified_gmt":"2016-08-02T15:08:50","slug":"espinosa-jordan-maria","status":"publish","type":"page","link":"https:\/\/www.grupohipnosiscopcv.es\/wordpress\/informacion-para-usuarios\/profesionales-cualificados\/espinosa-jordan-maria\/","title":{"rendered":"Espinosa Jord\u00e1n, Mar\u00eda"},"content":{"rendered":"<p><strong>Titulaci\u00f3n universitaria:<\/strong><\/p>\n<p>Licenciada en Psicolog\u00eda<\/p>\n<p><strong>Colegiado:<\/strong><\/p>\n<p>CV 10448<\/p>\n<p><strong>Titulaci\u00f3n o estudios de hipnosis:<\/strong><\/p>\n<p>Introducci\u00f3n a la Hipnosis Cl\u00ednica basada en la evidencia. COP-CV. Marzo 2015<\/p>\n<p>Hipnosis Cl\u00ednica basada en la evidencia: Profundizaci\u00f3n y Desarrollo. COP-CV. 30 horas. Abril 2016<\/p>\n<p><strong>Temas que trata:<\/strong><\/p>\n<p>Adultos, parejas, adolescentes y ni\u00f1os.<br \/>\nDepresi\u00f3n, ansiedad, trastornos de alimentaci\u00f3n, adicciones, duelo, dolor cr\u00f3nico, estr\u00e9s, problemas de pareja, problemas sexuales, problemas de comportamiento.<\/p>\n<p><strong>Datos de contacto:<\/strong><\/p>\n<p>Av. 9 de Octubre 82-B, 3\u00ba, 10<br \/>\nPuerto de Sagunto (Valencia)<\/p>\n<p>96 118 77 33 \/627 140 009<\/p>\n<p>consulta@mariaespinosa.es<\/p>\n<p><strong>Otros datos:<\/strong><br \/>\nwww.mariaespinosa.es<\/p>\n","protected":false},"excerpt":{"rendered":"<p>Titulaci\u00f3n universitaria: Licenciada en Psicolog\u00eda Colegiado: CV 10448 Titulaci\u00f3n o estudios de hipnosis: Introducci\u00f3n a la Hipnosis Cl\u00ednica basada en la evidencia. COP-CV. Marzo 2015 Hipnosis Cl\u00ednica basada en la evidencia: Profundizaci\u00f3n y Desarrollo. COP-CV. 30 horas. Abril 2016 Temas que trata: Adultos, parejas, adolescentes y ni\u00f1os. Depresi\u00f3n, ansiedad, trastornos de alimentaci\u00f3n, adicciones, duelo, dolor &hellip;<\/p>\n","protected":false},"author":10,"featured_media":0,"parent":38,"menu_order":0,"comment_status":"closed","ping_status":"closed","template":"","meta":{"footnotes":""},"categories":[],"tags":[],"class_list":["post-2331","page","type-page","status-publish","hentry"],"_links":{"self":[{"href":"https:\/\/www.grupohipnosiscopcv.es\/wordpress\/wp-json\/wp\/v2\/pages\/2331","targetHints":{"allow":["GET"]}}],"collection":[{"href":"https:\/\/www.grupohipnosiscopcv.es\/wordpress\/wp-json\/wp\/v2\/pages"}],"about":[{"href":"https:\/\/www.grupohipnosiscopcv.es\/wordpress\/wp-json\/wp\/v2\/types\/page"}],"author":[{"embeddable":true,"href":"https:\/\/www.grupohipnosiscopcv.es\/wordpress\/wp-json\/wp\/v2\/users\/10"}],"replies":[{"embeddable":true,"href":"https:\/\/www.grupohipnosiscopcv.es\/wordpress\/wp-json\/wp\/v2\/comments?post=2331"}],"version-history":[{"count":3,"href":"https:\/\/www.grupohipnosiscopcv.es\/wordpress\/wp-json\/wp\/v2\/pages\/2331\/revisions"}],"predecessor-version":[{"id":2424,"href":"https:\/\/www.grupohipnosiscopcv.es\/wordpress\/wp-json\/wp\/v2\/pages\/2331\/revisions\/2424"}],"up":[{"embeddable":true,"href":"https:\/\/www.grupohipnosiscopcv.es\/wordpress\/wp-json\/wp\/v2\/pages\/38"}],"wp:attachment":[{"href":"https:\/\/www.grupohipnosiscopcv.es\/wordpress\/wp-json\/wp\/v2\/media?parent=2331"}],"wp:term":[{"taxonomy":"category","embeddable":true,"href":"https:\/\/www.grupohipnosiscopcv.es\/wordpress\/wp-json\/wp\/v2\/categories?post=2331"},{"taxonomy":"post_tag","embeddable":true,"href":"https:\/\/www.grupohipnosiscopcv.es\/wordpress\/wp-json\/wp\/v2\/tags?post=2331"}],"curies":[{"name":"wp","href":"https:\/\/api.w.org\/{rel}","templated":true}]}}