{"id":2230,"date":"2015-05-15T19:17:36","date_gmt":"2015-05-15T18:17:36","guid":{"rendered":"http:\/\/www.grupohipnosiscopcv.es\/wordpress\/?page_id=2230"},"modified":"2015-05-15T19:25:40","modified_gmt":"2015-05-15T18:25:40","slug":"alvarez-planelles-cristina","status":"publish","type":"page","link":"https:\/\/www.grupohipnosiscopcv.es\/wordpress\/informacion-para-usuarios\/profesionales-cualificados\/alvarez-planelles-cristina\/","title":{"rendered":"\u00c1lvarez Planelles, Cristina"},"content":{"rendered":"<p style=\"margin-top: 0pt; margin-bottom: 18pt; font-family: Georgia; font-size: 12.0pt; color: #444444;\"><span style=\"font-weight: bold;\">Titulaci\u00f3n universitaria:<\/span><\/p>\n<p style=\"margin-top: 0pt; margin-bottom: 18pt; font-family: Georgia; font-size: 12.0pt; color: #444444;\">Licenciada en Psicolog\u00eda<\/p>\n<p style=\"margin-top: 0pt; margin-bottom: 18pt; font-family: Georgia; font-size: 12.0pt; color: #444444;\"><span style=\"font-weight: bold;\">Colegiado:<\/span><\/p>\n<p style=\"margin-top: 0pt; margin-bottom: 18pt; font-family: Georgia; font-size: 12.0pt; color: #444444;\">CV-08205<\/p>\n<p style=\"margin-top: 0pt; margin-bottom: 18pt; font-family: Georgia; font-size: 12.0pt; color: #444444;\"><span style=\"font-weight: bold;\">Titulaci\u00f3n o estudios de hipnosis:<\/span><\/p>\n<p style=\"margin-top: 0pt; margin-bottom: 18pt; font-family: Georgia; font-size: 12.0pt; color: #444444;\">Introducci\u00f3n a la Hipnosis Cl\u00ednica basada en la evidencia. COPCV. 2013<\/p>\n<p style=\"margin-top: 0pt; margin-bottom: 18pt; font-family: Georgia; font-size: 12.0pt; color: #444444;\">Hipnosis Cl\u00ednica basada en la evidencia. Profundizaci\u00f3n y desarrollo. COPCV. 2014<\/p>\n<p style=\"margin-top: 0pt; margin-bottom: 18pt; font-family: Georgia; font-size: 12.0pt; color: #444444;\"><span style=\"font-weight: bold;\">Temas que trata:<\/span><\/p>\n<p style=\"margin-top: 0pt; margin-bottom: 18pt; font-family: Georgia; font-size: 12.0pt; color: #444444;\">Trastornos Ansiedad, Fobias, Depresi\u00f3n, Deshabituaci\u00f3n Tab\u00e1quica, sobrepeso, etc.<\/p>\n<p style=\"margin-top: 0pt; margin-bottom: 18pt; font-family: Georgia; font-size: 12.0pt; color: #444444;\"><span style=\"font-weight: bold;\">Datos de contacto:<\/span><\/p>\n<p style=\"margin-top: 0pt; margin-bottom: 18pt; font-family: Georgia; font-size: 12.0pt; color: #444444;\">Telf. 686 46 95 42<\/p>\n<p style=\"margin-top: 0pt; margin-bottom: 18pt; font-family: Georgia; font-size: 12.0pt; color: #444444;\">e-mail: crisalpla@gmail.com<\/p>\n<p style=\"margin-top: 0pt; margin-bottom: 18pt; font-family: Georgia; font-size: 12.0pt; color: #444444;\">\n<p style=\"margin-top: 0pt; margin-bottom: 18pt; font-family: Georgia; font-size: 12.0pt; color: #444444;\"><span style=\"font-weight: bold;\">Otros datos:<\/span><\/p>\n<p style=\"margin-top: 0pt; margin-bottom: 18pt; font-family: Georgia; font-size: 12.0pt; color: #444444;\">Alicante<\/p>\n","protected":false},"excerpt":{"rendered":"<p>Titulaci\u00f3n universitaria: Licenciada en Psicolog\u00eda Colegiado: CV-08205 Titulaci\u00f3n o estudios de hipnosis: Introducci\u00f3n a la Hipnosis Cl\u00ednica basada en la evidencia. COPCV. 2013 Hipnosis Cl\u00ednica basada en la evidencia. Profundizaci\u00f3n y desarrollo. COPCV. 2014 Temas que trata: Trastornos Ansiedad, Fobias, Depresi\u00f3n, Deshabituaci\u00f3n Tab\u00e1quica, sobrepeso, etc. Datos de contacto: Telf. 686 46 95 42 e-mail: crisalpla@gmail.com &hellip;<\/p>\n","protected":false},"author":10,"featured_media":0,"parent":38,"menu_order":1,"comment_status":"closed","ping_status":"open","template":"","meta":{"footnotes":""},"categories":[],"tags":[],"class_list":["post-2230","page","type-page","status-publish","hentry"],"_links":{"self":[{"href":"https:\/\/www.grupohipnosiscopcv.es\/wordpress\/wp-json\/wp\/v2\/pages\/2230","targetHints":{"allow":["GET"]}}],"collection":[{"href":"https:\/\/www.grupohipnosiscopcv.es\/wordpress\/wp-json\/wp\/v2\/pages"}],"about":[{"href":"https:\/\/www.grupohipnosiscopcv.es\/wordpress\/wp-json\/wp\/v2\/types\/page"}],"author":[{"embeddable":true,"href":"https:\/\/www.grupohipnosiscopcv.es\/wordpress\/wp-json\/wp\/v2\/users\/10"}],"replies":[{"embeddable":true,"href":"https:\/\/www.grupohipnosiscopcv.es\/wordpress\/wp-json\/wp\/v2\/comments?post=2230"}],"version-history":[{"count":1,"href":"https:\/\/www.grupohipnosiscopcv.es\/wordpress\/wp-json\/wp\/v2\/pages\/2230\/revisions"}],"predecessor-version":[{"id":2231,"href":"https:\/\/www.grupohipnosiscopcv.es\/wordpress\/wp-json\/wp\/v2\/pages\/2230\/revisions\/2231"}],"up":[{"embeddable":true,"href":"https:\/\/www.grupohipnosiscopcv.es\/wordpress\/wp-json\/wp\/v2\/pages\/38"}],"wp:attachment":[{"href":"https:\/\/www.grupohipnosiscopcv.es\/wordpress\/wp-json\/wp\/v2\/media?parent=2230"}],"wp:term":[{"taxonomy":"category","embeddable":true,"href":"https:\/\/www.grupohipnosiscopcv.es\/wordpress\/wp-json\/wp\/v2\/categories?post=2230"},{"taxonomy":"post_tag","embeddable":true,"href":"https:\/\/www.grupohipnosiscopcv.es\/wordpress\/wp-json\/wp\/v2\/tags?post=2230"}],"curies":[{"name":"wp","href":"https:\/\/api.w.org\/{rel}","templated":true}]}}