{"id":2191,"date":"2014-11-05T21:00:38","date_gmt":"2014-11-05T20:00:38","guid":{"rendered":"http:\/\/www.grupohipnosiscopcv.es\/wordpress\/?page_id=2191"},"modified":"2016-11-27T23:29:39","modified_gmt":"2016-11-27T22:29:39","slug":"calzado-lucas-sara","status":"publish","type":"page","link":"https:\/\/www.grupohipnosiscopcv.es\/wordpress\/informacion-para-usuarios\/profesionales-cualificados\/calzado-lucas-sara\/","title":{"rendered":"Calzado Lucas, Sara"},"content":{"rendered":"<p><strong>Titulaci\u00f3n universitaria:<\/strong><\/p>\n<p>Licenciada en Psicolog\u00eda<\/p>\n<p><strong>Colegiado:<\/strong><\/p>\n<p>CV-07101<\/p>\n<p><strong>Titulaci\u00f3n o estudios de hipnosis:<\/strong><\/p>\n<p>Introducci\u00f3n a la Hipnosis Cl\u00ednica basada en la evidencia. COPCV.<\/p>\n<p>Hipnosis Cl\u00ednica basada en la evidencia. Profundizaci\u00f3n y desarrollo. COPCV.<\/p>\n<p><strong>Temas que trata:<\/strong><\/p>\n<p>Trastornos Ansiedad, Depresi\u00f3n, Terapia de pareja, Enfado Patol\u00f3gico(Control Ira), Deshabituaci\u00f3n Tab\u00e1quica, sobrepeso, Dolor cr\u00f3nico, etc.<\/p>\n<p><strong>Datos de contacto:<\/strong><\/p>\n<p>Cl\u00ednica Sara Calzado N\u00baRegistro 18071<\/p>\n<p>C\/Francesc de Vinatea 2 bajo. Manises (Valencia)<\/p>\n<p>610 887 006<\/p>\n<p>saracalzado@cop.es<\/p>\n<p><strong>Otros datos:<\/strong><\/p>\n<p>&nbsp;<\/p>\n","protected":false},"excerpt":{"rendered":"<p>Titulaci\u00f3n universitaria: Licenciada en Psicolog\u00eda Colegiado: CV-07101 Titulaci\u00f3n o estudios de hipnosis: Introducci\u00f3n a la Hipnosis Cl\u00ednica basada en la evidencia. COPCV. Hipnosis Cl\u00ednica basada en la evidencia. Profundizaci\u00f3n y desarrollo. COPCV. Temas que trata: Trastornos Ansiedad, Depresi\u00f3n, Terapia de pareja, Enfado Patol\u00f3gico(Control Ira), Deshabituaci\u00f3n Tab\u00e1quica, sobrepeso, Dolor cr\u00f3nico, etc. Datos de contacto: Cl\u00ednica Sara &hellip;<\/p>\n","protected":false},"author":10,"featured_media":0,"parent":38,"menu_order":0,"comment_status":"closed","ping_status":"open","template":"","meta":{"footnotes":""},"categories":[],"tags":[],"class_list":["post-2191","page","type-page","status-publish","hentry"],"_links":{"self":[{"href":"https:\/\/www.grupohipnosiscopcv.es\/wordpress\/wp-json\/wp\/v2\/pages\/2191","targetHints":{"allow":["GET"]}}],"collection":[{"href":"https:\/\/www.grupohipnosiscopcv.es\/wordpress\/wp-json\/wp\/v2\/pages"}],"about":[{"href":"https:\/\/www.grupohipnosiscopcv.es\/wordpress\/wp-json\/wp\/v2\/types\/page"}],"author":[{"embeddable":true,"href":"https:\/\/www.grupohipnosiscopcv.es\/wordpress\/wp-json\/wp\/v2\/users\/10"}],"replies":[{"embeddable":true,"href":"https:\/\/www.grupohipnosiscopcv.es\/wordpress\/wp-json\/wp\/v2\/comments?post=2191"}],"version-history":[{"count":5,"href":"https:\/\/www.grupohipnosiscopcv.es\/wordpress\/wp-json\/wp\/v2\/pages\/2191\/revisions"}],"predecessor-version":[{"id":2428,"href":"https:\/\/www.grupohipnosiscopcv.es\/wordpress\/wp-json\/wp\/v2\/pages\/2191\/revisions\/2428"}],"up":[{"embeddable":true,"href":"https:\/\/www.grupohipnosiscopcv.es\/wordpress\/wp-json\/wp\/v2\/pages\/38"}],"wp:attachment":[{"href":"https:\/\/www.grupohipnosiscopcv.es\/wordpress\/wp-json\/wp\/v2\/media?parent=2191"}],"wp:term":[{"taxonomy":"category","embeddable":true,"href":"https:\/\/www.grupohipnosiscopcv.es\/wordpress\/wp-json\/wp\/v2\/categories?post=2191"},{"taxonomy":"post_tag","embeddable":true,"href":"https:\/\/www.grupohipnosiscopcv.es\/wordpress\/wp-json\/wp\/v2\/tags?post=2191"}],"curies":[{"name":"wp","href":"https:\/\/api.w.org\/{rel}","templated":true}]}}