{"id":2152,"date":"2014-04-03T20:15:36","date_gmt":"2014-04-03T19:15:36","guid":{"rendered":"http:\/\/www.grupohipnosiscopcv.es\/wordpress\/?page_id=2152"},"modified":"2014-04-03T20:15:36","modified_gmt":"2014-04-03T19:15:36","slug":"garcia-canto-victor","status":"publish","type":"page","link":"https:\/\/www.grupohipnosiscopcv.es\/wordpress\/informacion-para-usuarios\/profesionales-cualificados\/garcia-canto-victor\/","title":{"rendered":"Garc\u00eda Cant\u00f3, V\u00edctor"},"content":{"rendered":"<p><strong>Titulaci\u00f3n universitaria:<\/strong><\/p>\n<p>Licenciado en psicolog\u00eda<\/p>\n<p><strong>Colegiado:<\/strong><\/p>\n<p>CV-10704<\/p>\n<p><strong>Titulaci\u00f3n o estudios de hipnosis:<\/strong><\/p>\n<p>Introducci\u00f3n a la Hipnosis Cl\u00ednica basada en la evidencia. COPCV.<\/p>\n<p>Hipnosis Cl\u00ednica basada en la evidencia. Profundizaci\u00f3n y desarrollo. COPCV.<\/p>\n<p><strong>Temas que trata:<\/strong><\/p>\n<p>Ansiedad, Estados de \u00e1nimo, Desarrollo personal, Psicolog\u00eda laboral.<\/p>\n<p><strong>Datos de contacto:<\/strong><\/p>\n<p>Tlf 965 50 81 83 \u2013 677 472 007<\/p>\n<p>victor@psicologing.es<\/p>\n<p><strong>Otros datos:<\/strong><\/p>\n<p>Psicologing. C\/ San Vicente M\u00e1rtir 85-83, 7H. 46007, Valencia.<\/p>\n<p>http:\/\/www.psicologing.es<\/p>\n","protected":false},"excerpt":{"rendered":"<p>Titulaci\u00f3n universitaria: Licenciado en psicolog\u00eda Colegiado: CV-10704 Titulaci\u00f3n o estudios de hipnosis: Introducci\u00f3n a la Hipnosis Cl\u00ednica basada en la evidencia. COPCV. Hipnosis Cl\u00ednica basada en la evidencia. Profundizaci\u00f3n y desarrollo. COPCV. Temas que trata: Ansiedad, Estados de \u00e1nimo, Desarrollo personal, Psicolog\u00eda laboral. Datos de contacto: Tlf 965 50 81 83 \u2013 677 472 007 &hellip;<\/p>\n","protected":false},"author":10,"featured_media":0,"parent":38,"menu_order":5,"comment_status":"closed","ping_status":"open","template":"","meta":{"footnotes":""},"categories":[],"tags":[],"class_list":["post-2152","page","type-page","status-publish","hentry"],"_links":{"self":[{"href":"https:\/\/www.grupohipnosiscopcv.es\/wordpress\/wp-json\/wp\/v2\/pages\/2152","targetHints":{"allow":["GET"]}}],"collection":[{"href":"https:\/\/www.grupohipnosiscopcv.es\/wordpress\/wp-json\/wp\/v2\/pages"}],"about":[{"href":"https:\/\/www.grupohipnosiscopcv.es\/wordpress\/wp-json\/wp\/v2\/types\/page"}],"author":[{"embeddable":true,"href":"https:\/\/www.grupohipnosiscopcv.es\/wordpress\/wp-json\/wp\/v2\/users\/10"}],"replies":[{"embeddable":true,"href":"https:\/\/www.grupohipnosiscopcv.es\/wordpress\/wp-json\/wp\/v2\/comments?post=2152"}],"version-history":[{"count":1,"href":"https:\/\/www.grupohipnosiscopcv.es\/wordpress\/wp-json\/wp\/v2\/pages\/2152\/revisions"}],"predecessor-version":[{"id":2153,"href":"https:\/\/www.grupohipnosiscopcv.es\/wordpress\/wp-json\/wp\/v2\/pages\/2152\/revisions\/2153"}],"up":[{"embeddable":true,"href":"https:\/\/www.grupohipnosiscopcv.es\/wordpress\/wp-json\/wp\/v2\/pages\/38"}],"wp:attachment":[{"href":"https:\/\/www.grupohipnosiscopcv.es\/wordpress\/wp-json\/wp\/v2\/media?parent=2152"}],"wp:term":[{"taxonomy":"category","embeddable":true,"href":"https:\/\/www.grupohipnosiscopcv.es\/wordpress\/wp-json\/wp\/v2\/categories?post=2152"},{"taxonomy":"post_tag","embeddable":true,"href":"https:\/\/www.grupohipnosiscopcv.es\/wordpress\/wp-json\/wp\/v2\/tags?post=2152"}],"curies":[{"name":"wp","href":"https:\/\/api.w.org\/{rel}","templated":true}]}}