{"id":2142,"date":"2013-08-20T23:09:31","date_gmt":"2013-08-20T22:09:31","guid":{"rendered":"http:\/\/www.grupohipnosiscopcv.es\/wordpress\/?page_id=2142"},"modified":"2013-08-20T23:09:31","modified_gmt":"2013-08-20T22:09:31","slug":"costa-gatell-esther","status":"publish","type":"page","link":"https:\/\/www.grupohipnosiscopcv.es\/wordpress\/informacion-para-usuarios\/profesionales-cualificados\/costa-gatell-esther\/","title":{"rendered":"Costa Gatell, Esther"},"content":{"rendered":"<p><strong>Titulaci\u00f3n universitaria:<\/strong><\/p>\n<p>Licenciada en Medicina y Cirug\u00eda.<\/p>\n<p>M\u00e1ster en psicoterapia por la Universitat de Girona,<\/p>\n<p>pPostgrado en Medicina\u00a0psicosom\u00e1tica por la Universidad Internacional de Catalu\u00f1a<\/p>\n<p><strong>Colegiado:<\/strong><\/p>\n<p>27182\u00a0 Ilustre Colegio Oficial de M\u00e9dicos de Barcelona<\/p>\n<p><strong>Titulaci\u00f3n o estudios de hipnosis:<\/strong><\/p>\n<p>Postgrado en hipnosis ericksoniana por la Universitat\u00a0de Barcelona<\/p>\n<p><strong>Temas que trata:<\/strong><\/p>\n<p>dolor cr\u00f3nico, trastornos psicosom\u00e1ticos, abstenci\u00f3n tab\u00e1quica,\u00a0trastornos afectivos<\/p>\n<p><strong>Datos de contacto:<\/strong><\/p>\n<p>esthercost@gmail.com, tel 932183919,<\/p>\n<p>Calle Gran de Gr\u00e0cia n\u00ba 71, 2\u00ba1\u00ba, Barcelona 08012<\/p>\n<p><a href=\"http:\/\/www.hipnosisdoctoracosta.com\" target=\"_blank\">www.hipnosisdoctoracosta.com<\/a><\/p>\n","protected":false},"excerpt":{"rendered":"<p>Titulaci\u00f3n universitaria: Licenciada en Medicina y Cirug\u00eda. M\u00e1ster en psicoterapia por la Universitat de Girona, pPostgrado en Medicina\u00a0psicosom\u00e1tica por la Universidad Internacional de Catalu\u00f1a Colegiado: 27182\u00a0 Ilustre Colegio Oficial de M\u00e9dicos de Barcelona Titulaci\u00f3n o estudios de hipnosis: Postgrado en hipnosis ericksoniana por la Universitat\u00a0de Barcelona Temas que trata: dolor cr\u00f3nico, trastornos psicosom\u00e1ticos, abstenci\u00f3n tab\u00e1quica,\u00a0trastornos &hellip;<\/p>\n","protected":false},"author":10,"featured_media":0,"parent":38,"menu_order":64,"comment_status":"closed","ping_status":"open","template":"","meta":{"footnotes":""},"categories":[],"tags":[],"class_list":["post-2142","page","type-page","status-publish","hentry"],"_links":{"self":[{"href":"https:\/\/www.grupohipnosiscopcv.es\/wordpress\/wp-json\/wp\/v2\/pages\/2142","targetHints":{"allow":["GET"]}}],"collection":[{"href":"https:\/\/www.grupohipnosiscopcv.es\/wordpress\/wp-json\/wp\/v2\/pages"}],"about":[{"href":"https:\/\/www.grupohipnosiscopcv.es\/wordpress\/wp-json\/wp\/v2\/types\/page"}],"author":[{"embeddable":true,"href":"https:\/\/www.grupohipnosiscopcv.es\/wordpress\/wp-json\/wp\/v2\/users\/10"}],"replies":[{"embeddable":true,"href":"https:\/\/www.grupohipnosiscopcv.es\/wordpress\/wp-json\/wp\/v2\/comments?post=2142"}],"version-history":[{"count":3,"href":"https:\/\/www.grupohipnosiscopcv.es\/wordpress\/wp-json\/wp\/v2\/pages\/2142\/revisions"}],"predecessor-version":[{"id":2145,"href":"https:\/\/www.grupohipnosiscopcv.es\/wordpress\/wp-json\/wp\/v2\/pages\/2142\/revisions\/2145"}],"up":[{"embeddable":true,"href":"https:\/\/www.grupohipnosiscopcv.es\/wordpress\/wp-json\/wp\/v2\/pages\/38"}],"wp:attachment":[{"href":"https:\/\/www.grupohipnosiscopcv.es\/wordpress\/wp-json\/wp\/v2\/media?parent=2142"}],"wp:term":[{"taxonomy":"category","embeddable":true,"href":"https:\/\/www.grupohipnosiscopcv.es\/wordpress\/wp-json\/wp\/v2\/categories?post=2142"},{"taxonomy":"post_tag","embeddable":true,"href":"https:\/\/www.grupohipnosiscopcv.es\/wordpress\/wp-json\/wp\/v2\/tags?post=2142"}],"curies":[{"name":"wp","href":"https:\/\/api.w.org\/{rel}","templated":true}]}}