{"id":2121,"date":"2013-06-09T13:05:48","date_gmt":"2013-06-09T12:05:48","guid":{"rendered":"http:\/\/www.grupohipnosiscopcv.es\/wordpress\/?page_id=2121"},"modified":"2013-06-09T13:05:48","modified_gmt":"2013-06-09T12:05:48","slug":"pardo-lozano-jose-luis","status":"publish","type":"page","link":"https:\/\/www.grupohipnosiscopcv.es\/wordpress\/informacion-para-usuarios\/profesionales-cualificados\/pardo-lozano-jose-luis\/","title":{"rendered":"Pardo Lozano, Jose Luis"},"content":{"rendered":"<p><strong>Titulaci\u00f3n universitaria:<\/strong><\/p>\n<p>Licenciado en Psicolog\u00eda.<br \/>\n<strong>Colegiado:<\/strong><\/p>\n<p>CV11685<\/p>\n<p><strong>Titulaci\u00f3n o estudios de hipnosis:<\/strong><\/p>\n<p>Hipnosis cl\u00ednica basada en la evidencia (COP Valencia)<\/p>\n<p><strong>Temas que trata:<\/strong><\/p>\n<p>Psicolog\u00eda del deporte, especializado en mejora del rendimiento.<\/p>\n<p><strong>Datos de contacto:<\/strong><br \/>\nValencia<br \/>\ntelf: Tel\u00e9fono: 665.88.77.49<br \/>\nEmail: jlpardolozano@hotmail.com<\/p>\n<p><strong>Otros datos:<\/strong><br \/>\n\u00a0Posibilidad de consulta a domicilio.<\/p>\n","protected":false},"excerpt":{"rendered":"<p>Titulaci\u00f3n universitaria: Licenciado en Psicolog\u00eda. Colegiado: CV11685 Titulaci\u00f3n o estudios de hipnosis: Hipnosis cl\u00ednica basada en la evidencia (COP Valencia) Temas que trata: Psicolog\u00eda del deporte, especializado en mejora del rendimiento. Datos de contacto: Valencia telf: Tel\u00e9fono: 665.88.77.49 Email: jlpardolozano@hotmail.com Otros datos: \u00a0Posibilidad de consulta a domicilio.<\/p>\n","protected":false},"author":10,"featured_media":0,"parent":38,"menu_order":7,"comment_status":"closed","ping_status":"open","template":"","meta":{"footnotes":""},"categories":[],"tags":[],"class_list":["post-2121","page","type-page","status-publish","hentry"],"_links":{"self":[{"href":"https:\/\/www.grupohipnosiscopcv.es\/wordpress\/wp-json\/wp\/v2\/pages\/2121","targetHints":{"allow":["GET"]}}],"collection":[{"href":"https:\/\/www.grupohipnosiscopcv.es\/wordpress\/wp-json\/wp\/v2\/pages"}],"about":[{"href":"https:\/\/www.grupohipnosiscopcv.es\/wordpress\/wp-json\/wp\/v2\/types\/page"}],"author":[{"embeddable":true,"href":"https:\/\/www.grupohipnosiscopcv.es\/wordpress\/wp-json\/wp\/v2\/users\/10"}],"replies":[{"embeddable":true,"href":"https:\/\/www.grupohipnosiscopcv.es\/wordpress\/wp-json\/wp\/v2\/comments?post=2121"}],"version-history":[{"count":1,"href":"https:\/\/www.grupohipnosiscopcv.es\/wordpress\/wp-json\/wp\/v2\/pages\/2121\/revisions"}],"predecessor-version":[{"id":2122,"href":"https:\/\/www.grupohipnosiscopcv.es\/wordpress\/wp-json\/wp\/v2\/pages\/2121\/revisions\/2122"}],"up":[{"embeddable":true,"href":"https:\/\/www.grupohipnosiscopcv.es\/wordpress\/wp-json\/wp\/v2\/pages\/38"}],"wp:attachment":[{"href":"https:\/\/www.grupohipnosiscopcv.es\/wordpress\/wp-json\/wp\/v2\/media?parent=2121"}],"wp:term":[{"taxonomy":"category","embeddable":true,"href":"https:\/\/www.grupohipnosiscopcv.es\/wordpress\/wp-json\/wp\/v2\/categories?post=2121"},{"taxonomy":"post_tag","embeddable":true,"href":"https:\/\/www.grupohipnosiscopcv.es\/wordpress\/wp-json\/wp\/v2\/tags?post=2121"}],"curies":[{"name":"wp","href":"https:\/\/api.w.org\/{rel}","templated":true}]}}