{"id":2095,"date":"2012-12-19T20:13:50","date_gmt":"2012-12-19T19:13:50","guid":{"rendered":"http:\/\/www.grupohipnosiscopcv.es\/wordpress\/?page_id=2095"},"modified":"2012-12-19T20:13:50","modified_gmt":"2012-12-19T19:13:50","slug":"blasco-saiz-juan-luis","status":"publish","type":"page","link":"https:\/\/www.grupohipnosiscopcv.es\/wordpress\/informacion-para-usuarios\/profesionales-cualificados\/blasco-saiz-juan-luis\/","title":{"rendered":"Blasco S\u00e1iz, Juan Luis"},"content":{"rendered":"<p><strong>Titulaci\u00f3n universitaria:<\/strong><\/p>\n<p>Licenciado con Grado en Psicolog\u00eda. Especialista en Psicolog\u00eda Cl\u00ednica.<\/p>\n<p><strong>Colegiado:<\/strong><\/p>\n<p>CV04964<\/p>\n<p><strong>Titulaci\u00f3n o estudios de hipnosis:<\/strong><\/p>\n<p>Especialista Universitario en Hipnosis Cl\u00ednica por la Universidad Nacional de Educaci\u00f3n a Distancia (UNED)<\/p>\n<p><strong>Temas que trata:<\/strong><\/p>\n<p>Los Propios de la Especialidad en Psicolog\u00eda Cl\u00ednica<\/p>\n<p><strong>Datos de contacto:<\/strong><\/p>\n<p>C\/ Marina Alta, 4-9-1, 46015 &#8211; Valencia.<br \/>\ntelf: 637 879 363.<br \/>\nwww.ipas.es<\/p>\n<p><strong>Otros datos:<\/strong><\/p>\n<p>M\u00e1ster Oficial en Psicolog\u00eda Jur\u00eddica<br \/>\nM\u00e1ster en Valoraci\u00f3n de la Discapacidad, Especialidad Psicolog\u00eda.<br \/>\nM\u00e1ster en Modificaci\u00f3n, Psicolog\u00eda Cl\u00ednica y de la Salud.<\/p>\n","protected":false},"excerpt":{"rendered":"<p>Titulaci\u00f3n universitaria: Licenciado con Grado en Psicolog\u00eda. Especialista en Psicolog\u00eda Cl\u00ednica. Colegiado: CV04964 Titulaci\u00f3n o estudios de hipnosis: Especialista Universitario en Hipnosis Cl\u00ednica por la Universidad Nacional de Educaci\u00f3n a Distancia (UNED) Temas que trata: Los Propios de la Especialidad en Psicolog\u00eda Cl\u00ednica Datos de contacto: C\/ Marina Alta, 4-9-1, 46015 &#8211; Valencia. telf: 637 &hellip;<\/p>\n","protected":false},"author":10,"featured_media":0,"parent":38,"menu_order":10,"comment_status":"closed","ping_status":"open","template":"","meta":{"footnotes":""},"categories":[],"tags":[],"class_list":["post-2095","page","type-page","status-publish","hentry"],"_links":{"self":[{"href":"https:\/\/www.grupohipnosiscopcv.es\/wordpress\/wp-json\/wp\/v2\/pages\/2095","targetHints":{"allow":["GET"]}}],"collection":[{"href":"https:\/\/www.grupohipnosiscopcv.es\/wordpress\/wp-json\/wp\/v2\/pages"}],"about":[{"href":"https:\/\/www.grupohipnosiscopcv.es\/wordpress\/wp-json\/wp\/v2\/types\/page"}],"author":[{"embeddable":true,"href":"https:\/\/www.grupohipnosiscopcv.es\/wordpress\/wp-json\/wp\/v2\/users\/10"}],"replies":[{"embeddable":true,"href":"https:\/\/www.grupohipnosiscopcv.es\/wordpress\/wp-json\/wp\/v2\/comments?post=2095"}],"version-history":[{"count":1,"href":"https:\/\/www.grupohipnosiscopcv.es\/wordpress\/wp-json\/wp\/v2\/pages\/2095\/revisions"}],"predecessor-version":[{"id":2096,"href":"https:\/\/www.grupohipnosiscopcv.es\/wordpress\/wp-json\/wp\/v2\/pages\/2095\/revisions\/2096"}],"up":[{"embeddable":true,"href":"https:\/\/www.grupohipnosiscopcv.es\/wordpress\/wp-json\/wp\/v2\/pages\/38"}],"wp:attachment":[{"href":"https:\/\/www.grupohipnosiscopcv.es\/wordpress\/wp-json\/wp\/v2\/media?parent=2095"}],"wp:term":[{"taxonomy":"category","embeddable":true,"href":"https:\/\/www.grupohipnosiscopcv.es\/wordpress\/wp-json\/wp\/v2\/categories?post=2095"},{"taxonomy":"post_tag","embeddable":true,"href":"https:\/\/www.grupohipnosiscopcv.es\/wordpress\/wp-json\/wp\/v2\/tags?post=2095"}],"curies":[{"name":"wp","href":"https:\/\/api.w.org\/{rel}","templated":true}]}}