{"id":2091,"date":"2012-12-09T23:51:58","date_gmt":"2012-12-09T22:51:58","guid":{"rendered":"http:\/\/www.grupohipnosiscopcv.es\/wordpress\/?page_id=2091"},"modified":"2012-12-09T23:51:58","modified_gmt":"2012-12-09T22:51:58","slug":"camara-reche-belen","status":"publish","type":"page","link":"https:\/\/www.grupohipnosiscopcv.es\/wordpress\/informacion-para-usuarios\/profesionales-cualificados\/camara-reche-belen\/","title":{"rendered":"C\u00e1mara Reche, Bel\u00e9n"},"content":{"rendered":"<p><strong>Titulaci\u00f3n universitaria:<\/strong><\/p>\n<p>Diplomada en Magisterio (Valencia)<br \/>\nLicenciada en Filosof\u00eda y Ciencias de la Educaci\u00f3n, Licenciada en Psicolog\u00eda (Universidad de Valencia). Master de Intervenci\u00f3n en Psicolog\u00eda Cl\u00ednica y Salud (Universidad de Valencia)<\/p>\n<p><strong>Colegiado:<\/strong><\/p>\n<p>CV 9700<\/p>\n<p><strong>Titulaci\u00f3n o estudios de hipnosis:<\/strong><\/p>\n<p>Introducci\u00f3n a la Hipnosis Cl\u00ednica (COP &#8211; CV junio-julio 2008) (30 horas)<br \/>\nHipnosis para el alivio del dolor (COP \u2013 CV marzo 2010) (4 horas)<br \/>\nLa hipnosis y sus aplicaciones cl\u00ednicas: Desarrollo y profundizaci\u00f3n\u201d (COP \u2013 CV octubre-noviembre 2011) (30 horas)<br \/>\nHipnosis y trastornos psicosom\u00e1ticos (COP \u2013 CV julio 2012) 8 horas<\/p>\n<p><strong>Temas que trata:<\/strong><\/p>\n<p>Ansiedad, fobias, tabaquismo, manejo del dolor, depresi\u00f3n, estr\u00e9s, adicciones, duelo\u2026<\/p>\n<p><strong>Datos de contacto:<\/strong><\/p>\n<p>Avd del Cid 148 pta. 2 VALENCIA<\/p>\n<p>Tel\u00e9fono 96 3111562 \u2013 647 787 914<\/p>\n<p><strong>Otros datos:<\/strong><br \/>\ncamarabelen @ hotmail.com<\/p>\n","protected":false},"excerpt":{"rendered":"<p>Titulaci\u00f3n universitaria: Diplomada en Magisterio (Valencia) Licenciada en Filosof\u00eda y Ciencias de la Educaci\u00f3n, Licenciada en Psicolog\u00eda (Universidad de Valencia). Master de Intervenci\u00f3n en Psicolog\u00eda Cl\u00ednica y Salud (Universidad de Valencia) Colegiado: CV 9700 Titulaci\u00f3n o estudios de hipnosis: Introducci\u00f3n a la Hipnosis Cl\u00ednica (COP &#8211; CV junio-julio 2008) (30 horas) Hipnosis para el alivio &hellip;<\/p>\n","protected":false},"author":10,"featured_media":0,"parent":38,"menu_order":37,"comment_status":"closed","ping_status":"open","template":"","meta":{"footnotes":""},"categories":[],"tags":[],"class_list":["post-2091","page","type-page","status-publish","hentry"],"_links":{"self":[{"href":"https:\/\/www.grupohipnosiscopcv.es\/wordpress\/wp-json\/wp\/v2\/pages\/2091","targetHints":{"allow":["GET"]}}],"collection":[{"href":"https:\/\/www.grupohipnosiscopcv.es\/wordpress\/wp-json\/wp\/v2\/pages"}],"about":[{"href":"https:\/\/www.grupohipnosiscopcv.es\/wordpress\/wp-json\/wp\/v2\/types\/page"}],"author":[{"embeddable":true,"href":"https:\/\/www.grupohipnosiscopcv.es\/wordpress\/wp-json\/wp\/v2\/users\/10"}],"replies":[{"embeddable":true,"href":"https:\/\/www.grupohipnosiscopcv.es\/wordpress\/wp-json\/wp\/v2\/comments?post=2091"}],"version-history":[{"count":1,"href":"https:\/\/www.grupohipnosiscopcv.es\/wordpress\/wp-json\/wp\/v2\/pages\/2091\/revisions"}],"predecessor-version":[{"id":2092,"href":"https:\/\/www.grupohipnosiscopcv.es\/wordpress\/wp-json\/wp\/v2\/pages\/2091\/revisions\/2092"}],"up":[{"embeddable":true,"href":"https:\/\/www.grupohipnosiscopcv.es\/wordpress\/wp-json\/wp\/v2\/pages\/38"}],"wp:attachment":[{"href":"https:\/\/www.grupohipnosiscopcv.es\/wordpress\/wp-json\/wp\/v2\/media?parent=2091"}],"wp:term":[{"taxonomy":"category","embeddable":true,"href":"https:\/\/www.grupohipnosiscopcv.es\/wordpress\/wp-json\/wp\/v2\/categories?post=2091"},{"taxonomy":"post_tag","embeddable":true,"href":"https:\/\/www.grupohipnosiscopcv.es\/wordpress\/wp-json\/wp\/v2\/tags?post=2091"}],"curies":[{"name":"wp","href":"https:\/\/api.w.org\/{rel}","templated":true}]}}