{"id":203,"date":"2010-03-06T20:47:43","date_gmt":"2010-03-06T19:47:43","guid":{"rendered":"http:\/\/www.grupohipnosiscopcv.es\/wordpress\/?page_id=203"},"modified":"2012-01-28T20:56:45","modified_gmt":"2012-01-28T19:56:45","slug":"la-falacia-de-post-hoc-ergo-propter-hoc","status":"publish","type":"page","link":"https:\/\/www.grupohipnosiscopcv.es\/wordpress\/recursos-para-profesionales\/bibliografia\/articulos\/la-falacia-de-post-hoc-ergo-propter-hoc\/","title":{"rendered":"LA FALACIA DE \u00abPOST HOC, ERGO PROPTER HOC\u00bb"},"content":{"rendered":"<p><strong><em> <\/em><\/strong><em><br \/>\n<\/em><em>Por Arturo Bosque<\/em><\/p>\n<p><em><br \/>\n<\/em><em>(Es contestaci\u00f3n al mensaje de un amigo que cree haber curado \u00abuna ci\u00e1tica\u00bb mediante homeopat\u00eda)<\/em><\/p>\n<p><em><br \/>\n<\/em><strong><em>Experiencia por experiencia<\/em><\/strong><\/p>\n<p><em><br \/>\n<\/em><em>En una ocasi\u00f3n, subiendo a los ibones del Anayet (ver el diario de mi bota,<a href=\"http:\/\/abosque.webcindario.com\/Bota\/amibota.htm\" target=\"_blank\">http:\/\/abosque.webcindario.com\/Bota\/amibota.htm<\/a>), sufr\u00ed un resbal\u00f3n con tan mala fortuna que mi rodilla hizo un \u00ab\u00a1catracrec!\u00bb que me produjo un fuerte dolor. Descans\u00e9 m\u00e1s de media hora y, como se amortigu\u00f3 mucho, segu\u00ed, reconozco mi imprudencia, con la excursi\u00f3n. La bajada fue un calvario.Cuando llegu\u00e9 al coche casi iba arrastrando los pies por el intenso dolor que me produc\u00eda la rodilla. Este dolor, al principio muy fuerte, se fue atenuando al paso de los meses. Ciertos movimientos, sobre todo los incontrolados, reproduc\u00edan la situaci\u00f3n inicial. As\u00ed, mediante una especie de ciclos observaba que la tendencia era de amortiguaci\u00f3n. Aguant\u00e9; eso s\u00ed, iba a nataci\u00f3n y no dej\u00e9 nunca de mover la articulaci\u00f3n afectada. Pasados casi dos a\u00f1os, no me duele nada y sigo haciendo excursiones tan o m\u00e1s duras que la que me produjo el incidente.<\/em><\/p>\n<p><em><br \/>\n<\/em><em>No fui ni al m\u00e9dico, ni al fisioterapeuta, ni al naturista, ni al acupuntor, ni al home\u00f3pata. El dolor, aunque dur\u00f3 un tiempo tan largo, al final desapareci\u00f3. <\/em><em><\/p>\n<p>No hace falta ser un l\u00f3gico matem\u00e1tico para deducir que, si hubiese ido 5 meses a cada \u00abespecialista\u00bb en este orden, se hubiese llevado el m\u00e9rito el\u00a0home\u00f3pata. Pero si hubiese ido en otro orden hubieran triunfado el <\/em><em>acupuntor, el naturista, el fisioterapeuta o el m\u00e9dico.<\/em><\/p>\n<p><em><br \/>\n<\/em><strong><em>La falacia de \u00abpost hoc, ergo propter hoc\u00bb<\/em><\/strong><\/p>\n<p><em><br \/>\n<\/em><em>Tu experiencia, amigo, y la m\u00eda se anulan. El resultado es 1 a 1. \u00bfQu\u00e9 hacemos? <\/em><em><\/p>\n<p><\/em><em>Al hombre en su evoluci\u00f3n le ha ido muy bien asociar que, cuando una cosa sucede despu\u00e9s de otra, la primera es causa de la segunda. Y m\u00e1s si \u00e9sta relaci\u00f3n se repite. Todos tendemos a pensar autom\u00e1ticamente de esta manera \u00bfPero eso es as\u00ed? \u00bfSiempre que algo sucede tras una acci\u00f3n, \u00e9sta es su <\/em><em>causa? \u00a1Naturalmente que no! No pongo ejemplos porque todos hemos tenido un mont\u00f3n en vuestra vida. Sin embargo nos cuesta mucho no caer en la falacia \u00abpost hoc, ergo propter hoc\u00bb. En la experiencia que he descrito arriba se puede ver que, dependiendo del orden en que hubiese visitado a un\u00bbespecialista\u00bb, la causa de mi cura se le hubiese atribuido a uno de los <\/em><em>cinco.<\/em><\/p>\n<p><em>(Unas buenas p\u00e1ginas sobre \u00e9ste tema son \u00e9stas: Falacias y sofismas<\/em><\/p>\n<p><em><a href=\"http:\/\/clientes.vianetworks.es\/empresas\/lua911\/html\/Bachi1\/Falacias\/falacia.html\">http:\/\/clientes.vianetworks.es\/empresas\/lua911\/html\/Bachi1\/Falacias\/falacia.html<\/a><\/em><\/p>\n<p><em>y Falacias l\u00f3gicas\u00a0<a href=\"http:\/\/www.arp-sapc.org\/alojadas\/f6.html\" target=\"_blank\">http:\/\/www.arp-sapc.org\/alojadas\/f6.html<\/a>)<\/em><\/p>\n<p><em><br \/>\n<\/em><strong><em>\u00bfEs posible conocer c\u00f3mo se concatenan causas y efectos?<\/em><\/strong><\/p>\n<p><em><br \/>\nS\u00ed. Existe un m\u00e9todo. Es el m\u00e9todo cient\u00edfico. Las experiencias personales\u00a0no sirven, ni la tuya, querido amigo; ni la m\u00eda. Podemos incurrir en la <\/em><em>falacia descrita o en otras.<\/em><\/p>\n<p><em><br \/>\nEn el caso concreto de las terapias, el m\u00e9todo para descubrir la concatenaci\u00f3n de causas y efectos es el ensayo cl\u00ednico. Se toma una\u00a0poblaci\u00f3n lo m\u00e1s numerosa posible que tengan la misma enfermedad, por ejemplo, \u00abla ci\u00e1tica\u00bb que t\u00fa citas. Si se quiere saber los efectos de la homeopat\u00eda, por seguir tu caso, a la mitad de los pacientes se les\u00a0suministra un producto homeop\u00e1tico y a otros un placebo (podr\u00eda ser agua\u00a0pura). Todo esto se hace por el m\u00e9todo que se llama doble ciego: ni los pacientes ni el que reparte la medicaci\u00f3n sabe si reciben (o suministran)\u00a0medicamento o placebo. Luego se hace un estudio estad\u00edstico. L\u00f3gicamente, si <\/em><em>la medicaci\u00f3n es efectiva, los tratados con el producto en cuesti\u00f3n mejoran con toda claridad frente a los tratados con placebo.<\/em><\/p>\n<p><em><br \/>\nExiste una fundaci\u00f3n, llamada Cochrane, que se dedica a estudiar ensayos cl\u00ednicos y que tiene como lema \u00abmedicina basada en la evidencia\u00bb. Significa\u00a0que esta fundaci\u00f3n intenta descubrir lo que cura de lo que no. Entra en la\u00a0p\u00e1gina de Cochrane (<a href=\"http:\/\/www.update-software.com\/clibplus\/clibpluslogon.htm\" target=\"_blank\">http:\/\/www.update-software.com\/clibplus\/clibpluslogon.htm<\/a>), escribe en el buscador \u00abHomeopat\u00eda\u00bb y echa un vistazo. Yo no he encontrado ning\u00fan estudio que avale su efectividad. S\u00f3lo he encontrado estudios que afirman su\u00a0ineficacia.<\/p>\n<p><\/em><strong><em>\u00bfNos alarmamos o no?<\/em><\/strong><\/p>\n<p><em><br \/>\nSi se llegara a la conclusi\u00f3n de que estas medicinas alternativas (para m\u00ed, pseudomedicinas) no sirven para nada, algo de alarma social s\u00ed que se\u00a0debiera producir. Generar\u00edan a la sociedad incrementos de coste in\u00fatiles con <\/em><em>la entrada de acupuntores, home\u00f3patas u otros \u00abespecialistas\u00bb en el sistema sanitario. <\/em><em><\/p>\n<p>Donde nos hemos de centrar es en si sirve o no sirve tal o cual terapia.\u00a0Fuera de la sanidad p\u00fablica que cada uno haga de su capa un sayo. Tengo una relaci\u00f3n de 129 terapias que van desde las citadas hasta curarse por eructos\u00a0o excrementos de vaca. Todas ellas tienen seguidores ac\u00e9rrimos que afirman <\/em><em>con ejemplos concretos la bondad de su sistema. Busca en Internet y ver\u00e1s maravillas. <\/em><em><\/p>\n<p><\/em><em>Lo dicho, es una falacia el \u00absucede despu\u00e9s de esto, luego es por esto\u00bb <\/em><em><\/p>\n<p><\/em><em>Un abrazo<\/em><\/p>\n<p><em> <\/em><\/p>\n<p><em>Arturo Bosque<\/em><br \/>\n<a href=\"http:\/\/digital.el-esceptico.org\/leer.php?id=1852&amp;autor=65&amp;tema=9&amp;bu=fisioterapeuta\">http:\/\/digital.el-esceptico.org\/leer.php?id=1852&amp;autor=65&amp;tema=9&amp;bu=fisioterapeuta<\/a><\/p>\n","protected":false},"excerpt":{"rendered":"<p>Por Arturo Bosque (Es contestaci\u00f3n al mensaje de un amigo que cree haber curado \u00abuna ci\u00e1tica\u00bb mediante homeopat\u00eda) Experiencia por experiencia En una ocasi\u00f3n, subiendo a los ibones del Anayet (ver el diario de mi bota,http:\/\/abosque.webcindario.com\/Bota\/amibota.htm), sufr\u00ed un resbal\u00f3n con tan mala fortuna que mi rodilla hizo un \u00ab\u00a1catracrec!\u00bb que me produjo un fuerte dolor. &hellip;<\/p>\n","protected":false},"author":12,"featured_media":0,"parent":138,"menu_order":3,"comment_status":"closed","ping_status":"closed","template":"","meta":{"footnotes":""},"categories":[10],"tags":[],"class_list":["post-203","page","type-page","status-publish","hentry","category-noticias"],"_links":{"self":[{"href":"https:\/\/www.grupohipnosiscopcv.es\/wordpress\/wp-json\/wp\/v2\/pages\/203","targetHints":{"allow":["GET"]}}],"collection":[{"href":"https:\/\/www.grupohipnosiscopcv.es\/wordpress\/wp-json\/wp\/v2\/pages"}],"about":[{"href":"https:\/\/www.grupohipnosiscopcv.es\/wordpress\/wp-json\/wp\/v2\/types\/page"}],"author":[{"embeddable":true,"href":"https:\/\/www.grupohipnosiscopcv.es\/wordpress\/wp-json\/wp\/v2\/users\/12"}],"replies":[{"embeddable":true,"href":"https:\/\/www.grupohipnosiscopcv.es\/wordpress\/wp-json\/wp\/v2\/comments?post=203"}],"version-history":[{"count":3,"href":"https:\/\/www.grupohipnosiscopcv.es\/wordpress\/wp-json\/wp\/v2\/pages\/203\/revisions"}],"predecessor-version":[{"id":1517,"href":"https:\/\/www.grupohipnosiscopcv.es\/wordpress\/wp-json\/wp\/v2\/pages\/203\/revisions\/1517"}],"up":[{"embeddable":true,"href":"https:\/\/www.grupohipnosiscopcv.es\/wordpress\/wp-json\/wp\/v2\/pages\/138"}],"wp:attachment":[{"href":"https:\/\/www.grupohipnosiscopcv.es\/wordpress\/wp-json\/wp\/v2\/media?parent=203"}],"wp:term":[{"taxonomy":"category","embeddable":true,"href":"https:\/\/www.grupohipnosiscopcv.es\/wordpress\/wp-json\/wp\/v2\/categories?post=203"},{"taxonomy":"post_tag","embeddable":true,"href":"https:\/\/www.grupohipnosiscopcv.es\/wordpress\/wp-json\/wp\/v2\/tags?post=203"}],"curies":[{"name":"wp","href":"https:\/\/api.w.org\/{rel}","templated":true}]}}