{"id":2008,"date":"2012-10-28T11:07:58","date_gmt":"2012-10-28T10:07:58","guid":{"rendered":"http:\/\/www.grupohipnosiscopcv.es\/wordpress\/?page_id=2008"},"modified":"2013-08-20T23:02:02","modified_gmt":"2013-08-20T22:02:02","slug":"dominguez-busto-manuel-jesus","status":"publish","type":"page","link":"https:\/\/www.grupohipnosiscopcv.es\/wordpress\/informacion-para-usuarios\/profesionales-cualificados\/dominguez-busto-manuel-jesus\/","title":{"rendered":"Dom\u00ednguez Busto, Manuel Jes\u00fas"},"content":{"rendered":"<p><strong>Titulaci\u00f3n universitaria:<\/strong><\/p>\n<p>Licenciado en psicolog\u00eda. Especialidad cl\u00ednica<\/p>\n<p><strong>Colegiado:<\/strong><\/p>\n<p>B &#8211; 00932<\/p>\n<p><strong>Titulaci\u00f3n o estudios de hipnosis:<\/strong><br \/>\nEspecialista Universitario en Hipnosis Cl\u00ednica (UNED)<\/p>\n<p><strong>Temas que trata:<\/strong><\/p>\n<p>Psicolog\u00eda cl\u00ednica y neuropsicolog\u00eda<\/p>\n<p><strong>Datos de contacto:<\/strong><\/p>\n<p>Datos de contacto: LLac de Constan\u00e7a, 30 bajo 07013 Palma.<br \/>\nTel\u00e9fono 629994641.<\/p>\n<p>E-mail: <a href=\"mailto:mjdbusto@cop.es\">mjdbusto@cop.es<\/a><\/p>\n","protected":false},"excerpt":{"rendered":"<p>Titulaci\u00f3n universitaria: Licenciado en psicolog\u00eda. Especialidad cl\u00ednica Colegiado: B &#8211; 00932 Titulaci\u00f3n o estudios de hipnosis: Especialista Universitario en Hipnosis Cl\u00ednica (UNED) Temas que trata: Psicolog\u00eda cl\u00ednica y neuropsicolog\u00eda Datos de contacto: Datos de contacto: LLac de Constan\u00e7a, 30 bajo 07013 Palma. Tel\u00e9fono 629994641. E-mail: mjdbusto@cop.es<\/p>\n","protected":false},"author":10,"featured_media":0,"parent":38,"menu_order":76,"comment_status":"closed","ping_status":"open","template":"","meta":{"footnotes":""},"categories":[],"tags":[],"class_list":["post-2008","page","type-page","status-publish","hentry"],"_links":{"self":[{"href":"https:\/\/www.grupohipnosiscopcv.es\/wordpress\/wp-json\/wp\/v2\/pages\/2008","targetHints":{"allow":["GET"]}}],"collection":[{"href":"https:\/\/www.grupohipnosiscopcv.es\/wordpress\/wp-json\/wp\/v2\/pages"}],"about":[{"href":"https:\/\/www.grupohipnosiscopcv.es\/wordpress\/wp-json\/wp\/v2\/types\/page"}],"author":[{"embeddable":true,"href":"https:\/\/www.grupohipnosiscopcv.es\/wordpress\/wp-json\/wp\/v2\/users\/10"}],"replies":[{"embeddable":true,"href":"https:\/\/www.grupohipnosiscopcv.es\/wordpress\/wp-json\/wp\/v2\/comments?post=2008"}],"version-history":[{"count":2,"href":"https:\/\/www.grupohipnosiscopcv.es\/wordpress\/wp-json\/wp\/v2\/pages\/2008\/revisions"}],"predecessor-version":[{"id":2036,"href":"https:\/\/www.grupohipnosiscopcv.es\/wordpress\/wp-json\/wp\/v2\/pages\/2008\/revisions\/2036"}],"up":[{"embeddable":true,"href":"https:\/\/www.grupohipnosiscopcv.es\/wordpress\/wp-json\/wp\/v2\/pages\/38"}],"wp:attachment":[{"href":"https:\/\/www.grupohipnosiscopcv.es\/wordpress\/wp-json\/wp\/v2\/media?parent=2008"}],"wp:term":[{"taxonomy":"category","embeddable":true,"href":"https:\/\/www.grupohipnosiscopcv.es\/wordpress\/wp-json\/wp\/v2\/categories?post=2008"},{"taxonomy":"post_tag","embeddable":true,"href":"https:\/\/www.grupohipnosiscopcv.es\/wordpress\/wp-json\/wp\/v2\/tags?post=2008"}],"curies":[{"name":"wp","href":"https:\/\/api.w.org\/{rel}","templated":true}]}}