{"id":2005,"date":"2012-10-25T18:37:38","date_gmt":"2012-10-25T17:37:38","guid":{"rendered":"http:\/\/www.grupohipnosiscopcv.es\/wordpress\/?page_id=2005"},"modified":"2013-08-20T23:02:04","modified_gmt":"2013-08-20T22:02:04","slug":"navarro-hernandez-pilar","status":"publish","type":"page","link":"https:\/\/www.grupohipnosiscopcv.es\/wordpress\/informacion-para-usuarios\/profesionales-cualificados\/navarro-hernandez-pilar\/","title":{"rendered":"Navarro Hern\u00e1ndez, Pilar"},"content":{"rendered":"<p><strong>Titulaci\u00f3n universitaria:<\/strong><\/p>\n<p>Licenciada en Psicolog\u00eda Universidad de Valencia<br \/>\nLicenciatura en Ciencias de la Educaci\u00f3n Universidad de Valencia<br \/>\nDiplomatura maestra especialidad Educaci\u00f3n Especial Universidad de Valencia<\/p>\n<p><strong>Colegiado:<\/strong><\/p>\n<p>CV-09741  Colegio Oficial de Psic\u00f3logos de la Comunidad Valenciana<\/p>\n<p><strong>Titulaci\u00f3n o estudios de hipnosis:<\/strong><\/p>\n<p>110 Horas de formaci\u00f3n en cursos impartidos en el COP-CV<\/p>\n<p><strong>Temas que trata:<\/strong><\/p>\n<p>Infantil: Dificultades de aprendizaje, autoestima, TDH\u2026<br \/>\nAdultos : depresi\u00f3n, autoestima, estr\u00e9s, relajaci\u00f3n, tabaquismo\u2026<\/p>\n<p><strong>Datos de contacto:<\/strong><\/p>\n<p>Pilar Navarro Hern\u00e1ndez.<br \/>\nM\u00f3vil 658 20 32 66.<br \/>\nCorreo: pinaher88otmail.com<br \/>\nPoblaci\u00f3n: Mislata (Valencia)<\/p>\n<p><strong>Otros datos:<\/strong><\/p>\n<p>Docente en secundaria en el centre Sant Jaume Ap\u00f2stol.<br \/>\n6 a\u00f1os ejerciendo como psic\u00f3loga en centro privado<br \/>\nMiembro del grupo ELA Y ENFERMEDADES NEURODEGENERATIVAS del COP- CV<\/p>\n","protected":false},"excerpt":{"rendered":"<p>Titulaci\u00f3n universitaria: Licenciada en Psicolog\u00eda Universidad de Valencia Licenciatura en Ciencias de la Educaci\u00f3n Universidad de Valencia Diplomatura maestra especialidad Educaci\u00f3n Especial Universidad de Valencia Colegiado: CV-09741 Colegio Oficial de Psic\u00f3logos de la Comunidad Valenciana Titulaci\u00f3n o estudios de hipnosis: 110 Horas de formaci\u00f3n en cursos impartidos en el COP-CV Temas que trata: Infantil: Dificultades &hellip;<\/p>\n","protected":false},"author":10,"featured_media":0,"parent":38,"menu_order":123,"comment_status":"closed","ping_status":"open","template":"","meta":{"footnotes":""},"categories":[],"tags":[],"class_list":["post-2005","page","type-page","status-publish","hentry"],"_links":{"self":[{"href":"https:\/\/www.grupohipnosiscopcv.es\/wordpress\/wp-json\/wp\/v2\/pages\/2005","targetHints":{"allow":["GET"]}}],"collection":[{"href":"https:\/\/www.grupohipnosiscopcv.es\/wordpress\/wp-json\/wp\/v2\/pages"}],"about":[{"href":"https:\/\/www.grupohipnosiscopcv.es\/wordpress\/wp-json\/wp\/v2\/types\/page"}],"author":[{"embeddable":true,"href":"https:\/\/www.grupohipnosiscopcv.es\/wordpress\/wp-json\/wp\/v2\/users\/10"}],"replies":[{"embeddable":true,"href":"https:\/\/www.grupohipnosiscopcv.es\/wordpress\/wp-json\/wp\/v2\/comments?post=2005"}],"version-history":[{"count":2,"href":"https:\/\/www.grupohipnosiscopcv.es\/wordpress\/wp-json\/wp\/v2\/pages\/2005\/revisions"}],"predecessor-version":[{"id":2065,"href":"https:\/\/www.grupohipnosiscopcv.es\/wordpress\/wp-json\/wp\/v2\/pages\/2005\/revisions\/2065"}],"up":[{"embeddable":true,"href":"https:\/\/www.grupohipnosiscopcv.es\/wordpress\/wp-json\/wp\/v2\/pages\/38"}],"wp:attachment":[{"href":"https:\/\/www.grupohipnosiscopcv.es\/wordpress\/wp-json\/wp\/v2\/media?parent=2005"}],"wp:term":[{"taxonomy":"category","embeddable":true,"href":"https:\/\/www.grupohipnosiscopcv.es\/wordpress\/wp-json\/wp\/v2\/categories?post=2005"},{"taxonomy":"post_tag","embeddable":true,"href":"https:\/\/www.grupohipnosiscopcv.es\/wordpress\/wp-json\/wp\/v2\/tags?post=2005"}],"curies":[{"name":"wp","href":"https:\/\/api.w.org\/{rel}","templated":true}]}}