{"id":2,"date":"2009-12-23T20:16:09","date_gmt":"2009-12-23T19:16:09","guid":{"rendered":"http:\/\/www.grupohipnosiscopcv.es\/wordpress\/?page_id=2"},"modified":"2015-08-07T16:57:32","modified_gmt":"2015-08-07T15:57:32","slug":"acerca-de","status":"publish","type":"page","link":"https:\/\/www.grupohipnosiscopcv.es\/wordpress\/acerca-de\/","title":{"rendered":"Qui\u00e9nes somos"},"content":{"rendered":"<p>El Grupo de Trabajo de Hipnosis Psicol\u00f3gica del Colegio Oficial de Psic\u00f3logos de la Comunidad Valenciana se cre\u00f3 en el a\u00f1o 2000, con la intenci\u00f3n de aglutinar y coordinar los esfuerzos de los Colegiados con inter\u00e9s en la hipnosis. El trabajo de los miembros del GTHP es totalmente voluntario.<\/p>\n<p><a href=\"http:\/\/www.grupohipnosiscopcv.es\/wordpress\/acerca-de\/objetivos\/\" target=\"_self\">OBJETIVOS<\/a><\/p>\n<p><a href=\"http:\/\/www.grupohipnosiscopcv.es\/wordpress\/acerca-de\/cargos\/\" target=\"_self\">CARGOS<\/a><\/p>\n<p><a href=\"http:\/\/www.grupohipnosiscopcv.es\/wordpress\/acerca-de\/colaboradores\/\">COLABORADORES<\/a><\/p>\n<p><a href=\"http:\/\/www.grupohipnosiscopcv.es\/wordpress\/acerca-de\/contacto\/\">CONTACTO<\/a><\/p>\n<p><a href=\"http:\/\/www.grupohipnosiscopcv.es\/wordpress\/acerca-de\/ingreso\/\">INGRESO<\/a><\/p>\n","protected":false},"excerpt":{"rendered":"<p>El Grupo de Trabajo de Hipnosis Psicol\u00f3gica del Colegio Oficial de Psic\u00f3logos de la Comunidad Valenciana se cre\u00f3 en el a\u00f1o 2000, con la intenci\u00f3n de aglutinar y coordinar los esfuerzos de los Colegiados con inter\u00e9s en la hipnosis. El trabajo de los miembros del GTHP es totalmente voluntario. OBJETIVOS CARGOS COLABORADORES CONTACTO INGRESO<\/p>\n","protected":false},"author":12,"featured_media":0,"parent":0,"menu_order":10,"comment_status":"closed","ping_status":"closed","template":"","meta":{"footnotes":""},"categories":[123],"tags":[],"class_list":["post-2","page","type-page","status-publish","hentry","category-actividad"],"_links":{"self":[{"href":"https:\/\/www.grupohipnosiscopcv.es\/wordpress\/wp-json\/wp\/v2\/pages\/2","targetHints":{"allow":["GET"]}}],"collection":[{"href":"https:\/\/www.grupohipnosiscopcv.es\/wordpress\/wp-json\/wp\/v2\/pages"}],"about":[{"href":"https:\/\/www.grupohipnosiscopcv.es\/wordpress\/wp-json\/wp\/v2\/types\/page"}],"author":[{"embeddable":true,"href":"https:\/\/www.grupohipnosiscopcv.es\/wordpress\/wp-json\/wp\/v2\/users\/12"}],"replies":[{"embeddable":true,"href":"https:\/\/www.grupohipnosiscopcv.es\/wordpress\/wp-json\/wp\/v2\/comments?post=2"}],"version-history":[{"count":10,"href":"https:\/\/www.grupohipnosiscopcv.es\/wordpress\/wp-json\/wp\/v2\/pages\/2\/revisions"}],"predecessor-version":[{"id":1504,"href":"https:\/\/www.grupohipnosiscopcv.es\/wordpress\/wp-json\/wp\/v2\/pages\/2\/revisions\/1504"}],"wp:attachment":[{"href":"https:\/\/www.grupohipnosiscopcv.es\/wordpress\/wp-json\/wp\/v2\/media?parent=2"}],"wp:term":[{"taxonomy":"category","embeddable":true,"href":"https:\/\/www.grupohipnosiscopcv.es\/wordpress\/wp-json\/wp\/v2\/categories?post=2"},{"taxonomy":"post_tag","embeddable":true,"href":"https:\/\/www.grupohipnosiscopcv.es\/wordpress\/wp-json\/wp\/v2\/tags?post=2"}],"curies":[{"name":"wp","href":"https:\/\/api.w.org\/{rel}","templated":true}]}}