{"id":1981,"date":"2012-09-19T15:44:25","date_gmt":"2012-09-19T14:44:25","guid":{"rendered":"http:\/\/www.grupohipnosiscopcv.es\/wordpress\/?page_id=1981"},"modified":"2013-08-20T23:02:03","modified_gmt":"2013-08-20T22:02:03","slug":"ferrer-cebit-christian","status":"publish","type":"page","link":"https:\/\/www.grupohipnosiscopcv.es\/wordpress\/informacion-para-usuarios\/profesionales-cualificados\/ferrer-cebit-christian\/","title":{"rendered":"Ferrer Cebit, Christian"},"content":{"rendered":"<p><strong>Titulaci\u00f3n universitaria:<\/strong><\/p>\n<p>Psic\u00f3logo Cl\u00ednico<\/p>\n<p><strong>Colegiado:<\/strong><\/p>\n<p>CV-10628<\/p>\n<p><strong>Titulaci\u00f3n o estudios de hipnosis:<\/strong><br \/>\nREALIZADOS EN EL COPCV:<br \/>\nIntroducci\u00f3n a la Hipnosis cl\u00ednica desde una perspectiva cognitivo-comportamental.<br \/>\nCasos at\u00edpicos tratados con Hipnosis<br \/>\nHipnosis en el tratamiento del dolor cr\u00f3nico: su aplicaci\u00f3n en fibromialgia.<br \/>\nDepresi\u00f3n e Hipnosis<br \/>\nHipnosis y trastornos psicosom\u00e1ticos.<\/p>\n<p><strong>Temas que trata:<\/strong><\/p>\n<p>Aplicaciones pr\u00e1cticas de la hipnosis cient\u00edfica.<\/p>\n<p><strong>Datos de contacto: <\/strong><\/p>\n<p>Calle Carratal\u00e1, n\u00ba 31, entresuelo. 03007 Alicante<\/p>\n<p>609077584<\/p>\n<p>E-mail: <a href=\"mailto:christian2309@gmail.com\">christian2309@gmail.com<\/a> \u2013 <a href=\"christian2309@gmail.com\">christian2309@gmail.com<\/a><\/p>\n","protected":false},"excerpt":{"rendered":"<p>Titulaci\u00f3n universitaria: Psic\u00f3logo Cl\u00ednico Colegiado: CV-10628 Titulaci\u00f3n o estudios de hipnosis: REALIZADOS EN EL COPCV: Introducci\u00f3n a la Hipnosis cl\u00ednica desde una perspectiva cognitivo-comportamental. Casos at\u00edpicos tratados con Hipnosis Hipnosis en el tratamiento del dolor cr\u00f3nico: su aplicaci\u00f3n en fibromialgia. Depresi\u00f3n e Hipnosis Hipnosis y trastornos psicosom\u00e1ticos. Temas que trata: Aplicaciones pr\u00e1cticas de la hipnosis &hellip;<\/p>\n","protected":false},"author":10,"featured_media":0,"parent":38,"menu_order":88,"comment_status":"closed","ping_status":"open","template":"","meta":{"footnotes":""},"categories":[],"tags":[],"class_list":["post-1981","page","type-page","status-publish","hentry"],"_links":{"self":[{"href":"https:\/\/www.grupohipnosiscopcv.es\/wordpress\/wp-json\/wp\/v2\/pages\/1981","targetHints":{"allow":["GET"]}}],"collection":[{"href":"https:\/\/www.grupohipnosiscopcv.es\/wordpress\/wp-json\/wp\/v2\/pages"}],"about":[{"href":"https:\/\/www.grupohipnosiscopcv.es\/wordpress\/wp-json\/wp\/v2\/types\/page"}],"author":[{"embeddable":true,"href":"https:\/\/www.grupohipnosiscopcv.es\/wordpress\/wp-json\/wp\/v2\/users\/10"}],"replies":[{"embeddable":true,"href":"https:\/\/www.grupohipnosiscopcv.es\/wordpress\/wp-json\/wp\/v2\/comments?post=1981"}],"version-history":[{"count":2,"href":"https:\/\/www.grupohipnosiscopcv.es\/wordpress\/wp-json\/wp\/v2\/pages\/1981\/revisions"}],"predecessor-version":[{"id":2042,"href":"https:\/\/www.grupohipnosiscopcv.es\/wordpress\/wp-json\/wp\/v2\/pages\/1981\/revisions\/2042"}],"up":[{"embeddable":true,"href":"https:\/\/www.grupohipnosiscopcv.es\/wordpress\/wp-json\/wp\/v2\/pages\/38"}],"wp:attachment":[{"href":"https:\/\/www.grupohipnosiscopcv.es\/wordpress\/wp-json\/wp\/v2\/media?parent=1981"}],"wp:term":[{"taxonomy":"category","embeddable":true,"href":"https:\/\/www.grupohipnosiscopcv.es\/wordpress\/wp-json\/wp\/v2\/categories?post=1981"},{"taxonomy":"post_tag","embeddable":true,"href":"https:\/\/www.grupohipnosiscopcv.es\/wordpress\/wp-json\/wp\/v2\/tags?post=1981"}],"curies":[{"name":"wp","href":"https:\/\/api.w.org\/{rel}","templated":true}]}}