{"id":1964,"date":"2012-07-01T14:44:10","date_gmt":"2012-07-01T13:44:10","guid":{"rendered":"http:\/\/www.grupohipnosiscopcv.es\/wordpress\/?page_id=1964"},"modified":"2013-08-20T23:02:04","modified_gmt":"2013-08-20T22:02:04","slug":"vila-pons-anna","status":"publish","type":"page","link":"https:\/\/www.grupohipnosiscopcv.es\/wordpress\/informacion-para-usuarios\/profesionales-cualificados\/vila-pons-anna\/","title":{"rendered":"Vila Pons, Anna"},"content":{"rendered":"<div>\n<div>\n<p><strong>Titulaci\u00f3n universitaria:<\/strong><\/p>\n<p>Licenciada en Psicolog\u00eda por la Universidad de Barcelona (2006)<\/p>\n<p><strong>Colegiado:<\/strong><\/p>\n<p>Colegio Oficial de Psic\u00f3logos de Catalu\u00f1a n\u00ba20392<\/p>\n<p><strong>Titulaci\u00f3n o estudios de hipnosis:<\/strong><\/p>\n<p>Postgraduada en Hipnosis Cl\u00ednica en la Universidad de Barcelona (2007)<\/p>\n<p><strong>Temas que trata:<\/strong><\/p>\n<p>Preparaci\u00f3n y acompa\u00f1amiento al parto<br \/>\nMejora de habilidades: para el manejo del estr\u00e9s, para afrontar un cambio, para mejorar de concentraci\u00f3n y rendimiento<br \/>\nTratamiento para superar: baja autoestima y problemas de ansiedad, traumas, fobias, adicciones<br \/>\nTratamiento coadyuvante para: fibromialgia, dolor cr\u00f3nico, y apoyo para intervenciones m\u00e9dicas<\/p>\n<p><strong>Datos de contacto:<\/strong><br \/>\nAnna Vila Pons<br \/>\nC. Coroleu 72-74, pral 2\u00aa<br \/>\nBarcelona 08030<br \/>\nannavila@cop.es<\/p>\n<p>Tel\u00e9fono: 649 574 760<br \/>\n<strong>Otros datos:<\/strong><br \/>\n<a href=\"http:\/\/annavilapons.wordpress.com\/\" target=\"_blank\">http:\/\/annavilapons.wordpress.com\/<\/a><br \/>\nTambi\u00e9n trabajo en Zaragoza (ahora mismo de manera puntual)<\/p>\n<\/div>\n<\/div>\n<p>&nbsp;<\/p>\n","protected":false},"excerpt":{"rendered":"<p>Titulaci\u00f3n universitaria: Licenciada en Psicolog\u00eda por la Universidad de Barcelona (2006) Colegiado: Colegio Oficial de Psic\u00f3logos de Catalu\u00f1a n\u00ba20392 Titulaci\u00f3n o estudios de hipnosis: Postgraduada en Hipnosis Cl\u00ednica en la Universidad de Barcelona (2007) Temas que trata: Preparaci\u00f3n y acompa\u00f1amiento al parto Mejora de habilidades: para el manejo del estr\u00e9s, para afrontar un cambio, para &hellip;<\/p>\n","protected":false},"author":10,"featured_media":0,"parent":38,"menu_order":159,"comment_status":"closed","ping_status":"open","template":"","meta":{"footnotes":""},"categories":[],"tags":[],"class_list":["post-1964","page","type-page","status-publish","hentry"],"_links":{"self":[{"href":"https:\/\/www.grupohipnosiscopcv.es\/wordpress\/wp-json\/wp\/v2\/pages\/1964","targetHints":{"allow":["GET"]}}],"collection":[{"href":"https:\/\/www.grupohipnosiscopcv.es\/wordpress\/wp-json\/wp\/v2\/pages"}],"about":[{"href":"https:\/\/www.grupohipnosiscopcv.es\/wordpress\/wp-json\/wp\/v2\/types\/page"}],"author":[{"embeddable":true,"href":"https:\/\/www.grupohipnosiscopcv.es\/wordpress\/wp-json\/wp\/v2\/users\/10"}],"replies":[{"embeddable":true,"href":"https:\/\/www.grupohipnosiscopcv.es\/wordpress\/wp-json\/wp\/v2\/comments?post=1964"}],"version-history":[{"count":6,"href":"https:\/\/www.grupohipnosiscopcv.es\/wordpress\/wp-json\/wp\/v2\/pages\/1964\/revisions"}],"predecessor-version":[{"id":2085,"href":"https:\/\/www.grupohipnosiscopcv.es\/wordpress\/wp-json\/wp\/v2\/pages\/1964\/revisions\/2085"}],"up":[{"embeddable":true,"href":"https:\/\/www.grupohipnosiscopcv.es\/wordpress\/wp-json\/wp\/v2\/pages\/38"}],"wp:attachment":[{"href":"https:\/\/www.grupohipnosiscopcv.es\/wordpress\/wp-json\/wp\/v2\/media?parent=1964"}],"wp:term":[{"taxonomy":"category","embeddable":true,"href":"https:\/\/www.grupohipnosiscopcv.es\/wordpress\/wp-json\/wp\/v2\/categories?post=1964"},{"taxonomy":"post_tag","embeddable":true,"href":"https:\/\/www.grupohipnosiscopcv.es\/wordpress\/wp-json\/wp\/v2\/tags?post=1964"}],"curies":[{"name":"wp","href":"https:\/\/api.w.org\/{rel}","templated":true}]}}