{"id":1962,"date":"2012-07-01T14:23:29","date_gmt":"2012-07-01T13:23:29","guid":{"rendered":"http:\/\/www.grupohipnosiscopcv.es\/wordpress\/?page_id=1962"},"modified":"2013-08-20T23:02:04","modified_gmt":"2013-08-20T22:02:04","slug":"postigo-segarra-silvia","status":"publish","type":"page","link":"https:\/\/www.grupohipnosiscopcv.es\/wordpress\/informacion-para-usuarios\/profesionales-cualificados\/postigo-segarra-silvia\/","title":{"rendered":"Postigo Segarra, Silvia"},"content":{"rendered":"<div>\n<div>\n<p><strong>Titulaci\u00f3n universitaria:<\/strong><\/p>\n<p>Doctora en Psicolog\u00eda<\/p>\n<p><strong>Colegiado:<\/strong><\/p>\n<p>COP-CV 09245<\/p>\n<p><strong>Titulaci\u00f3n o estudios de hipnosis:<\/strong><\/p>\n<p>Introducci\u00f3n a la hipnosis cl\u00ednica desde una perspectiva cognitivo-comportamental (COP-CV)<\/p>\n<p>La hipnosis y sus aplicaciones cl\u00ednicas: Desarrollo y Profundizaci\u00f3n (COP-CV)<\/p>\n<p><strong>Temas que trata:<\/strong><\/p>\n<p>Trastornos emocionales y de conducta<\/p>\n<p><strong>Datos de contacto:<\/strong><\/p>\n<p>Tel\u00e9fono: 607448102 Valencia<br \/>\n<strong>Otros datos:<\/strong><\/p>\n<\/div>\n<\/div>\n<p>&nbsp;<\/p>\n","protected":false},"excerpt":{"rendered":"<p>Titulaci\u00f3n universitaria: Doctora en Psicolog\u00eda Colegiado: COP-CV 09245 Titulaci\u00f3n o estudios de hipnosis: Introducci\u00f3n a la hipnosis cl\u00ednica desde una perspectiva cognitivo-comportamental (COP-CV) La hipnosis y sus aplicaciones cl\u00ednicas: Desarrollo y Profundizaci\u00f3n (COP-CV) Temas que trata: Trastornos emocionales y de conducta Datos de contacto: Tel\u00e9fono: 607448102 Valencia Otros datos: &nbsp;<\/p>\n","protected":false},"author":10,"featured_media":0,"parent":38,"menu_order":129,"comment_status":"closed","ping_status":"open","template":"","meta":{"footnotes":""},"categories":[],"tags":[],"class_list":["post-1962","page","type-page","status-publish","hentry"],"_links":{"self":[{"href":"https:\/\/www.grupohipnosiscopcv.es\/wordpress\/wp-json\/wp\/v2\/pages\/1962","targetHints":{"allow":["GET"]}}],"collection":[{"href":"https:\/\/www.grupohipnosiscopcv.es\/wordpress\/wp-json\/wp\/v2\/pages"}],"about":[{"href":"https:\/\/www.grupohipnosiscopcv.es\/wordpress\/wp-json\/wp\/v2\/types\/page"}],"author":[{"embeddable":true,"href":"https:\/\/www.grupohipnosiscopcv.es\/wordpress\/wp-json\/wp\/v2\/users\/10"}],"replies":[{"embeddable":true,"href":"https:\/\/www.grupohipnosiscopcv.es\/wordpress\/wp-json\/wp\/v2\/comments?post=1962"}],"version-history":[{"count":3,"href":"https:\/\/www.grupohipnosiscopcv.es\/wordpress\/wp-json\/wp\/v2\/pages\/1962\/revisions"}],"predecessor-version":[{"id":2070,"href":"https:\/\/www.grupohipnosiscopcv.es\/wordpress\/wp-json\/wp\/v2\/pages\/1962\/revisions\/2070"}],"up":[{"embeddable":true,"href":"https:\/\/www.grupohipnosiscopcv.es\/wordpress\/wp-json\/wp\/v2\/pages\/38"}],"wp:attachment":[{"href":"https:\/\/www.grupohipnosiscopcv.es\/wordpress\/wp-json\/wp\/v2\/media?parent=1962"}],"wp:term":[{"taxonomy":"category","embeddable":true,"href":"https:\/\/www.grupohipnosiscopcv.es\/wordpress\/wp-json\/wp\/v2\/categories?post=1962"},{"taxonomy":"post_tag","embeddable":true,"href":"https:\/\/www.grupohipnosiscopcv.es\/wordpress\/wp-json\/wp\/v2\/tags?post=1962"}],"curies":[{"name":"wp","href":"https:\/\/api.w.org\/{rel}","templated":true}]}}