{"id":1950,"date":"2012-05-31T19:13:49","date_gmt":"2012-05-31T18:13:49","guid":{"rendered":"http:\/\/www.grupohipnosiscopcv.es\/wordpress\/?page_id=1950"},"modified":"2013-08-20T23:02:04","modified_gmt":"2013-08-20T22:02:04","slug":"velasco-alonso-pedro","status":"publish","type":"page","link":"https:\/\/www.grupohipnosiscopcv.es\/wordpress\/informacion-para-usuarios\/profesionales-cualificados\/velasco-alonso-pedro\/","title":{"rendered":"Velasco Alonso, Pedro"},"content":{"rendered":"<p><strong>Titulaci\u00f3n universitaria:<\/strong><\/p>\n<p>Licenciado en Psicolog\u00eda<\/p>\n<p><strong>Colegiado:<\/strong><\/p>\n<p>Col. P-1347 (Ilustre Colegio Oficial de Psic\u00f3logos de Las Palmas)<\/p>\n<p><strong>Titulaci\u00f3n o estudios de hipnosis:<\/strong><\/p>\n<p>Especialista Universitario en Hipnosis Cl\u00ednica (UNED).40 c\u0155editos ECTS<br \/>\nAsistencia a monogr\u00e1ficos realizados en el Ilustre Colegio Oficial de Psic\u00f3logos de Las Palmas:<br \/>\n1.- Curso de introducci\u00f3n a la Hipnosis Cl\u00ednica (30 h.)<br \/>\n2.- Taller de hipnosis en el tratamiento del tabaquismo. (5 h.)<br \/>\nTaller de hipnosis centrada en soluciones, Ilustre Col\u00b7legi Oficial de Psic\u00f2legs de Catalunya (5 h.)<br \/>\nTaller de Hipnosis en la atenci\u00f3n a pacientes con dolor cr\u00f3nico, Asociaci\u00f3n para el Avance de la<br \/>\nHipnosis Experimental y Aplicada (AAHEA), (3,5 h.)<\/p>\n<p><strong>Temas que trata:<\/strong><\/p>\n<p>&#8211; Terapia familiar e individual. Terapia sexual y de pareja.<br \/>\n&#8211; Tratamiento psicol\u00f3gico del dolor cr\u00f3nico.<br \/>\n&#8211; Evaluaci\u00f3n y tratamiento psicol\u00f3gico de los trastornos asociados al ciclo reproductivo, dirigido a<br \/>\npersonas que, individualmente o en pareja, se someten a un tratamiento de reproducci\u00f3n asistida.<\/p>\n<p><strong>Datos de contacto:<\/strong><\/p>\n<p>C\/ Reyes Cat\u00f3licos 75, 1\u00ba C<br \/>\n35001 Las Palmas de Gran Canaria<br \/>\nTel\u00e9fono: 928 337 564<br \/>\nP\u00e1gina web: <a href=\"http:\/\/www.agrusam.es\" target=\"_blank\">http:\/\/www.agrusam.es\/<\/a><\/p>\n<p><strong>Otros datos:<\/strong><\/p>\n","protected":false},"excerpt":{"rendered":"<p>Titulaci\u00f3n universitaria: Licenciado en Psicolog\u00eda Colegiado: Col. P-1347 (Ilustre Colegio Oficial de Psic\u00f3logos de Las Palmas) Titulaci\u00f3n o estudios de hipnosis: Especialista Universitario en Hipnosis Cl\u00ednica (UNED).40 c\u0155editos ECTS Asistencia a monogr\u00e1ficos realizados en el Ilustre Colegio Oficial de Psic\u00f3logos de Las Palmas: 1.- Curso de introducci\u00f3n a la Hipnosis Cl\u00ednica (30 h.) 2.- Taller &hellip;<\/p>\n","protected":false},"author":10,"featured_media":0,"parent":38,"menu_order":158,"comment_status":"closed","ping_status":"open","template":"","meta":{"footnotes":""},"categories":[],"tags":[],"class_list":["post-1950","page","type-page","status-publish","hentry"],"_links":{"self":[{"href":"https:\/\/www.grupohipnosiscopcv.es\/wordpress\/wp-json\/wp\/v2\/pages\/1950","targetHints":{"allow":["GET"]}}],"collection":[{"href":"https:\/\/www.grupohipnosiscopcv.es\/wordpress\/wp-json\/wp\/v2\/pages"}],"about":[{"href":"https:\/\/www.grupohipnosiscopcv.es\/wordpress\/wp-json\/wp\/v2\/types\/page"}],"author":[{"embeddable":true,"href":"https:\/\/www.grupohipnosiscopcv.es\/wordpress\/wp-json\/wp\/v2\/users\/10"}],"replies":[{"embeddable":true,"href":"https:\/\/www.grupohipnosiscopcv.es\/wordpress\/wp-json\/wp\/v2\/comments?post=1950"}],"version-history":[{"count":7,"href":"https:\/\/www.grupohipnosiscopcv.es\/wordpress\/wp-json\/wp\/v2\/pages\/1950\/revisions"}],"predecessor-version":[{"id":2084,"href":"https:\/\/www.grupohipnosiscopcv.es\/wordpress\/wp-json\/wp\/v2\/pages\/1950\/revisions\/2084"}],"up":[{"embeddable":true,"href":"https:\/\/www.grupohipnosiscopcv.es\/wordpress\/wp-json\/wp\/v2\/pages\/38"}],"wp:attachment":[{"href":"https:\/\/www.grupohipnosiscopcv.es\/wordpress\/wp-json\/wp\/v2\/media?parent=1950"}],"wp:term":[{"taxonomy":"category","embeddable":true,"href":"https:\/\/www.grupohipnosiscopcv.es\/wordpress\/wp-json\/wp\/v2\/categories?post=1950"},{"taxonomy":"post_tag","embeddable":true,"href":"https:\/\/www.grupohipnosiscopcv.es\/wordpress\/wp-json\/wp\/v2\/tags?post=1950"}],"curies":[{"name":"wp","href":"https:\/\/api.w.org\/{rel}","templated":true}]}}