{"id":1927,"date":"2012-04-07T10:18:59","date_gmt":"2012-04-07T09:18:59","guid":{"rendered":"http:\/\/www.grupohipnosiscopcv.es\/wordpress\/?page_id=1927"},"modified":"2023-07-26T09:36:50","modified_gmt":"2023-07-26T08:36:50","slug":"fabricas-de-diplomas","status":"publish","type":"page","link":"https:\/\/www.grupohipnosiscopcv.es\/wordpress\/informacion-para-usuarios\/fabricas-de-diplomas\/","title":{"rendered":"F\u00e1bricas de diplomas"},"content":{"rendered":"<p>A continuaci\u00f3n, pueden acceder al informe sobre Compra de t\u00edtulos en las f\u00e1bricas de diplomas (tambi\u00e9n conocidas como \u00abgranjas de t\u00edtulos\u00bb), que venden t\u00edtulos universitarios falsos basados en \u00abexperiencia de vida\u00bb o en trabajos acad\u00e9micos por debajo de los niveles aceptados, elaborado por la Oficina de Contabilidad del Gobierno de los Estados Unidos de Norteam\u00e9rica (<a href=\"http:\/\/www.gao.gov\" target=\"_blank\" rel=\"noopener\">GAO<\/a>).<br \/>\nPueden <a href=\"http:\/\/www.gao.gov\/assets\/100\/91620.pdf\" target=\"_blank\" rel=\"noopener\">descargar el texto original en ingl\u00e9s (incluye im\u00e1genes) en este enlace.<\/a><br \/>\nFuente original:<a title=\"GAO diploma mills report\" href=\"http:\/\/www.gao.gov\/products\/GAO-03-269R\" target=\"_blank\" rel=\"noopener\"> http:\/\/www.gao.gov\/products\/GAO-03-269R<\/a><\/p>\n<p>En el siguiente enlace, podr\u00e1n leer algunas de las Universidades de EEUU que forman parte de la \u00ablista negra\u00bb, y c\u00f3mo detectarlas. Esta lista negra est\u00e1 conformada por escuelas operadas de forma ilegal y que no tienen acreditaci\u00f3n, admitiendo estudiantes principalmente s\u00f3lo por la obtenci\u00f3n de un beneficio econ\u00f3mico.<\/p>\n<p><a href=\"https:\/\/usaadmission.com\/blacklisted-universities-in-the-us-and-ways-to-identify\/#:~:text=Academic%20requirements,-Most%20of%20the&amp;text=They%20have%20got%20acceptance%20rates,is%20probably%20a%20blacklisted%20one\">https:\/\/usaadmission.com\/blacklisted-universities-in-the-us-and-ways-to-identify\/#:~:text=Academic%20requirements,-Most%20of%20the&amp;text=They%20have%20got%20acceptance%20rates,is%20probably%20a%20blacklisted%20one<\/a><\/p>\n<p>Dentro del \u00e1mbito espa\u00f1ol, pueden leer la <em>Gu\u00eda r\u00e1pida para demostrar la autenticidad de tu t\u00edtulo universitario,<\/em> a trav\u00e9s de la web del Ministerio de Educaci\u00f3n y Formaci\u00f3n Profesional del Gobierno de Espa\u00f1a.<\/p>\n<p><a href=\"https:\/\/www.cgtrabajosocial.es\/app\/webroot\/files\/asturias\/files\/Impresos\/GU%C3%8DA%20R%C3%81PIDA_C%C3%B3mo%20demostrar%20la%20oficialidad%20de%20mi%20titulo%20universitario.pdf\">https:\/\/www.cgtrabajosocial.es\/app\/webroot\/files\/asturias\/files\/Impresos\/GU%C3%8DA%20R%C3%81PIDA_C%C3%B3mo%20demostrar%20la%20oficialidad%20de%20mi%20titulo%20universitario.pdf<\/a><\/p>\n","protected":false},"excerpt":{"rendered":"<p>A continuaci\u00f3n, pueden acceder al informe sobre Compra de t\u00edtulos en las f\u00e1bricas de diplomas (tambi\u00e9n conocidas como \u00abgranjas de t\u00edtulos\u00bb), que venden t\u00edtulos universitarios falsos basados en \u00abexperiencia de vida\u00bb o en trabajos acad\u00e9micos por debajo de los niveles aceptados, elaborado por la Oficina de Contabilidad del Gobierno de los Estados Unidos de Norteam\u00e9rica &hellip;<\/p>\n","protected":false},"author":10,"featured_media":0,"parent":27,"menu_order":0,"comment_status":"closed","ping_status":"closed","template":"","meta":{"footnotes":""},"categories":[],"tags":[],"class_list":["post-1927","page","type-page","status-publish","hentry"],"_links":{"self":[{"href":"https:\/\/www.grupohipnosiscopcv.es\/wordpress\/wp-json\/wp\/v2\/pages\/1927","targetHints":{"allow":["GET"]}}],"collection":[{"href":"https:\/\/www.grupohipnosiscopcv.es\/wordpress\/wp-json\/wp\/v2\/pages"}],"about":[{"href":"https:\/\/www.grupohipnosiscopcv.es\/wordpress\/wp-json\/wp\/v2\/types\/page"}],"author":[{"embeddable":true,"href":"https:\/\/www.grupohipnosiscopcv.es\/wordpress\/wp-json\/wp\/v2\/users\/10"}],"replies":[{"embeddable":true,"href":"https:\/\/www.grupohipnosiscopcv.es\/wordpress\/wp-json\/wp\/v2\/comments?post=1927"}],"version-history":[{"count":9,"href":"https:\/\/www.grupohipnosiscopcv.es\/wordpress\/wp-json\/wp\/v2\/pages\/1927\/revisions"}],"predecessor-version":[{"id":2698,"href":"https:\/\/www.grupohipnosiscopcv.es\/wordpress\/wp-json\/wp\/v2\/pages\/1927\/revisions\/2698"}],"up":[{"embeddable":true,"href":"https:\/\/www.grupohipnosiscopcv.es\/wordpress\/wp-json\/wp\/v2\/pages\/27"}],"wp:attachment":[{"href":"https:\/\/www.grupohipnosiscopcv.es\/wordpress\/wp-json\/wp\/v2\/media?parent=1927"}],"wp:term":[{"taxonomy":"category","embeddable":true,"href":"https:\/\/www.grupohipnosiscopcv.es\/wordpress\/wp-json\/wp\/v2\/categories?post=1927"},{"taxonomy":"post_tag","embeddable":true,"href":"https:\/\/www.grupohipnosiscopcv.es\/wordpress\/wp-json\/wp\/v2\/tags?post=1927"}],"curies":[{"name":"wp","href":"https:\/\/api.w.org\/{rel}","templated":true}]}}