{"id":1756,"date":"2012-02-26T16:17:07","date_gmt":"2012-02-26T15:17:07","guid":{"rendered":"http:\/\/www.grupohipnosiscopcv.es\/wordpress\/?page_id=1756"},"modified":"2012-03-16T15:00:06","modified_gmt":"2012-03-16T14:00:06","slug":"blanco-gomez-ma-concepcion","status":"publish","type":"page","link":"https:\/\/www.grupohipnosiscopcv.es\/wordpress\/informacion-para-usuarios\/profesionales-cualificados\/blanco-gomez-ma-concepcion\/","title":{"rendered":"Blanco G\u00f3mez, M\u00aa Concepci\u00f3n"},"content":{"rendered":"<div>\n<div>\n<p><strong>Titulaci\u00f3n universitaria:<\/strong><\/p>\n<p>M\u00e9dico especialista en medicina familiar y comunitaria<\/p>\n<p><strong>Colegiado:<\/strong><\/p>\n<p>Colegio Oficial de M\u00e9dicos de Islas Baleares. N\u00ba 390704782<\/p>\n<p><strong>Titulaci\u00f3n o estudios de hipnosis:<\/strong><\/p>\n<p>Especialista Universitario en hipnosis cl\u00ednica (UNED)<\/p>\n<p>Curso de profundizaci\u00f3n en hipnosis cl\u00ednica (COP-CV)<\/p>\n<p><strong>Temas que trata:<\/strong><\/p>\n<p>tr. ansiedad, trabaquismo<\/p>\n<p><strong>Datos de contacto:<\/strong><\/p>\n<p>conxab@hotmail.com<\/p>\n<p>Tel\u00e9fono: 625393636<br \/>\n<strong>Otros datos:<\/strong><\/p>\n<p>Consulta en Alar\u00f3, Mallorca<\/p>\n<\/div>\n<\/div>\n<p>&nbsp;<\/p>\n","protected":false},"excerpt":{"rendered":"<p>Titulaci\u00f3n universitaria: M\u00e9dico especialista en medicina familiar y comunitaria Colegiado: Colegio Oficial de M\u00e9dicos de Islas Baleares. N\u00ba 390704782 Titulaci\u00f3n o estudios de hipnosis: Especialista Universitario en hipnosis cl\u00ednica (UNED) Curso de profundizaci\u00f3n en hipnosis cl\u00ednica (COP-CV) Temas que trata: tr. ansiedad, trabaquismo Datos de contacto: conxab@hotmail.com Tel\u00e9fono: 625393636 Otros datos: Consulta en Alar\u00f3, Mallorca &hellip;<\/p>\n","protected":false},"author":10,"featured_media":0,"parent":38,"menu_order":7,"comment_status":"closed","ping_status":"closed","template":"","meta":{"footnotes":""},"categories":[],"tags":[],"class_list":["post-1756","page","type-page","status-publish","hentry"],"_links":{"self":[{"href":"https:\/\/www.grupohipnosiscopcv.es\/wordpress\/wp-json\/wp\/v2\/pages\/1756","targetHints":{"allow":["GET"]}}],"collection":[{"href":"https:\/\/www.grupohipnosiscopcv.es\/wordpress\/wp-json\/wp\/v2\/pages"}],"about":[{"href":"https:\/\/www.grupohipnosiscopcv.es\/wordpress\/wp-json\/wp\/v2\/types\/page"}],"author":[{"embeddable":true,"href":"https:\/\/www.grupohipnosiscopcv.es\/wordpress\/wp-json\/wp\/v2\/users\/10"}],"replies":[{"embeddable":true,"href":"https:\/\/www.grupohipnosiscopcv.es\/wordpress\/wp-json\/wp\/v2\/comments?post=1756"}],"version-history":[{"count":5,"href":"https:\/\/www.grupohipnosiscopcv.es\/wordpress\/wp-json\/wp\/v2\/pages\/1756\/revisions"}],"predecessor-version":[{"id":1767,"href":"https:\/\/www.grupohipnosiscopcv.es\/wordpress\/wp-json\/wp\/v2\/pages\/1756\/revisions\/1767"}],"up":[{"embeddable":true,"href":"https:\/\/www.grupohipnosiscopcv.es\/wordpress\/wp-json\/wp\/v2\/pages\/38"}],"wp:attachment":[{"href":"https:\/\/www.grupohipnosiscopcv.es\/wordpress\/wp-json\/wp\/v2\/media?parent=1756"}],"wp:term":[{"taxonomy":"category","embeddable":true,"href":"https:\/\/www.grupohipnosiscopcv.es\/wordpress\/wp-json\/wp\/v2\/categories?post=1756"},{"taxonomy":"post_tag","embeddable":true,"href":"https:\/\/www.grupohipnosiscopcv.es\/wordpress\/wp-json\/wp\/v2\/tags?post=1756"}],"curies":[{"name":"wp","href":"https:\/\/api.w.org\/{rel}","templated":true}]}}