{"id":162,"date":"2010-02-27T23:49:38","date_gmt":"2010-02-27T22:49:38","guid":{"rendered":"http:\/\/www.grupohipnosiscopcv.es\/wordpress\/?page_id=162"},"modified":"2016-02-23T23:55:56","modified_gmt":"2016-02-23T22:55:56","slug":"ingreso","status":"publish","type":"page","link":"https:\/\/www.grupohipnosiscopcv.es\/wordpress\/acerca-de\/ingreso\/","title":{"rendered":"Ingresar en el Grupo"},"content":{"rendered":"<p>Si desea ingresar en este Grupo de Trabajo debe reunir ciertos requisitos:<\/p>\n<ul>\n<li>Estar licenciado o graduado en psicolog\u00eda o en filosof\u00eda y letras, secci\u00f3n psicolog\u00eda.<\/li>\n<li>Estar colegiado en el Colegio Oficial de Psic\u00f3logos de la Comunidad Valenciana.<\/li>\n<li>Haber cursado al menos veinte horas de formaci\u00f3n acreditada en hipnosis cient\u00edfica.<\/li>\n<li>Estar comprometido con los <a href=\"http:\/\/www.grupohipnosiscopcv.es\/wordpress\/acerca-de\/objetivos\/\" target=\"_blank\">objetivos <\/a>de este Grupo de Trabajo.<\/li>\n<\/ul>\n<p>Si cumple todos ellos, y tiene ganas de colaborar en la defensa y difusi\u00f3n de la hipnosis cient\u00edfica, por favor <a href=\"http:\/\/www.grupohipnosiscopcv.es\/wordpress\/contacto\/\" target=\"_blank\">p\u00f3ngase en contacto<\/a> con nosotros.<\/p>\n","protected":false},"excerpt":{"rendered":"<p>Si desea ingresar en este Grupo de Trabajo debe reunir ciertos requisitos: Estar licenciado o graduado en psicolog\u00eda o en filosof\u00eda y letras, secci\u00f3n psicolog\u00eda. Estar colegiado en el Colegio Oficial de Psic\u00f3logos de la Comunidad Valenciana. Haber cursado al menos veinte horas de formaci\u00f3n acreditada en hipnosis cient\u00edfica. Estar comprometido con los objetivos de &hellip;<\/p>\n","protected":false},"author":12,"featured_media":0,"parent":2,"menu_order":7,"comment_status":"closed","ping_status":"closed","template":"","meta":{"footnotes":""},"categories":[123],"tags":[],"class_list":["post-162","page","type-page","status-publish","hentry","category-actividad"],"_links":{"self":[{"href":"https:\/\/www.grupohipnosiscopcv.es\/wordpress\/wp-json\/wp\/v2\/pages\/162","targetHints":{"allow":["GET"]}}],"collection":[{"href":"https:\/\/www.grupohipnosiscopcv.es\/wordpress\/wp-json\/wp\/v2\/pages"}],"about":[{"href":"https:\/\/www.grupohipnosiscopcv.es\/wordpress\/wp-json\/wp\/v2\/types\/page"}],"author":[{"embeddable":true,"href":"https:\/\/www.grupohipnosiscopcv.es\/wordpress\/wp-json\/wp\/v2\/users\/12"}],"replies":[{"embeddable":true,"href":"https:\/\/www.grupohipnosiscopcv.es\/wordpress\/wp-json\/wp\/v2\/comments?post=162"}],"version-history":[{"count":12,"href":"https:\/\/www.grupohipnosiscopcv.es\/wordpress\/wp-json\/wp\/v2\/pages\/162\/revisions"}],"predecessor-version":[{"id":2372,"href":"https:\/\/www.grupohipnosiscopcv.es\/wordpress\/wp-json\/wp\/v2\/pages\/162\/revisions\/2372"}],"up":[{"embeddable":true,"href":"https:\/\/www.grupohipnosiscopcv.es\/wordpress\/wp-json\/wp\/v2\/pages\/2"}],"wp:attachment":[{"href":"https:\/\/www.grupohipnosiscopcv.es\/wordpress\/wp-json\/wp\/v2\/media?parent=162"}],"wp:term":[{"taxonomy":"category","embeddable":true,"href":"https:\/\/www.grupohipnosiscopcv.es\/wordpress\/wp-json\/wp\/v2\/categories?post=162"},{"taxonomy":"post_tag","embeddable":true,"href":"https:\/\/www.grupohipnosiscopcv.es\/wordpress\/wp-json\/wp\/v2\/tags?post=162"}],"curies":[{"name":"wp","href":"https:\/\/api.w.org\/{rel}","templated":true}]}}