{"id":158,"date":"2010-02-27T23:27:04","date_gmt":"2010-02-27T22:27:04","guid":{"rendered":"http:\/\/www.grupohipnosiscopcv.es\/wordpress\/associacoes\/"},"modified":"2015-01-27T21:17:19","modified_gmt":"2015-01-27T20:17:19","slug":"associacoes","status":"publish","type":"page","link":"https:\/\/www.grupohipnosiscopcv.es\/wordpress\/em-portugues\/associacoes\/","title":{"rendered":"Associa\u00e7\u00f5es"},"content":{"rendered":"<p>Abaixo, encontra-se uma lista das associa\u00e7\u00f5es cient\u00edficas de hipnose que, segundo os crit\u00e9rios do Grupo de Trabalho de Hipnose Psicol\u00f3gica, tratam a hipnose com seriedade e rigor cient\u00edfico.<\/p>\n<ul>\n<li><strong>APA Division 30, Society of Psychological Hypnosis (SPH)<\/strong><\/li>\n<\/ul>\n<p>&#8211;\u00a0<a href=\"http:\/\/www.apadivisions.org\/division-30\/index.aspx\" target=\"_blank\">http:\/\/www.apadivisions.<wbr \/>org\/division-30\/index.aspx<\/a><\/p>\n<ul>\n<li><strong>Society for Clinical and Experimental Hypnosis (SCEH) <\/strong><\/li>\n<\/ul>\n<p>&#8211; <a href=\"http:\/\/www.sceh.us\/\">http:\/\/www.sceh.us\/<\/a><\/p>\n<ul>\n<li><strong>American Society of Clinical Hypnosis (ASCH) <\/strong><\/li>\n<\/ul>\n<p>&#8211;\u00a0\u00a0<a href=\"http:\/\/www.asch.net\/\">http:\/\/www.asch.net<\/a><\/p>\n<p>&#8211;\u00a0\u00a0<a href=\"http:\/\/www.hypnosis-research.org\/hypnosis\/\">http:\/\/www.hypnosis-research.org\/hypnosis\/<\/a><\/p>\n<ul>\n<li><strong>European Society of Hypnosis (ESH)<\/strong><\/li>\n<\/ul>\n<p>&#8211; <a href=\"http:\/\/www.esh-hypnosis.org\/\">http:\/\/www.esh-hypnosis.org\/<\/a><\/p>\n<ul>\n<li><strong>British Society of Clinical and Academic Hypnosis (BSCAH)<\/strong><\/li>\n<\/ul>\n<p>&#8211; <a href=\"http:\/\/www.bsech.com\/\">http:\/\/www.bscah.com\/<\/a><\/p>\n<ul>\n<li><strong>International Society of Hypnosis (ISH)<\/strong><\/li>\n<\/ul>\n<p>&#8211; <a href=\"http:\/\/www.ish-hypnosis.org\/\" target=\"_blank\">http:\/\/www.ish-hypnosis.org\/<\/a><\/p>\n<ul>\n<li><strong>Societat catalana d&#8217;hipnosi cl\u00ednica i psicoterapia<\/strong><\/li>\n<\/ul>\n<p>&#8211; <a href=\"http:\/\/www.sociedadhipnosis.com\/\">http:\/\/www.sociedadhipnosis.com<\/a><\/p>\n<ul>\n<li><strong>Grupo para o Estudo da Hipnose Experimental e Cl\u00ednica<\/strong><\/li>\n<\/ul>\n<p>&#8211;\u00a0 <a href=\"http:\/\/gehec.pt.vu\/\" target=\"_blank\">http:\/\/gehec.pt.vu<\/a><\/p>\n<ul>\n<li><strong>Israeli Society of Hypnosis (IsSH)<\/strong><\/li>\n<\/ul>\n<p>&#8211;\u00a0\u00a0<a href=\"http:\/\/www.hypno.co.il\/english.asp\">http:\/\/www.hypno.co.il\/english.asp<\/a><\/p>\n<p>Este apartado ha sido traducido por el <a href=\"http:\/\/gehec.pt.vu\/\">Grupo para o Estudo da Hipnose Experimental e Cl\u00ednica<\/a>.<\/p>\n","protected":false},"excerpt":{"rendered":"<p>Abaixo, encontra-se uma lista das associa\u00e7\u00f5es cient\u00edficas de hipnose que, segundo os crit\u00e9rios do Grupo de Trabalho de Hipnose Psicol\u00f3gica, tratam a hipnose com seriedade e rigor cient\u00edfico. APA Division 30, Society of Psychological Hypnosis (SPH) &#8211;\u00a0http:\/\/www.apadivisions.org\/division-30\/index.aspx Society for Clinical and Experimental Hypnosis (SCEH) &#8211; http:\/\/www.sceh.us\/ American Society of Clinical Hypnosis (ASCH) &#8211;\u00a0\u00a0http:\/\/www.asch.net &#8211;\u00a0\u00a0http:\/\/www.hypnosis-research.org\/hypnosis\/ European &hellip;<\/p>\n","protected":false},"author":12,"featured_media":0,"parent":44,"menu_order":10,"comment_status":"closed","ping_status":"closed","template":"","meta":{"footnotes":""},"categories":[10],"tags":[],"class_list":["post-158","page","type-page","status-publish","hentry","category-noticias"],"_links":{"self":[{"href":"https:\/\/www.grupohipnosiscopcv.es\/wordpress\/wp-json\/wp\/v2\/pages\/158","targetHints":{"allow":["GET"]}}],"collection":[{"href":"https:\/\/www.grupohipnosiscopcv.es\/wordpress\/wp-json\/wp\/v2\/pages"}],"about":[{"href":"https:\/\/www.grupohipnosiscopcv.es\/wordpress\/wp-json\/wp\/v2\/types\/page"}],"author":[{"embeddable":true,"href":"https:\/\/www.grupohipnosiscopcv.es\/wordpress\/wp-json\/wp\/v2\/users\/12"}],"replies":[{"embeddable":true,"href":"https:\/\/www.grupohipnosiscopcv.es\/wordpress\/wp-json\/wp\/v2\/comments?post=158"}],"version-history":[{"count":7,"href":"https:\/\/www.grupohipnosiscopcv.es\/wordpress\/wp-json\/wp\/v2\/pages\/158\/revisions"}],"predecessor-version":[{"id":2203,"href":"https:\/\/www.grupohipnosiscopcv.es\/wordpress\/wp-json\/wp\/v2\/pages\/158\/revisions\/2203"}],"up":[{"embeddable":true,"href":"https:\/\/www.grupohipnosiscopcv.es\/wordpress\/wp-json\/wp\/v2\/pages\/44"}],"wp:attachment":[{"href":"https:\/\/www.grupohipnosiscopcv.es\/wordpress\/wp-json\/wp\/v2\/media?parent=158"}],"wp:term":[{"taxonomy":"category","embeddable":true,"href":"https:\/\/www.grupohipnosiscopcv.es\/wordpress\/wp-json\/wp\/v2\/categories?post=158"},{"taxonomy":"post_tag","embeddable":true,"href":"https:\/\/www.grupohipnosiscopcv.es\/wordpress\/wp-json\/wp\/v2\/tags?post=158"}],"curies":[{"name":"wp","href":"https:\/\/api.w.org\/{rel}","templated":true}]}}