{"id":153,"date":"2010-02-27T23:22:55","date_gmt":"2010-02-27T22:22:55","guid":{"rendered":"http:\/\/www.grupohipnosiscopcv.es\/wordpress\/mitos\/"},"modified":"2010-12-07T18:31:53","modified_gmt":"2010-12-07T17:31:53","slug":"mitos","status":"publish","type":"page","link":"https:\/\/www.grupohipnosiscopcv.es\/wordpress\/em-portugues\/mitos\/","title":{"rendered":"MITOS SOBRE A HIPNOSE"},"content":{"rendered":"<p style=\"text-align: right;\">(Capafons, 19988<sup><a href=\"#_edn1\">[1]<\/a><\/sup>)<\/p>\n<p>As seguintes afirma\u00e7\u00f5es sobre a hipnose, habituais entre as pessoas leigas que n\u00e3o conhecem a investiga\u00e7\u00e3o, carecem de sustento cient\u00edfico, pelo que s\u00e3o cren\u00e7as exageradas ou simplesmente falsas. Se algu\u00e9m defende que \u00e9 certa qualquer uma destas cren\u00e7as, desconfie do seu conhecimento cient\u00edfico sobre a hipnose e da sua capacidade para ajud\u00e1-la com a hipnose cl\u00ednica:<\/p>\n<ol><font size=2><\/p>\n<li>A hipnose n\u00e3o pertence ao campo da psicologia cient\u00edfica. Quem a pratica s\u00f3 podem ser charlat\u00e3es, curandeiros ou homens do espect\u00e1culo. As pessoas que melhoram com a hipnose s\u00e3o cr\u00e9dulas, ignorantes e \u201cdependentes\u201d.<\/li>\n<li>A hipnose pode deixar a pessoa \u201cpresa\u201d num transe.<\/li>\n<li>A hipnose pode explicitar ou agravar psicopatologias \u201clatentes\u201d da pessoa. Inclusive pode desenvolver altera\u00e7\u00f5es psicol\u00f3gicas nos indiv\u00edduos saud\u00e1veis. Os indiv\u00edduos com problemas psicopatol\u00f3gicos podem piorar com a hipnose.<\/li>\n<li>A hipnose provoca um \u201cestado\u201d similar ao sonho em que a pessoa mostra caracter\u00edsticas especiais. Se n\u00e3o se alcan\u00e7am tais caracter\u00edsticas, a pessoa n\u00e3o est\u00e1 hipnotizada. S\u00f3 se pode estar nessa situa\u00e7\u00e3o especial, se se tiver recebido um m\u00e9todo de indu\u00e7\u00e3o hipn\u00f3tica.<\/li>\n<li>A hipnose elimina e anula o controlo volunt\u00e1rio da pessoa. Esta deve ser um aut\u00f3mato nas m\u00e3os do hipnotizador, pelo que pode cometer delitos, actos anti-sociais, imorais ou que levam ao rid\u00edculo social.<\/li>\n<li>A hipnose provoca reac\u00e7\u00f5es pouco habituais, excepcionais e quase m\u00e1gicas nas pessoas. O que se recorda sob hipnose \u00e9 sempre verdade.<\/li>\n<li>A hipnose \u00e9 uma terapia (hipnoterapia) sumamente \u00fatil, r\u00e1pida e eficaz, que n\u00e3o exige nenhum esfor\u00e7o por parte do cliente para\u00a0 mudar o comportamento. S\u00f3 as pessoas muito suscept\u00edveis podem beneficiar da hipnose.<\/li>\n<\/ol>\n<p><\/font><br \/>\nEste apartado ha sido traducido por el <a href=\"http:\/\/gehec.pt.vu\/\">Grupo para o Estudo da Hipnose Experimental e Cl\u00ednica<\/a>.<\/p>\n<hr size=\"1\" \/><sup>[1]<\/sup> Capafons, A. (1998). Hipnosis cl\u00ednica: una visi\u00f3n cognitivo-comportamental. <em> Papeles del Psic\u00f3logo, 69,<\/em> 71-88.<\/p>\n","protected":false},"excerpt":{"rendered":"<p>(Capafons, 19988[1]) As seguintes afirma\u00e7\u00f5es sobre a hipnose, habituais entre as pessoas leigas que n\u00e3o conhecem a investiga\u00e7\u00e3o, carecem de sustento cient\u00edfico, pelo que s\u00e3o cren\u00e7as exageradas ou simplesmente falsas. Se algu\u00e9m defende que \u00e9 certa qualquer uma destas cren\u00e7as, desconfie do seu conhecimento cient\u00edfico sobre a hipnose e da sua capacidade para ajud\u00e1-la com &hellip;<\/p>\n","protected":false},"author":12,"featured_media":0,"parent":44,"menu_order":6,"comment_status":"closed","ping_status":"closed","template":"","meta":{"footnotes":""},"categories":[10],"tags":[],"class_list":["post-153","page","type-page","status-publish","hentry","category-noticias"],"_links":{"self":[{"href":"https:\/\/www.grupohipnosiscopcv.es\/wordpress\/wp-json\/wp\/v2\/pages\/153","targetHints":{"allow":["GET"]}}],"collection":[{"href":"https:\/\/www.grupohipnosiscopcv.es\/wordpress\/wp-json\/wp\/v2\/pages"}],"about":[{"href":"https:\/\/www.grupohipnosiscopcv.es\/wordpress\/wp-json\/wp\/v2\/types\/page"}],"author":[{"embeddable":true,"href":"https:\/\/www.grupohipnosiscopcv.es\/wordpress\/wp-json\/wp\/v2\/users\/12"}],"replies":[{"embeddable":true,"href":"https:\/\/www.grupohipnosiscopcv.es\/wordpress\/wp-json\/wp\/v2\/comments?post=153"}],"version-history":[{"count":5,"href":"https:\/\/www.grupohipnosiscopcv.es\/wordpress\/wp-json\/wp\/v2\/pages\/153\/revisions"}],"predecessor-version":[{"id":953,"href":"https:\/\/www.grupohipnosiscopcv.es\/wordpress\/wp-json\/wp\/v2\/pages\/153\/revisions\/953"}],"up":[{"embeddable":true,"href":"https:\/\/www.grupohipnosiscopcv.es\/wordpress\/wp-json\/wp\/v2\/pages\/44"}],"wp:attachment":[{"href":"https:\/\/www.grupohipnosiscopcv.es\/wordpress\/wp-json\/wp\/v2\/media?parent=153"}],"wp:term":[{"taxonomy":"category","embeddable":true,"href":"https:\/\/www.grupohipnosiscopcv.es\/wordpress\/wp-json\/wp\/v2\/categories?post=153"},{"taxonomy":"post_tag","embeddable":true,"href":"https:\/\/www.grupohipnosiscopcv.es\/wordpress\/wp-json\/wp\/v2\/tags?post=153"}],"curies":[{"name":"wp","href":"https:\/\/api.w.org\/{rel}","templated":true}]}}