{"id":152,"date":"2010-02-27T23:22:26","date_gmt":"2010-02-27T22:22:26","guid":{"rendered":"http:\/\/www.grupohipnosiscopcv.es\/wordpress\/objetivos\/"},"modified":"2010-12-07T18:30:59","modified_gmt":"2010-12-07T17:30:59","slug":"objetivos","status":"publish","type":"page","link":"https:\/\/www.grupohipnosiscopcv.es\/wordpress\/em-portugues\/objetivos\/","title":{"rendered":"Objectivos"},"content":{"rendered":"<ol><font size=2><\/p>\n<li>Fomentar o conhecimento da hipnose cient\u00edfica entre os profissionais de psicologia e entre outros t\u00e9cnicos de sa\u00fade.<\/li>\n<li>Zelar pelo uso adequado e cientificamente sustentado da hipnose nas distintas \u00e1reas da psicologia, denunciando na medida do seu conhecimento, a fraude e charlatanice que pode dar-se atrav\u00e9s da utiliza\u00e7\u00e3o da hipnose.<\/li>\n<li>Fomentar uma forma\u00e7\u00e3o no campo da hipnose cient\u00edfica que garanta um correcto uso profissional da hipnose por parte dos psic\u00f3logos e outros t\u00e9cnicos de sa\u00fade habilitados para tal.<\/li>\n<li>Coordenar-se com outros grupos, sociedades e col\u00e9gios profissionais que mostrem interesse na hipnose cient\u00edfica, para melhorar o uso, a difus\u00e3o e a aplica\u00e7\u00e3o da hipnose cient\u00edfica em todas as suas vertentes.<\/li>\n<\/ol>\n<p><\/font><\/p>\n","protected":false},"excerpt":{"rendered":"<p>Fomentar o conhecimento da hipnose cient\u00edfica entre os profissionais de psicologia e entre outros t\u00e9cnicos de sa\u00fade. Zelar pelo uso adequado e cientificamente sustentado da hipnose nas distintas \u00e1reas da psicologia, denunciando na medida do seu conhecimento, a fraude e charlatanice que pode dar-se atrav\u00e9s da utiliza\u00e7\u00e3o da hipnose. Fomentar uma forma\u00e7\u00e3o no campo da &hellip;<\/p>\n","protected":false},"author":12,"featured_media":0,"parent":44,"menu_order":5,"comment_status":"closed","ping_status":"closed","template":"","meta":{"footnotes":""},"categories":[10],"tags":[],"class_list":["post-152","page","type-page","status-publish","hentry","category-noticias"],"_links":{"self":[{"href":"https:\/\/www.grupohipnosiscopcv.es\/wordpress\/wp-json\/wp\/v2\/pages\/152","targetHints":{"allow":["GET"]}}],"collection":[{"href":"https:\/\/www.grupohipnosiscopcv.es\/wordpress\/wp-json\/wp\/v2\/pages"}],"about":[{"href":"https:\/\/www.grupohipnosiscopcv.es\/wordpress\/wp-json\/wp\/v2\/types\/page"}],"author":[{"embeddable":true,"href":"https:\/\/www.grupohipnosiscopcv.es\/wordpress\/wp-json\/wp\/v2\/users\/12"}],"replies":[{"embeddable":true,"href":"https:\/\/www.grupohipnosiscopcv.es\/wordpress\/wp-json\/wp\/v2\/comments?post=152"}],"version-history":[{"count":5,"href":"https:\/\/www.grupohipnosiscopcv.es\/wordpress\/wp-json\/wp\/v2\/pages\/152\/revisions"}],"predecessor-version":[{"id":952,"href":"https:\/\/www.grupohipnosiscopcv.es\/wordpress\/wp-json\/wp\/v2\/pages\/152\/revisions\/952"}],"up":[{"embeddable":true,"href":"https:\/\/www.grupohipnosiscopcv.es\/wordpress\/wp-json\/wp\/v2\/pages\/44"}],"wp:attachment":[{"href":"https:\/\/www.grupohipnosiscopcv.es\/wordpress\/wp-json\/wp\/v2\/media?parent=152"}],"wp:term":[{"taxonomy":"category","embeddable":true,"href":"https:\/\/www.grupohipnosiscopcv.es\/wordpress\/wp-json\/wp\/v2\/categories?post=152"},{"taxonomy":"post_tag","embeddable":true,"href":"https:\/\/www.grupohipnosiscopcv.es\/wordpress\/wp-json\/wp\/v2\/tags?post=152"}],"curies":[{"name":"wp","href":"https:\/\/api.w.org\/{rel}","templated":true}]}}