{"id":140,"date":"2010-02-27T22:35:40","date_gmt":"2010-02-27T21:35:40","guid":{"rendered":"http:\/\/www.grupohipnosiscopcv.es\/wordpress\/asociaciones\/"},"modified":"2015-01-27T21:16:33","modified_gmt":"2015-01-27T20:16:33","slug":"asociaciones","status":"publish","type":"page","link":"https:\/\/www.grupohipnosiscopcv.es\/wordpress\/recursos-para-profesionales\/asociaciones\/","title":{"rendered":"Asociaciones"},"content":{"rendered":"<p>En este apartado se relacionan las asociaciones que, seg\u00fan los criterios del Grupo de Trabajo de Hipnosis Psicol\u00f3gica, tratan la hipnosis con seriedad y rigor cient\u00edfico.<\/p>\n<p>Si conoce alguna asociaci\u00f3n puede hacernos llegar los datos enviando un <a href=\"mailto:grupohipnosis@cop.es\">correo electr\u00f3nico<\/a>.<\/p>\n<ul>\n<li><strong>APA Division 30, Society of Psychological Hypnosis (SPH)<\/strong><\/li>\n<\/ul>\n<p>&#8211; <a href=\"http:\/\/www.apadivisions.org\/division-30\/index.aspx\" target=\"_blank\">http:\/\/www.apadivisions.<wbr \/>org\/division-30\/index.aspx<\/a><\/p>\n<ul>\n<li><strong>Society for Clinical and Experimental Hypnosis (SCEH) <\/strong><\/li>\n<\/ul>\n<p>&#8211; <a href=\"http:\/\/www.sceh.us\/\">http:\/\/www.sceh.us\/<\/a><\/p>\n<ul>\n<li><strong>American Society of Clinical Hypnosis (ASCH) <\/strong><\/li>\n<\/ul>\n<p>&#8211;\u00a0\u00a0<a href=\"http:\/\/www.asch.net\/\">http:\/\/www.asch.net<\/a><\/p>\n<p>&#8211;\u00a0\u00a0<a href=\"http:\/\/www.hypnosis-research.org\/hypnosis\/\">http:\/\/www.hypnosis-research.org\/hypnosis\/<\/a><\/p>\n<ul>\n<li><strong>European Society of Hypnosis (ESH)<\/strong><\/li>\n<\/ul>\n<p>&#8211; <a href=\"http:\/\/www.esh-hypnosis.org\/\">http:\/\/www.esh-hypnosis.org\/<\/a><\/p>\n<ul>\n<li><strong>British Society of Clinical and Academic Hypnosis (BSCAH)<\/strong><\/li>\n<\/ul>\n<p>&#8211; <a href=\"http:\/\/www.bsech.com\/\">http:\/\/www.bscah.com\/<\/a><\/p>\n<ul>\n<li><strong>International Society of Hypnosis (ISH)<\/strong><\/li>\n<\/ul>\n<p>&#8211; <a href=\"http:\/\/www.ish-web.org\/\" target=\"_blank\">http:\/\/www.ish-web.org<\/a><\/p>\n<ul>\n<li><strong>Societat catalana d&#8217;hipnosi cl\u00ednica i psicoterapia<\/strong><\/li>\n<\/ul>\n<p>&#8211; <a href=\"http:\/\/www.sociedadhipnosis.com\/\">http:\/\/www.sociedadhipnosis.com<\/a><\/p>\n<ul>\n<li><strong>Grupo para o Estudo da Hipnose Experimental e Cl\u00ednica<\/strong><\/li>\n<\/ul>\n<p>&#8211;\u00a0 <a href=\"http:\/\/gehec.pt.vu\/\" target=\"_blank\">http:\/\/gehec.pt.vu<\/a><\/p>\n<ul>\n<li><strong>Israeli Society of Hypnosis (IsSH)<\/strong><\/li>\n<\/ul>\n<p>&#8211;\u00a0\u00a0<a href=\"http:\/\/www.hypno.co.il\/english.asp\">http:\/\/www.hypno.co.il\/english.asp<\/a><\/p>\n","protected":false},"excerpt":{"rendered":"<p>En este apartado se relacionan las asociaciones que, seg\u00fan los criterios del Grupo de Trabajo de Hipnosis Psicol\u00f3gica, tratan la hipnosis con seriedad y rigor cient\u00edfico. Si conoce alguna asociaci\u00f3n puede hacernos llegar los datos enviando un correo electr\u00f3nico. APA Division 30, Society of Psychological Hypnosis (SPH) &#8211; http:\/\/www.apadivisions.org\/division-30\/index.aspx Society for Clinical and Experimental Hypnosis &hellip;<\/p>\n","protected":false},"author":12,"featured_media":0,"parent":29,"menu_order":11,"comment_status":"closed","ping_status":"closed","template":"","meta":{"footnotes":""},"categories":[10],"tags":[],"class_list":["post-140","page","type-page","status-publish","hentry","category-noticias"],"_links":{"self":[{"href":"https:\/\/www.grupohipnosiscopcv.es\/wordpress\/wp-json\/wp\/v2\/pages\/140","targetHints":{"allow":["GET"]}}],"collection":[{"href":"https:\/\/www.grupohipnosiscopcv.es\/wordpress\/wp-json\/wp\/v2\/pages"}],"about":[{"href":"https:\/\/www.grupohipnosiscopcv.es\/wordpress\/wp-json\/wp\/v2\/types\/page"}],"author":[{"embeddable":true,"href":"https:\/\/www.grupohipnosiscopcv.es\/wordpress\/wp-json\/wp\/v2\/users\/12"}],"replies":[{"embeddable":true,"href":"https:\/\/www.grupohipnosiscopcv.es\/wordpress\/wp-json\/wp\/v2\/comments?post=140"}],"version-history":[{"count":6,"href":"https:\/\/www.grupohipnosiscopcv.es\/wordpress\/wp-json\/wp\/v2\/pages\/140\/revisions"}],"predecessor-version":[{"id":2201,"href":"https:\/\/www.grupohipnosiscopcv.es\/wordpress\/wp-json\/wp\/v2\/pages\/140\/revisions\/2201"}],"up":[{"embeddable":true,"href":"https:\/\/www.grupohipnosiscopcv.es\/wordpress\/wp-json\/wp\/v2\/pages\/29"}],"wp:attachment":[{"href":"https:\/\/www.grupohipnosiscopcv.es\/wordpress\/wp-json\/wp\/v2\/media?parent=140"}],"wp:term":[{"taxonomy":"category","embeddable":true,"href":"https:\/\/www.grupohipnosiscopcv.es\/wordpress\/wp-json\/wp\/v2\/categories?post=140"},{"taxonomy":"post_tag","embeddable":true,"href":"https:\/\/www.grupohipnosiscopcv.es\/wordpress\/wp-json\/wp\/v2\/tags?post=140"}],"curies":[{"name":"wp","href":"https:\/\/api.w.org\/{rel}","templated":true}]}}