{"id":138,"date":"2010-02-27T22:34:29","date_gmt":"2010-02-27T21:34:29","guid":{"rendered":"http:\/\/www.grupohipnosiscopcv.es\/wordpress\/articulos\/"},"modified":"2023-12-19T12:36:03","modified_gmt":"2023-12-19T11:36:03","slug":"articulos","status":"publish","type":"page","link":"https:\/\/www.grupohipnosiscopcv.es\/wordpress\/recursos-para-profesionales\/bibliografia\/articulos\/","title":{"rendered":"Art\u00edculos"},"content":{"rendered":"<p>En este apartado se incluyen enlaces a art\u00edculos que, por su forma de tratar el tema de la hipnosis, el Grupo de Trabajo de Hipnosis Psicol\u00f3gica del Colegio Oficial de Psic\u00f3logos de la Comunidad Valenciana considera que puede resultar interesante su lectura.<\/p>\n<ul>\n<li><a href=\"http:\/\/www.papelesdelpsicologo.es\/vernumero.asp?ID=1338\" target=\"_blank\" rel=\"noopener\">EL MODELO DE VALENCIA DE HIPNOSIS DESPIERTA \u00bfT\u00c9CNICAS NUEVAS O T\u00c9CNICAS INNOVADORAS?<br \/>\n<\/a>Ana Alarc\u00f3n y Antonio Capafons. Papeles del psic\u00f3logo, Julio , n\u00famero 2 VOL-27 , 2006\u00a0Descargar texto <a href=\"http:\/\/www.grupohipnosiscopcv.es\/wordpress\/documentos\/EL%20MODELO%20DE%20VALENCIA%20DE%20HIPNOSIS%20DESPIERTA%20esp.pdf\" target=\"_blank\" rel=\"noopener\">en espa\u00f1ol<\/a> (pdf) <a href=\"http:\/\/www.grupohipnosiscopcv.es\/wordpress\/documentos\/EL%20MODELO%20DE%20VALENCIA%20DE%20HIPNOSIS%20DESPIERTA%20eng.pdf\" target=\"_blank\" rel=\"noopener\">in english<\/a> (pdf)<\/li>\n<li><a href=\"http:\/\/www.papelesdelpsicologo.es\/vernumero.asp?ID=779#inicio\" target=\"_blank\" rel=\"noopener\">HIPNOSIS CL\u00cdNICA: UNA VISI\u00d3N COGNITIVO-COMPORTAMENTAL<br \/>\n<\/a>Antonio Capafons. Papeles del psic\u00f3logo, Febrero , n\u00ba 69 , 1998.<\/li>\n<li>APLICACIONES DE LA HIPNOSIS EN ONCOLOG\u00cdA<br \/>\nX. Pellicer<span style=\"font-size: small;\">.\u00a0<a href=\"http:\/\/www.psiquis.com\/\">Psiquis<\/a>,\u00a0a\u00f1o XVI, vol.15, 1994.\u00a0Este art\u00edculo se ha incluido en esta p\u00e1gina web por gentileza del autor y con autorizaci\u00f3n de Alpe Editores, S.A.<a href=\"http:\/\/www.grupohipnosiscopcv.es\/Pellicer_Hipnosis_Oncologia.pdf\" target=\"_blank\" rel=\"noopener\"> Descargar texto en pdf.<\/a><\/span><\/li>\n<li><a href=\"http:\/\/www.psiquiatria.com\/articulos\/tratamientos\/31089\/\" target=\"_blank\" rel=\"noopener\">FLUJO RESPIRATORIO DIRIGIDO (FDR): UNA T\u00c9CNICA DE RELAJACI\u00d3N PARA EL ALIVIO DEL DOLOR.<\/a><br \/>\nJos\u00e9 Carlos Garc\u00eda Jacomino, Marta Mart\u00edn Carbonell. <a href=\"http:\/\/www.psiquiatria.com\" target=\"_blank\" rel=\"noopener\">Psiquiatria.com<\/a> <a href=\"http:\/\/www.grupohipnosiscopcv.es\/FDR.pdf\" target=\"_blank\" rel=\"noopener\">Descargar texto en pdf<\/a>.<\/li>\n<li><a href=\"http:\/\/healthlibrary.epnet.com\/GetContent.aspx?token=6458b32e-dcc1-4a76-8114-20ea8ef8bc65&amp;chunkiid=180412\" target=\"_blank\" rel=\"noopener\">HAY QUE PONER EN PERSPECTIVA LA HIPNOTERAPIA.<br \/>\n<\/a>Art\u00edculo por HealthDay, traducido por HispaniCare \u00a0<a href=\"http:\/\/www.grupohipnosiscopcv.es\/hay que poner en perspectiva la hipnoterapia.pdf\" target=\"_blank\" rel=\"noopener\">Descargar texto en pdf.<\/a><\/li>\n<li><a title=\"Resumen del seminario EL MITO DE LOS ANTIDEPRESIVOS\" href=\"http:\/\/www.grupohipnosiscopcv.es\/wordpress\/recursos-para-profesionales\/bibliografia\/articulos\/resumen-del-seminario-el-mito-de-los-antidepresivos\/\" target=\"_blank\" rel=\"noopener\">Resumen del seminario EL MITO DE LOS ANTIDEPRESIVOS<\/a> impartido EL 11 de abril de 2011por Irving Kirsch, por\u00a0la Direcci\u00f3n del m\u00e1ster. Redactado por D\u00f1a.Adelaida Gonz\u00e1lez P\u00e9rez (Universitat de Val\u00e8ncia).<\/li>\n<li><a href=\"https:\/\/www.behavioralpsycho.com\/wp-content\/uploads\/2023\/12\/10.Llinares_31-3Es.pdf\">DIFUSI\u00d3N DE LA HIPNOSIS EN PRENSA ONLINE ESCRITA EN ESPA\u00d1OL <\/a>\u00a0Llinares-Segura, J., Pic\u00f3, A., Su\u00e1rez-Rodr\u00edguez, J. M., Pons, D., Mendoza, M. E., P\u00e9rez-P\u00e9rez, A. &amp; Capafons, A. (2023). <span lang=\"EN-US\">Psicolog\u00eda <span class=\"SpellE\">Conductual<\/span>, 31<\/span><span lang=\"EN-US\">(3). It can also be read and downloaded <a href=\"https:\/\/www.behavioralpsycho.com\/wp-content\/uploads\/2023\/12\/10.Llinares_31-3En.pdf\">in English<\/a> (pdf).<\/span><\/li>\n<\/ul>\n","protected":false},"excerpt":{"rendered":"<p>En este apartado se incluyen enlaces a art\u00edculos que, por su forma de tratar el tema de la hipnosis, el Grupo de Trabajo de Hipnosis Psicol\u00f3gica del Colegio Oficial de Psic\u00f3logos de la Comunidad Valenciana considera que puede resultar interesante su lectura. EL MODELO DE VALENCIA DE HIPNOSIS DESPIERTA \u00bfT\u00c9CNICAS NUEVAS O T\u00c9CNICAS INNOVADORAS? Ana &hellip;<\/p>\n","protected":false},"author":12,"featured_media":0,"parent":136,"menu_order":5,"comment_status":"closed","ping_status":"closed","template":"","meta":{"footnotes":""},"categories":[10],"tags":[],"class_list":["post-138","page","type-page","status-publish","hentry","category-noticias"],"_links":{"self":[{"href":"https:\/\/www.grupohipnosiscopcv.es\/wordpress\/wp-json\/wp\/v2\/pages\/138","targetHints":{"allow":["GET"]}}],"collection":[{"href":"https:\/\/www.grupohipnosiscopcv.es\/wordpress\/wp-json\/wp\/v2\/pages"}],"about":[{"href":"https:\/\/www.grupohipnosiscopcv.es\/wordpress\/wp-json\/wp\/v2\/types\/page"}],"author":[{"embeddable":true,"href":"https:\/\/www.grupohipnosiscopcv.es\/wordpress\/wp-json\/wp\/v2\/users\/12"}],"replies":[{"embeddable":true,"href":"https:\/\/www.grupohipnosiscopcv.es\/wordpress\/wp-json\/wp\/v2\/comments?post=138"}],"version-history":[{"count":17,"href":"https:\/\/www.grupohipnosiscopcv.es\/wordpress\/wp-json\/wp\/v2\/pages\/138\/revisions"}],"predecessor-version":[{"id":2716,"href":"https:\/\/www.grupohipnosiscopcv.es\/wordpress\/wp-json\/wp\/v2\/pages\/138\/revisions\/2716"}],"up":[{"embeddable":true,"href":"https:\/\/www.grupohipnosiscopcv.es\/wordpress\/wp-json\/wp\/v2\/pages\/136"}],"wp:attachment":[{"href":"https:\/\/www.grupohipnosiscopcv.es\/wordpress\/wp-json\/wp\/v2\/media?parent=138"}],"wp:term":[{"taxonomy":"category","embeddable":true,"href":"https:\/\/www.grupohipnosiscopcv.es\/wordpress\/wp-json\/wp\/v2\/categories?post=138"},{"taxonomy":"post_tag","embeddable":true,"href":"https:\/\/www.grupohipnosiscopcv.es\/wordpress\/wp-json\/wp\/v2\/tags?post=138"}],"curies":[{"name":"wp","href":"https:\/\/api.w.org\/{rel}","templated":true}]}}