{"id":135,"date":"2010-02-27T22:33:22","date_gmt":"2010-02-27T21:33:22","guid":{"rendered":"http:\/\/www.grupohipnosiscopcv.es\/wordpress\/terminologia\/"},"modified":"2010-05-24T10:01:42","modified_gmt":"2010-05-24T09:01:42","slug":"terminologia","status":"publish","type":"page","link":"https:\/\/www.grupohipnosiscopcv.es\/wordpress\/recursos-para-profesionales\/terminologia\/","title":{"rendered":"Terminolog\u00eda"},"content":{"rendered":"<p>Capafons <a href=\"#_edn1\"><span style=\"text-decoration: underline;\"><span style=\"text-decoration: underline;\">[1]<\/span><\/span><\/a> realiza un resumen de la terminolog\u00eda de los procesos y reacciones hipn\u00f3ticas que puede aclarar la utilizaci\u00f3n de algunos vocablos.<\/p>\n<table border=\"0\" cellspacing=\"0\" cellpadding=\"0\" width=\"100%\">\n<tbody>\n<tr>\n<td width=\"42\" valign=\"top\"><\/td>\n<td width=\"100%\" valign=\"top\"><strong>Sugestiones hipn\u00f3ticas<\/strong><\/td>\n<\/tr>\n<\/tbody>\n<\/table>\n<p>Son frases que el hipnotizador relata a la persona hipnotizada para activar ciertas reacciones en dicha persona. La diferencia entre <strong>sugestiones hipn\u00f3ticas e instrucciones<\/strong>, ser\u00eda que las sugestiones transmiten la idea de que\u00a0 a la persona le \u201cacaecen\u201d\u00a0 las reacciones hipn\u00f3ticas que experimenta, y que tales reacciones ocurren por s\u00ed mismas como actos no volitivos y autom\u00e1ticos. Otras diferencias radican en que las sugestiones hipn\u00f3ticas se dan normalmente de forma breve, mon\u00f3tona y reiterativa.<\/p>\n<p>\u00d8\u00a0\u00a0\u00a0\u00a0<strong>Sugestiones de prueba,<\/strong> aquellas que se dan de una forma est\u00e1ndar dentro de una escala psicom\u00e9trica de evaluaci\u00f3n de la sugestionabilidad hipn\u00f3tica.<\/p>\n<p>\u00d8\u00a0\u00a0\u00a0\u00a0<strong>Sugestiones hipn\u00f3ticas,<\/strong> las que se reciben y se realizan dentro del contexto hipn\u00f3tico.<\/p>\n<p>\u00d8\u00a0\u00a0\u00a0\u00a0<strong>Sugestiones posthipn\u00f3ticas,<\/strong> aquellas\u00a0 que se reciben dentro del contexto hipn\u00f3tico, pero se realizan fuera de tal contexto.<\/p>\n<p>\u00d8\u00a0\u00a0\u00a0\u00a0<strong>Sugestiones directas,<\/strong> aquellas en las que el terapeuta indica claramente a la persona que experimente algo.<\/p>\n<p>\u00d8\u00a0\u00a0\u00a0\u00a0<strong>Sugestiones indirectas,<\/strong> aquellas en las que no se indica\u00a0 claramente a la persona que experimente una reacci\u00f3n determinada. Suelen verbalizarse de forma m\u00e1s ambigua y poco coercitiva.<\/p>\n<p>\u00d8\u00a0\u00a0\u00a0\u00a0<strong>Sugestiones despiertas,<\/strong> aquellas sugestiones que se dan a la persona sin haber recibido un m\u00e9todo previo de inducci\u00f3n hipn\u00f3tica.<\/p>\n<p>\u00d8\u00a0\u00a0\u00a0\u00a0 <strong>Sugestiones de desaf\u00edo (reto)<\/strong>, aquellas en las que se conmina a la persona a que se resista a la sugesti\u00f3n que le da el hipnotizador, de modo que cuanto m\u00e1s trata de resistirse, menos lo consigue.<\/p>\n<p>La palabra sugesti\u00f3n denomina tambi\u00e9n el proceso b\u00e1sico por el que autores de corte cognitivo-comportamental asumen que funciona la hipnosis. Por ello, no debe confundirse este t\u00e9rmino con el de sugesti\u00f3n como instrucci\u00f3n que da el hipnotizador o con la reacci\u00f3n que experimenta la persona, como consecuencia de las sugestiones que recibe del hipnotizador, que se denomina, as\u00ed mismo, sugesti\u00f3n y puede ser de tres tipos:<\/p>\n<p>\u00d8\u00a0\u00a0\u00a0\u00a0 <strong>Motoras (ideomotoras):<\/strong> tratan de provocar un movimiento o su ausencia: catalepsia (r\u00edgida), flexibilidad c\u00e9rea, movimientos r\u00edtmicos (rotativos, ascendentes y descendentes, etc.).<\/p>\n<p>\u00d8\u00a0\u00a0\u00a0\u00a0<strong>Sensorio-fisiol\u00f3gicas (ideosensoriales):<\/strong> tratan de provocar cambios en sensaciones y en variables biol\u00f3gicas:\u00a0 sensaciones propioceptivas (pesadez, flotaci\u00f3n&#8230;), perceptivo-sensoriales (calor, fr\u00edo, tacto&#8230;), analgesia y anestesia,\u00a0 cambios en el ritmo card\u00edaco,\u00a0 salivaci\u00f3n, vasoconstricci\u00f3n\u00a0 o vasodilataci\u00f3n, etc.<\/p>\n<p>\u00d8\u00a0\u00a0\u00a0\u00a0 <strong>Cognitivo-perceptivas (cognitivas):<\/strong> tratan de provocar un cambio en los procesos cognitivos, as\u00ed como en la percepci\u00f3n visual y auditiva (aunque no exclusivamente): alucinaciones (positivas: percibir lo que no existe; negativas: no percibir lo que s\u00ed existe), amnesia (espont\u00e1nea o sugerida; total o parcial; de fuente (qui\u00e9n sugiri\u00f3 la amnesia), hipermnesia (incremento en el recuerdo), distorsi\u00f3n del tiempo: (aceleraci\u00f3n o ralentizaci\u00f3n), regresi\u00f3n de edad, proyecci\u00f3n temporal, l\u00f3gica\u00a0\u00a0 del trance (observador oculto, alucinaciones en personas que no fingen las sugestiones -\u201creales\u201d- etc.), disociaci\u00f3n (fen\u00f3meno, no proceso), sue\u00f1o hipn\u00f3tico, escritura autom\u00e1tica, etc.<\/p>\n<table border=\"0\" cellspacing=\"0\" cellpadding=\"0\" width=\"100%\">\n<tbody>\n<tr>\n<td width=\"42\" valign=\"top\"><\/td>\n<td width=\"100%\" valign=\"top\"><strong>Hipnosis neutra<\/strong><\/td>\n<\/tr>\n<\/tbody>\n<\/table>\n<p>Es la aplicaci\u00f3n de un m\u00e9todo de inducci\u00f3n hipn\u00f3tica sin acompa\u00f1arlo de otras sugestiones.<\/p>\n<table border=\"0\" cellspacing=\"0\" cellpadding=\"0\" width=\"100%\">\n<tbody>\n<tr>\n<td width=\"42\" valign=\"top\"><\/td>\n<td width=\"100%\" valign=\"top\"><strong>M\u00e9todo de inducci\u00f3n hipn\u00f3tica<\/strong><\/td>\n<\/tr>\n<\/tbody>\n<\/table>\n<p>Un m\u00e9todo de inducci\u00f3n hipn\u00f3tica, es un ritual convenido expl\u00edcita o impl\u00edcitamente, entre el hipnotizador y la persona hipnotizada,\u00a0 y que, seg\u00fan se ha convenido, detenta la propiedad de favorecer la activaci\u00f3n de las reacciones hipn\u00f3ticas en la persona hipnotizada. Ser\u00e1 un ritual de inducci\u00f3n hipn\u00f3tica todo aquello que la persona hipnotizada acepte como tal.<\/p>\n<table border=\"0\" cellspacing=\"0\" cellpadding=\"0\" width=\"100%\">\n<tbody>\n<tr>\n<td width=\"42\" valign=\"top\"><\/td>\n<td width=\"100%\" valign=\"top\"><strong>Hetero-hipnosis<\/strong><\/td>\n<\/tr>\n<\/tbody>\n<\/table>\n<p>Aquella hipnosis que aplica un agente externo sobre la persona hipnotizada: tanto el ritual de inducci\u00f3n como las sugestiones son aplicadas por una persona o elemento (un ordenador, una cinta de audio, etc.) distinta a la persona hipnotizada.<\/p>\n<table border=\"0\" cellspacing=\"0\" cellpadding=\"0\" width=\"100%\">\n<tbody>\n<tr>\n<td width=\"42\" valign=\"top\"><\/td>\n<td width=\"100%\" valign=\"top\"><strong>Auto-hipnosis<\/strong><\/td>\n<\/tr>\n<\/tbody>\n<\/table>\n<p>Aquella hipnosis en que quien aplica el ritual y las sugestiones hipn\u00f3ticas es, tambi\u00e9n, quien las recibe.<\/p>\n<table border=\"0\" cellspacing=\"0\" cellpadding=\"0\" width=\"100%\">\n<tbody>\n<tr>\n<td width=\"42\" valign=\"top\"><\/td>\n<td width=\"100%\" valign=\"top\"><strong>Susceptibilidad hipn\u00f3tica,   hipnotizabilidad, sensibilidad hipn\u00f3tica, sugestionabilidad hipn\u00f3tica<\/strong><\/td>\n<\/tr>\n<\/tbody>\n<\/table>\n<p>No son t\u00e9rminos sin\u00f3nimos, aunque es habitual que se usen como si lo fueran.\u00a0 Indican el\u00a0 n\u00famero\u00a0 y\u00a0 dificultad\u00a0\u00a0\u00a0 de\u00a0 las sugestiones\u00a0 que\u00a0\u00a0 supera\u00a0\u00a0 la\u00a0\u00a0 persona, as\u00ed como el tiempo en\u00a0 realizarlas. Cuanta m\u00e1s cantidad,\u00a0 mayor dificultad de las sugestiones hipn\u00f3ticas y menos tiempo necesite para realizarlas, la persona ser\u00e1\u00a0 m\u00e1s hipn\u00f3ticamente susceptible, hipnotizable, sensible, etc. Un individuo ser\u00e1 virtuoso (si es altamente hipnotizable), medio (si pueden realizar bastantes sugestiones, pero no las m\u00e1s dif\u00edciles) o bajo (si es dif\u00edcilmente hipnotizable).<\/p>\n<table border=\"0\" cellspacing=\"0\" cellpadding=\"0\" width=\"100%\">\n<tbody>\n<tr>\n<td width=\"42\" valign=\"top\"><\/td>\n<td width=\"100%\" valign=\"top\"><strong>Profundidad de la hipnosis<\/strong><\/td>\n<\/tr>\n<\/tbody>\n<\/table>\n<p>Trata de indicar metaf\u00f3ricamente al cliente cu\u00e1l es el nivel de dificultad de las sugestiones que est\u00e1 consiguiendo realizar.<\/p>\n<table border=\"0\" cellspacing=\"0\" cellpadding=\"0\" width=\"100%\">\n<tbody>\n<tr>\n<td width=\"42\" valign=\"top\"><\/td>\n<td width=\"100%\" valign=\"top\"><strong>Homoacci\u00f3n y heteroacci\u00f3n<\/strong><\/td>\n<\/tr>\n<\/tbody>\n<\/table>\n<p>\u00d8\u00a0\u00a0\u00a0\u00a0 <strong>Homoacci\u00f3n<\/strong> es sin\u00f3nimo de sobreaprendizaje: cuando m\u00e1s se practique una sugesti\u00f3n, menos tiempo tardar\u00e1 en realizarse (y mejor ser\u00e1 la ejecuci\u00f3n).<\/p>\n<p>\u00d8\u00a0\u00a0\u00a0\u00a0 <strong>Heteroacci\u00f3n<\/strong> es sin\u00f3nimo de transferencia: cuanto m\u00e1s se practique una sugesti\u00f3n f\u00e1cil, menos se tardar\u00e1 y mejor ser\u00e1 la ejecuci\u00f3n de una sugesti\u00f3n dif\u00edcil.<\/p>\n<table border=\"0\" cellspacing=\"0\" cellpadding=\"0\" width=\"100%\">\n<tbody>\n<tr>\n<td width=\"42\" valign=\"top\"><\/td>\n<td width=\"100%\" valign=\"top\"><strong>Met\u00e1fora<\/strong><\/td>\n<\/tr>\n<\/tbody>\n<\/table>\n<p>Especialmente en el campo de la hipnosis ericksoniana se usan cuentos para ayudar a comprender significados complejos o para favorecer el auto-conocimiento y la auto-aceptaci\u00f3n. En esta corriente, se asume que con las met\u00e1foras se accede m\u00e1s f\u00e1cilmente\u00a0 al inconsciente de la persona, sorteando as\u00ed las resistencias del cliente.<\/p>\n<table border=\"0\" cellspacing=\"0\" cellpadding=\"0\" width=\"100%\">\n<tbody>\n<tr>\n<td width=\"42\" valign=\"top\"><\/td>\n<td width=\"100%\" valign=\"top\"><strong>Imaginaci\u00f3n o fantas\u00eda dirigida a un objetivo<\/strong><\/td>\n<\/tr>\n<\/tbody>\n<\/table>\n<p>Una variaci\u00f3n de las met\u00e1foras es la utilizaci\u00f3n de im\u00e1genes para favorecer que la persona experimente las sugestiones (ese es el objetivo). Se asume que precisamente el uso de la imaginaci\u00f3n ayuda a experimentar ciertas reacciones, generalmente voluntarias, como algo no volitivo o autom\u00e1tico. Aunque s\u00f3lo un porcentaje muy peque\u00f1o (alrededor del 3%) de personas, necesita usar la imaginaci\u00f3n para experimentar reacciones hipn\u00f3ticas.<\/p>\n<table border=\"0\" cellspacing=\"0\" cellpadding=\"0\" width=\"100%\">\n<tbody>\n<tr>\n<td width=\"42\" valign=\"top\"><\/td>\n<td width=\"100%\" valign=\"top\"><strong>Recuerdo sensorial<\/strong><\/td>\n<\/tr>\n<\/tbody>\n<\/table>\n<p>Denota el proceso por el cual una persona puede reproducir emociones, sensaciones, reacciones biol\u00f3gicas, etc., al d\u00e1rsele una sugesti\u00f3n, o cuando se le presenta\u00a0 un est\u00edmulo al que tales reacciones hab\u00edan quedado asociadas en el pasado.<\/p>\n<hr size=\"1\" \/><a href=\"#_ednref1\">[1]<\/a> Capafons, A (2004). <em>Definici\u00f3n y caracterizaci\u00f3n de la hipnosis.<\/em> Curso de Especialista Universitario en Hipnosis Cl\u00ednica. 1\u00aa Promoci\u00f3n. UNED.<\/p>\n","protected":false},"excerpt":{"rendered":"<p>Capafons [1] realiza un resumen de la terminolog\u00eda de los procesos y reacciones hipn\u00f3ticas que puede aclarar la utilizaci\u00f3n de algunos vocablos. Sugestiones hipn\u00f3ticas Son frases que el hipnotizador relata a la persona hipnotizada para activar ciertas reacciones en dicha persona. La diferencia entre sugestiones hipn\u00f3ticas e instrucciones, ser\u00eda que las sugestiones transmiten la idea &hellip;<\/p>\n","protected":false},"author":12,"featured_media":0,"parent":29,"menu_order":5,"comment_status":"closed","ping_status":"closed","template":"","meta":{"footnotes":""},"categories":[10],"tags":[],"class_list":["post-135","page","type-page","status-publish","hentry","category-noticias"],"_links":{"self":[{"href":"https:\/\/www.grupohipnosiscopcv.es\/wordpress\/wp-json\/wp\/v2\/pages\/135","targetHints":{"allow":["GET"]}}],"collection":[{"href":"https:\/\/www.grupohipnosiscopcv.es\/wordpress\/wp-json\/wp\/v2\/pages"}],"about":[{"href":"https:\/\/www.grupohipnosiscopcv.es\/wordpress\/wp-json\/wp\/v2\/types\/page"}],"author":[{"embeddable":true,"href":"https:\/\/www.grupohipnosiscopcv.es\/wordpress\/wp-json\/wp\/v2\/users\/12"}],"replies":[{"embeddable":true,"href":"https:\/\/www.grupohipnosiscopcv.es\/wordpress\/wp-json\/wp\/v2\/comments?post=135"}],"version-history":[{"count":3,"href":"https:\/\/www.grupohipnosiscopcv.es\/wordpress\/wp-json\/wp\/v2\/pages\/135\/revisions"}],"predecessor-version":[{"id":622,"href":"https:\/\/www.grupohipnosiscopcv.es\/wordpress\/wp-json\/wp\/v2\/pages\/135\/revisions\/622"}],"up":[{"embeddable":true,"href":"https:\/\/www.grupohipnosiscopcv.es\/wordpress\/wp-json\/wp\/v2\/pages\/29"}],"wp:attachment":[{"href":"https:\/\/www.grupohipnosiscopcv.es\/wordpress\/wp-json\/wp\/v2\/media?parent=135"}],"wp:term":[{"taxonomy":"category","embeddable":true,"href":"https:\/\/www.grupohipnosiscopcv.es\/wordpress\/wp-json\/wp\/v2\/categories?post=135"},{"taxonomy":"post_tag","embeddable":true,"href":"https:\/\/www.grupohipnosiscopcv.es\/wordpress\/wp-json\/wp\/v2\/tags?post=135"}],"curies":[{"name":"wp","href":"https:\/\/api.w.org\/{rel}","templated":true}]}}