{"id":1344,"date":"2011-12-08T09:23:12","date_gmt":"2011-12-08T08:23:12","guid":{"rendered":"http:\/\/www.grupohipnosiscopcv.es\/wordpress\/?page_id=1344"},"modified":"2012-01-18T09:19:36","modified_gmt":"2012-01-18T08:19:36","slug":"roig-traver-andres","status":"publish","type":"page","link":"https:\/\/www.grupohipnosiscopcv.es\/wordpress\/informacion-para-usuarios\/profesionales-cualificados\/roig-traver-andres\/","title":{"rendered":"Roig Tr\u00e1ver, Andr\u00e9s"},"content":{"rendered":"<div>\n<div>\n<p><strong>Titulaci\u00f3n universitaria:<\/strong><\/p>\n<p>M\u00e9dico psiquiatra<\/p>\n<p><strong>Colegiado:<\/strong><\/p>\n<p>Colegio Oficial de M\u00e9dicos de Valencia. N\u00ba 464609345<\/p>\n<p><strong>Titulaci\u00f3n o estudios de hipnosis:<\/strong><\/p>\n<p>Especialista Universitario en hipnosis cl\u00ednica (UNED)<\/p>\n<p><strong>Temas que trata:<\/strong><\/p>\n<p>tr. ansiedad, tr. depresivos. tr. psicosom\u00e1ticos, adicciones<\/p>\n<p><strong>Datos de contacto:<\/strong><\/p>\n<p>UNIDAD DE PSIQUIATRIA. HOSPITAL CASA DE SALUD<\/p>\n<p>C\/ Manuel Candela n\u00ba 41. \u00a0 46021 Valencia<\/p>\n<p>Tel\u00e9fono:\u00a0963 040 986<\/p>\n<p><strong>Otros datos:<\/strong><\/p>\n<\/div>\n<\/div>\n<p>&nbsp;<\/p>\n","protected":false},"excerpt":{"rendered":"<p>Titulaci\u00f3n universitaria: M\u00e9dico psiquiatra Colegiado: Colegio Oficial de M\u00e9dicos de Valencia. N\u00ba 464609345 Titulaci\u00f3n o estudios de hipnosis: Especialista Universitario en hipnosis cl\u00ednica (UNED) Temas que trata: tr. ansiedad, tr. depresivos. tr. psicosom\u00e1ticos, adicciones Datos de contacto: UNIDAD DE PSIQUIATRIA. HOSPITAL CASA DE SALUD C\/ Manuel Candela n\u00ba 41. \u00a0 46021 Valencia Tel\u00e9fono:\u00a0963 040 986 &hellip;<\/p>\n","protected":false},"author":12,"featured_media":0,"parent":38,"menu_order":28,"comment_status":"closed","ping_status":"closed","template":"","meta":{"footnotes":""},"categories":[],"tags":[],"class_list":["post-1344","page","type-page","status-publish","hentry"],"_links":{"self":[{"href":"https:\/\/www.grupohipnosiscopcv.es\/wordpress\/wp-json\/wp\/v2\/pages\/1344","targetHints":{"allow":["GET"]}}],"collection":[{"href":"https:\/\/www.grupohipnosiscopcv.es\/wordpress\/wp-json\/wp\/v2\/pages"}],"about":[{"href":"https:\/\/www.grupohipnosiscopcv.es\/wordpress\/wp-json\/wp\/v2\/types\/page"}],"author":[{"embeddable":true,"href":"https:\/\/www.grupohipnosiscopcv.es\/wordpress\/wp-json\/wp\/v2\/users\/12"}],"replies":[{"embeddable":true,"href":"https:\/\/www.grupohipnosiscopcv.es\/wordpress\/wp-json\/wp\/v2\/comments?post=1344"}],"version-history":[{"count":4,"href":"https:\/\/www.grupohipnosiscopcv.es\/wordpress\/wp-json\/wp\/v2\/pages\/1344\/revisions"}],"predecessor-version":[{"id":1759,"href":"https:\/\/www.grupohipnosiscopcv.es\/wordpress\/wp-json\/wp\/v2\/pages\/1344\/revisions\/1759"}],"up":[{"embeddable":true,"href":"https:\/\/www.grupohipnosiscopcv.es\/wordpress\/wp-json\/wp\/v2\/pages\/38"}],"wp:attachment":[{"href":"https:\/\/www.grupohipnosiscopcv.es\/wordpress\/wp-json\/wp\/v2\/media?parent=1344"}],"wp:term":[{"taxonomy":"category","embeddable":true,"href":"https:\/\/www.grupohipnosiscopcv.es\/wordpress\/wp-json\/wp\/v2\/categories?post=1344"},{"taxonomy":"post_tag","embeddable":true,"href":"https:\/\/www.grupohipnosiscopcv.es\/wordpress\/wp-json\/wp\/v2\/tags?post=1344"}],"curies":[{"name":"wp","href":"https:\/\/api.w.org\/{rel}","templated":true}]}}