{"id":1340,"date":"2011-12-02T18:17:51","date_gmt":"2011-12-02T17:17:51","guid":{"rendered":"http:\/\/www.grupohipnosiscopcv.es\/wordpress\/?page_id=1340"},"modified":"2012-01-18T09:20:58","modified_gmt":"2012-01-18T08:20:58","slug":"sanchis-fernandez-de-cordova-carlos","status":"publish","type":"page","link":"https:\/\/www.grupohipnosiscopcv.es\/wordpress\/informacion-para-usuarios\/profesionales-cualificados\/sanchis-fernandez-de-cordova-carlos\/","title":{"rendered":"Sanchis Fern\u00e1ndez de C\u00f3rdova, Carlos"},"content":{"rendered":"<p><strong>Titulaci\u00f3n universitaria:<\/strong><\/p>\n<p>Licenciado en Psicolog\u00eda<\/p>\n<p>M\u00e1ster en Terapia de Conducta<\/p>\n<p><strong>Colegiado:<\/strong><\/p>\n<p>CV-9908<\/p>\n<p><strong>Titulaci\u00f3n o estudios de hipnosis:<\/strong><\/p>\n<p><span style=\"font-size: 16px; line-height: 24px;\">La      hipnosis y sus aplicaciones cl\u00ednicas: desarrollo y profundizaci\u00f3n,<\/span><span style=\"font-size: 16px; line-height: 24px;\"> organizado por el      Colegio Oficial de Psic\u00f3logos de Valencia.<\/span><\/p>\n<p><span style=\"font-size: 16px; line-height: 24px;\">La      hipnosis cl\u00ednica,      curso organizado por el Consejo General de Colegios Oficiales de      Psic\u00f3logos.<\/span><br \/>\nT\u00e9cnicas de sugesti\u00f3n y de hipnosis, m\u00f3dulo cursado en el M\u00e1ster de Terapia de Conducta organizado por la UNED.<\/p>\n<p><strong>Temas que trata:<\/strong><\/p>\n<p><strong>Datos de contacto:<\/strong><\/p>\n<p>Consulta de Psicolog\u00eda Sanchis y Jarque. Centro Sanitario n\u00ba registro 8.223. Pacientes privados y Compa\u00f1\u00edas de Seguros M\u00e9dicos.<\/p>\n<p>La Eliana (Valencia), tel\u00e9fono 96 165 65 49<\/p>\n<p><strong>Otros datos:<\/strong><\/p>\n<p>www.sanchisjarquepsicologos.com<\/p>\n","protected":false},"excerpt":{"rendered":"<p>Titulaci\u00f3n universitaria: Licenciado en Psicolog\u00eda M\u00e1ster en Terapia de Conducta Colegiado: CV-9908 Titulaci\u00f3n o estudios de hipnosis: La hipnosis y sus aplicaciones cl\u00ednicas: desarrollo y profundizaci\u00f3n, organizado por el Colegio Oficial de Psic\u00f3logos de Valencia. La hipnosis cl\u00ednica, curso organizado por el Consejo General de Colegios Oficiales de Psic\u00f3logos. T\u00e9cnicas de sugesti\u00f3n y de hipnosis, &hellip;<\/p>\n","protected":false},"author":12,"featured_media":0,"parent":38,"menu_order":29,"comment_status":"closed","ping_status":"closed","template":"","meta":{"footnotes":""},"categories":[],"tags":[],"class_list":["post-1340","page","type-page","status-publish","hentry"],"_links":{"self":[{"href":"https:\/\/www.grupohipnosiscopcv.es\/wordpress\/wp-json\/wp\/v2\/pages\/1340","targetHints":{"allow":["GET"]}}],"collection":[{"href":"https:\/\/www.grupohipnosiscopcv.es\/wordpress\/wp-json\/wp\/v2\/pages"}],"about":[{"href":"https:\/\/www.grupohipnosiscopcv.es\/wordpress\/wp-json\/wp\/v2\/types\/page"}],"author":[{"embeddable":true,"href":"https:\/\/www.grupohipnosiscopcv.es\/wordpress\/wp-json\/wp\/v2\/users\/12"}],"replies":[{"embeddable":true,"href":"https:\/\/www.grupohipnosiscopcv.es\/wordpress\/wp-json\/wp\/v2\/comments?post=1340"}],"version-history":[{"count":5,"href":"https:\/\/www.grupohipnosiscopcv.es\/wordpress\/wp-json\/wp\/v2\/pages\/1340\/revisions"}],"predecessor-version":[{"id":1384,"href":"https:\/\/www.grupohipnosiscopcv.es\/wordpress\/wp-json\/wp\/v2\/pages\/1340\/revisions\/1384"}],"up":[{"embeddable":true,"href":"https:\/\/www.grupohipnosiscopcv.es\/wordpress\/wp-json\/wp\/v2\/pages\/38"}],"wp:attachment":[{"href":"https:\/\/www.grupohipnosiscopcv.es\/wordpress\/wp-json\/wp\/v2\/media?parent=1340"}],"wp:term":[{"taxonomy":"category","embeddable":true,"href":"https:\/\/www.grupohipnosiscopcv.es\/wordpress\/wp-json\/wp\/v2\/categories?post=1340"},{"taxonomy":"post_tag","embeddable":true,"href":"https:\/\/www.grupohipnosiscopcv.es\/wordpress\/wp-json\/wp\/v2\/tags?post=1340"}],"curies":[{"name":"wp","href":"https:\/\/api.w.org\/{rel}","templated":true}]}}