{"id":134,"date":"2010-02-27T22:33:01","date_gmt":"2010-02-27T21:33:01","guid":{"rendered":"http:\/\/www.grupohipnosiscopcv.es\/wordpress\/videos\/"},"modified":"2010-12-09T12:38:49","modified_gmt":"2010-12-09T11:38:49","slug":"videos","status":"publish","type":"page","link":"https:\/\/www.grupohipnosiscopcv.es\/wordpress\/recursos-para-profesionales\/videos\/","title":{"rendered":"V\u00eddeos"},"content":{"rendered":"<p><a href=\"http:\/\/www.grupohipnosiscopcv.es\/wordpress\/recursos-para-profesionales\/videos\/neurofisiologia-de-la-hipnosis-desarrollos-recientes\/\" target=\"_blank\"><strong><span style=\"text-decoration: underline;\">\u00abNeurofisiolog\u00eda de la hipnosis: Desarrollos recientes\u00bb<\/span><\/strong><\/a><\/p>\n<ul><font size=2><\/p>\n<li><strong>Impartida por: <\/strong> Dr.      Juan Lamas<\/li>\n<li><strong>Fecha:<\/strong> 10-03-2006<\/li>\n<li><strong>Descripci\u00f3n: <\/strong><strong> <\/strong>Conferencia      realizada por el Dr. Juan Lamas, de la Facultad de Psicolog\u00eda de la Universidad de La Coru\u00f1a, el 10-03-2006,      en el Colegio Oficial de Psic\u00f3logos de la Comunidad Valenciana      (Espa\u00f1a).<\/li>\n<li><a href=\"http:\/\/www.grupohipnosiscopcv.es\/wordpress\/recursos-para-profesionales\/videos\/neurofisiologia-de-la-hipnosis-desarrollos-recientes\/\">Ver sumario y video<\/a><\/li>\n<\/ul>\n<p><\/font><br \/>\n<a href=\"http:\/\/www.grupohipnosiscopcv.es\/wordpress\/recursos-para-profesionales\/videos\/hipnosis-bases-experimentales-y-aplicaciones\/\" target=\"_blank\"><strong><span style=\"text-decoration: underline;\">\u00abHipnosis: Bases experimentales y aplicaciones\u00bb<\/span><\/strong><\/a><\/p>\n<ul><font size=2><\/p>\n<li><strong>Impartida por: <\/strong><strong> <\/strong>Dr. Antonio Capafons<\/li>\n<li><strong>Fecha:<\/strong> 16-03-2007<\/li>\n<li><strong>Descripci\u00f3n: <\/strong><strong> <\/strong>Conferencia      realizada por el Dr. Antonio Capafons, de la Facultad de      Psicolog\u00eda de la Universidad      de Valencia, el 16-03-2007, en el Audit\u00f3rio da Faculdade de Psicologia e      C. da E. da Universidade de Coimbra. Organizada por el <a href=\"http:\/\/gehec.pt.vu\/\">Grupo para o Estudo da Hipnose Experimental e      Cl\u00ednica<\/a> do Centro de Psicopedagogia da Universidade de Coimbra.<\/li>\n<li><a href=\"http:\/\/www.grupohipnosiscopcv.es\/wordpress\/recursos-para-profesionales\/videos\/hipnosis-bases-experimentales-y-aplicaciones\/\">Ver video<\/a><\/li>\n<\/ul>\n<p><\/font><br \/>\n<a href=\"http:\/\/www.grupohipnosiscopcv.es\/wordpress\/recursos-para-profesionales\/videos\/iatrogenia-de-la-hipnosis-falsos-recuerdos\/\" target=\"_blank\"><strong>\u00abIatrogenia de la hipnosis: Falsos recuerdos\u00bb<\/strong><\/a><\/p>\n<ul><font size=2><\/p>\n<li><strong>Impartida por: <\/strong><strong> <\/strong>Dr. Antonio Capafons<\/li>\n<li><strong>Fecha:<\/strong><strong> <\/strong>16-03-2007<\/li>\n<li><strong>Descripci\u00f3n:<\/strong><strong> <\/strong>Conferencia realizada por el Dr.      Antonio Capafons, de la       Facultad de Psicolog\u00eda de la Universidad de      Valencia, el 16-03-2007, en el Audit\u00f3rio da Faculdade de Psicologia e C.      da E. da Universidade de Coimbra. Organizada por el <a href=\"http:\/\/gehec.pt.vu\/\">Grupo para o Estudo da Hipnose Experimental e      Cl\u00ednica<\/a> do Centro de Psicopedagogia da Universidade de Coimbra.<\/li>\n<li><a href=\"http:\/\/www.grupohipnosiscopcv.es\/wordpress\/recursos-para-profesionales\/videos\/iatrogenia-de-la-hipnosis-falsos-recuerdos\/\">Ver video<\/a><\/li>\n<\/ul>\n<p><\/font><br \/>\n<a href=\"http:\/\/www.grupohipnosiscopcv.es\/wordpress\/recursos-para-profesionales\/videos\/activacion-cerebral-de-la-hipnosis-una-decada-de-estudios-de-neuroimagen\/\" target=\"_blank\"><strong>\u00abActivaci\u00f3n cerebral de la hipnosis: Una d\u00e9cada de estudios de neuroimagen\u00bb<\/strong><\/a><\/p>\n<ul><font size=2><\/p>\n<li><strong>Impartida por: <\/strong><strong> <\/strong>Dr. Juan Lamas<\/li>\n<li><strong>Fecha:<\/strong> 16-03-2007<\/li>\n<li><strong>Descripci\u00f3n: <\/strong><strong> <\/strong>Conferencia      realizada por el Dr. Juan Lamas, de la Facultad de Psicolog\u00eda de la Universidad de La Coru\u00f1a, el 16-03-2007,      en el Audit\u00f3rio da Faculdade de Psicologia e C. da E. da Universidade de      Coimbra. Organizada por el <a href=\"http:\/\/gehec.pt.vu\/\">Grupo para o      Estudo da Hipnose Experimental e Cl\u00ednica<\/a> do Centro de Psicopedagogia      da Universidade de Coimbra.<\/li>\n<li><a href=\"http:\/\/www.grupohipnosiscopcv.es\/wordpress\/recursos-para-profesionales\/videos\/activacion-cerebral-de-la-hipnosis-una-decada-de-estudios-de-neuroimagen\/\">Ver video<\/a><\/li>\n<\/ul>\n<p><\/font><br \/>\n<a href=\"http:\/\/www.grupohipnosiscopcv.es\/wordpress\/recursos-para-profesionales\/videos\/conferencias-sobre-hipnosis-preguntas-de-los-asistentes-y-respuestas-de-los-ponentes\/\" target=\"_blank\"><strong>\u00abConferencias sobre hipnosis &#8211; Preguntas de los asistentes y respuestas de los ponentes\u00bb<\/strong><\/a><\/p>\n<ul><font size=2><\/p>\n<li><strong>Impartida por: <\/strong>Dr. Antonio Capafons y Dr. Juan Lamas<\/li>\n<li><strong>Fecha:<\/strong><strong> <\/strong>16-03-2007<\/li>\n<li><strong>Descripci\u00f3n: <\/strong>Preguntas de los      asistentes y respuestas de los ponentes de las conferencias sobre      hipnosis, realizadas por el Dr. Antonio Capafons, de la Facultad de      Psicolog\u00eda de la       Universidad de Valencia, y el Dr. Juan Lamas, de la Facultad de      Psicolog\u00eda de la       Universidad de La Coru\u00f1a, el 16-03-2007, en el Audit\u00f3rio da      Faculdade de Psicologia e C. da E. da Universidade de Coimbra. Organizadas      por el <a href=\"http:\/\/gehec.pt.vu\/\">Grupo para o Estudo da Hipnose      Experimental e Cl\u00ednica<\/a> do Centro de Psicopedagogia da Universidade de      Coimbra.<\/li>\n<li><a href=\"http:\/\/www.grupohipnosiscopcv.es\/wordpress\/recursos-para-profesionales\/videos\/conferencias-sobre-hipnosis-preguntas-de-los-asistentes-y-respuestas-de-los-ponentes\/\">Ver video<\/a><\/li>\n<\/ul>\n<p><\/font><br \/>\n<a href=\"http:\/\/www.cop-cv.org\/?seccion=noticias&amp;id=691\" target=\"_blank\"><strong>\u00abLa inclusi\u00f3n de la hipnosis en tratamientos de casos dif\u00edciles o urgentes\u00bb<\/strong><\/a><\/p>\n<ul><font size=2><\/p>\n<li><strong>Impartida por: <\/strong><strong> <\/strong>Dr. Carlos Lopes Pires<\/li>\n<li><strong>Fecha:<\/strong> 24-04-2008<\/li>\n<li><strong>Descripci\u00f3n: <\/strong><strong> <\/strong>Conferencia,      organizada por el Col\u00b7legi Oficial de Psic\u00f2legs de la Comunitat Valenciana      e impartida el Dr. D. Carlos Lopes Pires, profesor de la Universidad de      Coimbra y Psic\u00f3logo Cl\u00ednico en activo. Especialista en Hipnosis y      tratamientos cognitivos-comportamentales. La conferencia fue presentada      por Rosario Morales (Vocal del Col\u00b7legi Oficial de Psic\u00f2legs de la Comunitat Valenciana).      Para m\u00e1s detalles,<\/li>\n<li>Ver      <a href=\"..\/..\/..\/..\/..\/..\/pdf\/20080424_COPCV_Lopes.pdf\">resumen      (pdf)<\/a> y <a href=\"http:\/\/www.cop-cv.org\/?seccion=noticias&amp;id=691\">video<\/a><\/li>\n<\/ul>\n<p><\/font><br \/>\n<a href=\"http:\/\/www.grupohipnosiscopcv.es\/wordpress\/recursos-para-profesionales\/videos\/%C2%BFque-nos-dice-la-ciencia-sobre-la-hipnosis\/\" target=\"_blank\"><strong>\u00ab\u00bfQu\u00e9 nos dice la ciencia sobre la hipnosis?\u00bb<\/strong><\/a><\/p>\n<ul><font size=2><\/p>\n<li><strong>Impartida por: <\/strong>Dr. Antonio Capafons<\/li>\n<li><strong>Fecha:<\/strong><strong> <\/strong>14-04-2008<\/li>\n<li><strong>Descripci\u00f3n:<\/strong><strong> <\/strong>Conferencia realizada por el Dr.      Antonio Capafons, de la       Facultad de Psicolog\u00eda de la Universidad de      Valencia, el 14-04-2008, en las Jornadas de Psicolog\u00eda de la Universidad Popular      de Yecla (Murcia).<\/li>\n<li><a href=\"http:\/\/www.grupohipnosiscopcv.es\/wordpress\/recursos-para-profesionales\/videos\/%C2%BFque-nos-dice-la-ciencia-sobre-la-hipnosis\/\">Ver video<\/a><\/li>\n<\/ul>\n<p><\/font><\/p>\n","protected":false},"excerpt":{"rendered":"<p>\u00abNeurofisiolog\u00eda de la hipnosis: Desarrollos recientes\u00bb Impartida por: Dr. Juan Lamas Fecha: 10-03-2006 Descripci\u00f3n: Conferencia realizada por el Dr. Juan Lamas, de la Facultad de Psicolog\u00eda de la Universidad de La Coru\u00f1a, el 10-03-2006, en el Colegio Oficial de Psic\u00f3logos de la Comunidad Valenciana (Espa\u00f1a). Ver sumario y video \u00abHipnosis: Bases experimentales y aplicaciones\u00bb Impartida &hellip;<\/p>\n","protected":false},"author":12,"featured_media":0,"parent":29,"menu_order":9,"comment_status":"closed","ping_status":"closed","template":"","meta":{"footnotes":""},"categories":[10],"tags":[],"class_list":["post-134","page","type-page","status-publish","hentry","category-noticias"],"_links":{"self":[{"href":"https:\/\/www.grupohipnosiscopcv.es\/wordpress\/wp-json\/wp\/v2\/pages\/134","targetHints":{"allow":["GET"]}}],"collection":[{"href":"https:\/\/www.grupohipnosiscopcv.es\/wordpress\/wp-json\/wp\/v2\/pages"}],"about":[{"href":"https:\/\/www.grupohipnosiscopcv.es\/wordpress\/wp-json\/wp\/v2\/types\/page"}],"author":[{"embeddable":true,"href":"https:\/\/www.grupohipnosiscopcv.es\/wordpress\/wp-json\/wp\/v2\/users\/12"}],"replies":[{"embeddable":true,"href":"https:\/\/www.grupohipnosiscopcv.es\/wordpress\/wp-json\/wp\/v2\/comments?post=134"}],"version-history":[{"count":4,"href":"https:\/\/www.grupohipnosiscopcv.es\/wordpress\/wp-json\/wp\/v2\/pages\/134\/revisions"}],"predecessor-version":[{"id":721,"href":"https:\/\/www.grupohipnosiscopcv.es\/wordpress\/wp-json\/wp\/v2\/pages\/134\/revisions\/721"}],"up":[{"embeddable":true,"href":"https:\/\/www.grupohipnosiscopcv.es\/wordpress\/wp-json\/wp\/v2\/pages\/29"}],"wp:attachment":[{"href":"https:\/\/www.grupohipnosiscopcv.es\/wordpress\/wp-json\/wp\/v2\/media?parent=134"}],"wp:term":[{"taxonomy":"category","embeddable":true,"href":"https:\/\/www.grupohipnosiscopcv.es\/wordpress\/wp-json\/wp\/v2\/categories?post=134"},{"taxonomy":"post_tag","embeddable":true,"href":"https:\/\/www.grupohipnosiscopcv.es\/wordpress\/wp-json\/wp\/v2\/tags?post=134"}],"curies":[{"name":"wp","href":"https:\/\/api.w.org\/{rel}","templated":true}]}}