{"id":1334,"date":"2011-12-02T16:04:29","date_gmt":"2011-12-02T15:04:29","guid":{"rendered":"http:\/\/www.grupohipnosiscopcv.es\/wordpress\/?page_id=1334"},"modified":"2012-01-20T23:53:12","modified_gmt":"2012-01-20T22:53:12","slug":"de-beltran-climent-adelino","status":"publish","type":"page","link":"https:\/\/www.grupohipnosiscopcv.es\/wordpress\/informacion-para-usuarios\/profesionales-cualificados\/de-beltran-climent-adelino\/","title":{"rendered":"de Beltr\u00e1n Climent, Adelino"},"content":{"rendered":"<div>\n<p><strong>Titulaci\u00f3n universitaria:<\/strong><\/p>\n<p>Licenciado en Psicolog\u00eda<\/p>\n<p><strong>Colegiado:<\/strong><\/p>\n<p>10467 Colegio Oficial de Psic\u00f3logos de la Comunidad Valenciana<\/p>\n<p><strong>Titulaci\u00f3n o estudios de hipnosis:<\/strong><\/p>\n<p>Especialista Universitario en Hipnosis cl\u00ednica (UNED)<\/p>\n<p>Curso \u201cLa hipnosis y sus aplicaciones cl\u00ednicas: desarrollo y profundizaci\u00f3n\u201d. Impartido por el COPCV.<\/p>\n<p><strong>Temas que trata:<\/strong><\/p>\n<p>Terapias de Autocontrol. Adicciones: alcohol, tabaco. Ansiedad. Depresi\u00f3n. En general, cualquier terapia psicol\u00f3gica en la que la hipnosis pueda ser usada como apoyo al tratamiento.<\/p>\n<p><strong>Datos de contacto:<\/strong><\/p>\n<p>aspsicologia.hipnosis@gmail.com<\/p>\n<p><a href=\"mailto:aspsicologia.hipnosis@gmail.com\"><\/a>M\u00f3vil<span style=\"font-size: 13px; line-height: 19px;\">: 628184832<\/span><\/p>\n<p><strong>Otros datos:<\/strong><\/p>\n<p>Consulta en Denia (Alicante)<\/p>\n<\/div>\n<p>&nbsp;<\/p>\n","protected":false},"excerpt":{"rendered":"<p>Titulaci\u00f3n universitaria: Licenciado en Psicolog\u00eda Colegiado: 10467 Colegio Oficial de Psic\u00f3logos de la Comunidad Valenciana Titulaci\u00f3n o estudios de hipnosis: Especialista Universitario en Hipnosis cl\u00ednica (UNED) Curso \u201cLa hipnosis y sus aplicaciones cl\u00ednicas: desarrollo y profundizaci\u00f3n\u201d. Impartido por el COPCV. Temas que trata: Terapias de Autocontrol. Adicciones: alcohol, tabaco. Ansiedad. Depresi\u00f3n. En general, cualquier terapia &hellip;<\/p>\n","protected":false},"author":12,"featured_media":0,"parent":38,"menu_order":32,"comment_status":"closed","ping_status":"closed","template":"","meta":{"footnotes":""},"categories":[],"tags":[],"class_list":["post-1334","page","type-page","status-publish","hentry"],"_links":{"self":[{"href":"https:\/\/www.grupohipnosiscopcv.es\/wordpress\/wp-json\/wp\/v2\/pages\/1334","targetHints":{"allow":["GET"]}}],"collection":[{"href":"https:\/\/www.grupohipnosiscopcv.es\/wordpress\/wp-json\/wp\/v2\/pages"}],"about":[{"href":"https:\/\/www.grupohipnosiscopcv.es\/wordpress\/wp-json\/wp\/v2\/types\/page"}],"author":[{"embeddable":true,"href":"https:\/\/www.grupohipnosiscopcv.es\/wordpress\/wp-json\/wp\/v2\/users\/12"}],"replies":[{"embeddable":true,"href":"https:\/\/www.grupohipnosiscopcv.es\/wordpress\/wp-json\/wp\/v2\/comments?post=1334"}],"version-history":[{"count":5,"href":"https:\/\/www.grupohipnosiscopcv.es\/wordpress\/wp-json\/wp\/v2\/pages\/1334\/revisions"}],"predecessor-version":[{"id":1463,"href":"https:\/\/www.grupohipnosiscopcv.es\/wordpress\/wp-json\/wp\/v2\/pages\/1334\/revisions\/1463"}],"up":[{"embeddable":true,"href":"https:\/\/www.grupohipnosiscopcv.es\/wordpress\/wp-json\/wp\/v2\/pages\/38"}],"wp:attachment":[{"href":"https:\/\/www.grupohipnosiscopcv.es\/wordpress\/wp-json\/wp\/v2\/media?parent=1334"}],"wp:term":[{"taxonomy":"category","embeddable":true,"href":"https:\/\/www.grupohipnosiscopcv.es\/wordpress\/wp-json\/wp\/v2\/categories?post=1334"},{"taxonomy":"post_tag","embeddable":true,"href":"https:\/\/www.grupohipnosiscopcv.es\/wordpress\/wp-json\/wp\/v2\/tags?post=1334"}],"curies":[{"name":"wp","href":"https:\/\/api.w.org\/{rel}","templated":true}]}}