{"id":133,"date":"2010-02-27T22:30:25","date_gmt":"2010-02-27T21:30:25","guid":{"rendered":"http:\/\/www.grupohipnosiscopcv.es\/wordpress\/el-doctor-zoe\/"},"modified":"2010-06-09T20:04:54","modified_gmt":"2010-06-09T19:04:54","slug":"el-doctor-zoe","status":"publish","type":"page","link":"https:\/\/www.grupohipnosiscopcv.es\/wordpress\/informacion-para-usuarios\/profesionales-no-cualificados\/el-doctor-zoe\/","title":{"rendered":"El Doctor Zoe"},"content":{"rendered":"<p style=\"text-align: center;\">\n<p style=\"text-align: center;\"><span style=\"color: #800000;\"><span style=\"font-size: medium;\"><strong><a href=\"http:\/\/www.grupohipnosiscopcv.es\/wordpress\/wp-content\/uploads\/2010\/02\/zoe.jpg\"><img loading=\"lazy\" decoding=\"async\" class=\"aligncenter size-thumbnail wp-image-724\" title=\"zoe\" src=\"http:\/\/www.grupohipnosiscopcv.es\/wordpress\/wp-content\/uploads\/2010\/02\/zoe-150x150.jpg\" alt=\"Doctor Zoe\" width=\"150\" height=\"150\" \/><\/a><br \/>\n<\/strong><\/span><\/span><\/p>\n<p><span style=\"color: #800000; font-size: medium;\"><strong>Hipnoterapeuta acreditado<\/strong><\/span><\/p>\n<p>En este apartado se incluyen dos art\u00edculos traducidos por el Grupo de Trabajo de Hipnosis Psicol\u00f3gica, con autorizaci\u00f3n de su autor, y que reflejan lo f\u00e1cil que resulta acreditar, incluso a un gato, con titulaciones y diplomas, expedidos por \u00abf\u00e1bricas de diplomas\u00bb y \u00abprestigiosas\u00bb asociaciones de hipnoterapeutas legos, algo que deber\u00eda hacer reflexionar a quien acuda, o piense acudir, a estos pseudoprofesionales sobre las garant\u00edas que ofrecen sus \u00abtitulaciones\u00bb y \u00abacreditaciones\u00bb. La versi\u00f3n original, en ingl\u00e9s, puede consultarse en el siguiente enlace:<a href=\"http:\/\/www.dreichel.com\/Articles\/Dr_Zoe.htm\">http:\/\/www.dreichel.com\/Articles\/Dr_Zoe.htm<\/a><\/p>\n<ul>\n<li><a href=\"http:\/\/www.grupohipnosiscopcv.es\/wordpress\/informacion-para-usuarios\/profesionales-no-cualificados\/el-doctor-zoe\/acreditacion-puede-no-ser-el-maullido-del-gato\/\" target=\"_blank\">Acreditaci\u00f3n: puede no ser el maullido del gato<\/a><\/li>\n<li><a href=\"este-gato-no-es-un-hipnotizador-o-como-buscar-un-hipnotizador-cualificado\" target=\"_blank\">Este gato no es un Hipnotizador \u00a0O \u00a0C\u00f3mo buscar un hipnotizador cualificado<\/a><\/li>\n<\/ul>\n","protected":false},"excerpt":{"rendered":"<p>Hipnoterapeuta acreditado En este apartado se incluyen dos art\u00edculos traducidos por el Grupo de Trabajo de Hipnosis Psicol\u00f3gica, con autorizaci\u00f3n de su autor, y que reflejan lo f\u00e1cil que resulta acreditar, incluso a un gato, con titulaciones y diplomas, expedidos por \u00abf\u00e1bricas de diplomas\u00bb y \u00abprestigiosas\u00bb asociaciones de hipnoterapeutas legos, algo que deber\u00eda hacer reflexionar &hellip;<\/p>\n","protected":false},"author":12,"featured_media":0,"parent":39,"menu_order":2,"comment_status":"closed","ping_status":"closed","template":"","meta":{"footnotes":""},"categories":[10],"tags":[],"class_list":["post-133","page","type-page","status-publish","hentry","category-noticias"],"_links":{"self":[{"href":"https:\/\/www.grupohipnosiscopcv.es\/wordpress\/wp-json\/wp\/v2\/pages\/133","targetHints":{"allow":["GET"]}}],"collection":[{"href":"https:\/\/www.grupohipnosiscopcv.es\/wordpress\/wp-json\/wp\/v2\/pages"}],"about":[{"href":"https:\/\/www.grupohipnosiscopcv.es\/wordpress\/wp-json\/wp\/v2\/types\/page"}],"author":[{"embeddable":true,"href":"https:\/\/www.grupohipnosiscopcv.es\/wordpress\/wp-json\/wp\/v2\/users\/12"}],"replies":[{"embeddable":true,"href":"https:\/\/www.grupohipnosiscopcv.es\/wordpress\/wp-json\/wp\/v2\/comments?post=133"}],"version-history":[{"count":5,"href":"https:\/\/www.grupohipnosiscopcv.es\/wordpress\/wp-json\/wp\/v2\/pages\/133\/revisions"}],"predecessor-version":[{"id":726,"href":"https:\/\/www.grupohipnosiscopcv.es\/wordpress\/wp-json\/wp\/v2\/pages\/133\/revisions\/726"}],"up":[{"embeddable":true,"href":"https:\/\/www.grupohipnosiscopcv.es\/wordpress\/wp-json\/wp\/v2\/pages\/39"}],"wp:attachment":[{"href":"https:\/\/www.grupohipnosiscopcv.es\/wordpress\/wp-json\/wp\/v2\/media?parent=133"}],"wp:term":[{"taxonomy":"category","embeddable":true,"href":"https:\/\/www.grupohipnosiscopcv.es\/wordpress\/wp-json\/wp\/v2\/categories?post=133"},{"taxonomy":"post_tag","embeddable":true,"href":"https:\/\/www.grupohipnosiscopcv.es\/wordpress\/wp-json\/wp\/v2\/tags?post=133"}],"curies":[{"name":"wp","href":"https:\/\/api.w.org\/{rel}","templated":true}]}}